{"id":7882,"date":"2025-01-09T19:58:22","date_gmt":"2025-01-09T19:58:22","guid":{"rendered":"https:\/\/vxmventaspormayor.cl\/vxm\/?post_type=product&#038;p=7882"},"modified":"2025-01-09T19:58:23","modified_gmt":"2025-01-09T19:58:23","slug":"bolsa-algodon-para-pintar","status":"publish","type":"product","link":"https:\/\/www.vxmventaspormayor.cl\/vxm\/producto\/bolsa-algodon-para-pintar\/","title":{"rendered":"bolsa algodon para pintar"},"content":{"rendered":"","protected":false},"excerpt":{"rendered":"<h1>Bolsa algod\u00f3n para pintar<\/h1>\n<p>&nbsp;<\/p>\n<h3>Personaliza y Crea tu Estilo<\/h3>\n<p>&nbsp;<\/p>\n<p>La bolsa no va pintada va impresa con una tematica a elecci\u00f3n para pintar<\/p>\n<p><strong>\u00a1Transforma tu creatividad en arte con nuestra bolsa para pintar de 42&#215;38 cm!<\/strong> Este producto no solo es ecol\u00f3gico y reutilizable, sino que tambi\u00e9n ofrece un espacio perfecto para dejar volar tu imaginaci\u00f3n. Ideal para todos\u00a0 eventos de arte ,adultos y eventos art\u00edsticos, esta bolsa combina funcionalidad y dise\u00f1o personalizable.<\/p>\n<p>&nbsp;<\/p>\n<p>Mayoristas escribenos al whatsapp<\/p>\n<p>&nbsp;<\/p>\n","protected":false},"featured_media":7883,"comment_status":"closed","ping_status":"closed","template":"","meta":[],"product_brand":[],"product_cat":[134,97],"product_tag":[],"class_list":{"0":"post-7882","1":"product","2":"type-product","3":"status-publish","4":"has-post-thumbnail","6":"product_cat-bolsas-para-pintar","7":"product_cat-bolsas-publicitarias","8":"thunk-woo-product-list","9":"opn-qv-enable","10":"top-store-woo-hover-zoom","11":"top-store-single-product-tab-horizontal","12":"top-store-shadow-","13":"top-store-shadow-hover-","15":"first","16":"instock","17":"taxable","18":"shipping-taxable","19":"purchasable","20":"product-type-simple"},"_links":{"self":[{"href":"https:\/\/www.vxmventaspormayor.cl\/vxm\/wp-json\/wp\/v2\/product\/7882","targetHints":{"allow":["GET"]}}],"collection":[{"href":"https:\/\/www.vxmventaspormayor.cl\/vxm\/wp-json\/wp\/v2\/product"}],"about":[{"href":"https:\/\/www.vxmventaspormayor.cl\/vxm\/wp-json\/wp\/v2\/types\/product"}],"replies":[{"embeddable":true,"href":"https:\/\/www.vxmventaspormayor.cl\/vxm\/wp-json\/wp\/v2\/comments?post=7882"}],"wp:featuredmedia":[{"embeddable":true,"href":"https:\/\/www.vxmventaspormayor.cl\/vxm\/wp-json\/wp\/v2\/media\/7883"}],"wp:attachment":[{"href":"https:\/\/www.vxmventaspormayor.cl\/vxm\/wp-json\/wp\/v2\/media?parent=7882"}],"wp:term":[{"taxonomy":"product_brand","embeddable":true,"href":"https:\/\/www.vxmventaspormayor.cl\/vxm\/wp-json\/wp\/v2\/product_brand?post=7882"},{"taxonomy":"product_cat","embeddable":true,"href":"https:\/\/www.vxmventaspormayor.cl\/vxm\/wp-json\/wp\/v2\/product_cat?post=7882"},{"taxonomy":"product_tag","embeddable":true,"href":"https:\/\/www.vxmventaspormayor.cl\/vxm\/wp-json\/wp\/v2\/product_tag?post=7882"}],"curies":[{"name":"wp","href":"https:\/\/api.w.org\/{rel}","templated":true}]}}