{"id":7880,"date":"2025-01-09T19:49:28","date_gmt":"2025-01-09T19:49:28","guid":{"rendered":"https:\/\/vxmventaspormayor.cl\/vxm\/?post_type=product&#038;p=7880"},"modified":"2025-01-09T19:51:27","modified_gmt":"2025-01-09T19:51:27","slug":"bolsa-para-pintar","status":"publish","type":"product","link":"https:\/\/www.vxmventaspormayor.cl\/vxm\/producto\/bolsa-para-pintar\/","title":{"rendered":"Bolsa para pintar"},"content":{"rendered":"<p>Mayoristas escribenos al whatsapp<\/p>\n","protected":false},"excerpt":{"rendered":"<p><strong>Bolsa para Pintar 42&#215;38 cm &#8211; Creatividad y Funcionalidad en un Solo Producto<\/strong><\/p>\n<p>La bolsa no va pintada va impresa con la imagen que el cliente guste para pintar.<\/p>\n<p>Descubre la <strong>bolsa para pintar de 42&#215;38 cm<\/strong>, dise\u00f1ada para fomentar la creatividad y ofrecer practicidad en el d\u00eda a d\u00eda. algod\u00f3n, esta bolsa ecol\u00f3gica es ideal para actividades art\u00edsticas y personalizaci\u00f3n. perfectas para\u00a0 quienes disfrutan de expresar su estilo \u00fanico.<\/p>\n<h4>Caracter\u00edsticas:<\/h4>\n<ul>\n<li><strong>Tama\u00f1o:<\/strong> 42 cm de ancho x 38 cm de alto, ideal para llevar libros, materiales escolares o compras ligeras.<\/li>\n<\/ul>\n","protected":false},"featured_media":7881,"comment_status":"closed","ping_status":"closed","template":"","meta":[],"product_brand":[],"product_cat":[134,97],"product_tag":[],"class_list":{"0":"post-7880","1":"product","2":"type-product","3":"status-publish","4":"has-post-thumbnail","6":"product_cat-bolsas-para-pintar","7":"product_cat-bolsas-publicitarias","8":"thunk-woo-product-list","9":"opn-qv-enable","10":"top-store-woo-hover-zoom","11":"top-store-single-product-tab-horizontal","12":"top-store-shadow-","13":"top-store-shadow-hover-","15":"first","16":"instock","17":"taxable","18":"shipping-taxable","19":"purchasable","20":"product-type-simple"},"_links":{"self":[{"href":"https:\/\/www.vxmventaspormayor.cl\/vxm\/wp-json\/wp\/v2\/product\/7880","targetHints":{"allow":["GET"]}}],"collection":[{"href":"https:\/\/www.vxmventaspormayor.cl\/vxm\/wp-json\/wp\/v2\/product"}],"about":[{"href":"https:\/\/www.vxmventaspormayor.cl\/vxm\/wp-json\/wp\/v2\/types\/product"}],"replies":[{"embeddable":true,"href":"https:\/\/www.vxmventaspormayor.cl\/vxm\/wp-json\/wp\/v2\/comments?post=7880"}],"wp:featuredmedia":[{"embeddable":true,"href":"https:\/\/www.vxmventaspormayor.cl\/vxm\/wp-json\/wp\/v2\/media\/7881"}],"wp:attachment":[{"href":"https:\/\/www.vxmventaspormayor.cl\/vxm\/wp-json\/wp\/v2\/media?parent=7880"}],"wp:term":[{"taxonomy":"product_brand","embeddable":true,"href":"https:\/\/www.vxmventaspormayor.cl\/vxm\/wp-json\/wp\/v2\/product_brand?post=7880"},{"taxonomy":"product_cat","embeddable":true,"href":"https:\/\/www.vxmventaspormayor.cl\/vxm\/wp-json\/wp\/v2\/product_cat?post=7880"},{"taxonomy":"product_tag","embeddable":true,"href":"https:\/\/www.vxmventaspormayor.cl\/vxm\/wp-json\/wp\/v2\/product_tag?post=7880"}],"curies":[{"name":"wp","href":"https:\/\/api.w.org\/{rel}","templated":true}]}}