{"id":7554,"date":"2024-06-27T00:01:52","date_gmt":"2024-06-27T00:01:52","guid":{"rendered":"https:\/\/vxmventaspormayor.cl\/vxm\/?post_type=product&#038;p=7554"},"modified":"2024-06-27T00:01:54","modified_gmt":"2024-06-27T00:01:54","slug":"set-bolso-cooler-parrillero","status":"publish","type":"product","link":"https:\/\/www.vxmventaspormayor.cl\/vxm\/producto\/set-bolso-cooler-parrillero\/","title":{"rendered":"Set bolso cooler parrillero"},"content":{"rendered":"","protected":false},"excerpt":{"rendered":"<p>Set bolso cooler parrillero<\/p>\n<p>Bolso de viaje 4-en-1, que incluye un bolso, una nevera port\u00e1til, una parrilla y 9 herramientas BBQ con mango de madera. Perfecto para viajes, camping y picnic. Un conjunto vers\u00e1til y pr\u00e1ctico para disfrutar de comidas al aire libre en cualquier lugar.<\/p>\n<p>\u2022 Tama\u00f1o: 51 x 32 x 22 cm. \/ Parrilla met\u00e1lica: 49 x 28 x 17 cm.<br \/>\n\u2022 Colores:Negro con detalles grises (08)<br \/>\n\u2022 Sugerencia: Serigraf\u00eda, Bordado<br \/>\n\u2022 Presentaci\u00f3n: Caja de cart\u00f3n.<br \/>\n\u2022 Material: Poli\u00e9ster 600D, Acero inoxidable, Acero enlozado.<\/p>\n","protected":false},"featured_media":7555,"comment_status":"closed","ping_status":"closed","template":"","meta":[],"product_brand":[],"product_cat":[60,89],"product_tag":[],"class_list":{"0":"post-7554","1":"product","2":"type-product","3":"status-publish","4":"has-post-thumbnail","6":"product_cat-parrilla-y-bbq","7":"product_cat-regalos-18-de-septiembre","8":"thunk-woo-product-list","9":"opn-qv-enable","10":"top-store-woo-hover-zoom","11":"top-store-single-product-tab-horizontal","12":"top-store-shadow-","13":"top-store-shadow-hover-","15":"first","16":"instock","17":"sale","18":"taxable","19":"shipping-taxable","20":"purchasable","21":"product-type-simple"},"_links":{"self":[{"href":"https:\/\/www.vxmventaspormayor.cl\/vxm\/wp-json\/wp\/v2\/product\/7554","targetHints":{"allow":["GET"]}}],"collection":[{"href":"https:\/\/www.vxmventaspormayor.cl\/vxm\/wp-json\/wp\/v2\/product"}],"about":[{"href":"https:\/\/www.vxmventaspormayor.cl\/vxm\/wp-json\/wp\/v2\/types\/product"}],"replies":[{"embeddable":true,"href":"https:\/\/www.vxmventaspormayor.cl\/vxm\/wp-json\/wp\/v2\/comments?post=7554"}],"wp:featuredmedia":[{"embeddable":true,"href":"https:\/\/www.vxmventaspormayor.cl\/vxm\/wp-json\/wp\/v2\/media\/7555"}],"wp:attachment":[{"href":"https:\/\/www.vxmventaspormayor.cl\/vxm\/wp-json\/wp\/v2\/media?parent=7554"}],"wp:term":[{"taxonomy":"product_brand","embeddable":true,"href":"https:\/\/www.vxmventaspormayor.cl\/vxm\/wp-json\/wp\/v2\/product_brand?post=7554"},{"taxonomy":"product_cat","embeddable":true,"href":"https:\/\/www.vxmventaspormayor.cl\/vxm\/wp-json\/wp\/v2\/product_cat?post=7554"},{"taxonomy":"product_tag","embeddable":true,"href":"https:\/\/www.vxmventaspormayor.cl\/vxm\/wp-json\/wp\/v2\/product_tag?post=7554"}],"curies":[{"name":"wp","href":"https:\/\/api.w.org\/{rel}","templated":true}]}}