{"id":7442,"date":"2023-12-01T14:11:58","date_gmt":"2023-12-01T14:11:58","guid":{"rendered":"https:\/\/vxmventaspormayor.cl\/vxm\/?post_type=product&#038;p=7442"},"modified":"2023-12-01T14:11:59","modified_gmt":"2023-12-01T14:11:59","slug":"caja-de-carton","status":"publish","type":"product","link":"https:\/\/www.vxmventaspormayor.cl\/vxm\/producto\/caja-de-carton\/","title":{"rendered":"Caja de cart\u00f3n"},"content":{"rendered":"","protected":false},"excerpt":{"rendered":"<p>Caja de cart\u00f3n para presentaci\u00f3n<\/p>\n<p>Consultar venta minima<\/p>\n<p>&nbsp;<\/p>\n<p>Caja autoarmable 32x22x9 cm<\/p>\n","protected":false},"featured_media":7443,"comment_status":"closed","ping_status":"closed","template":"","meta":[],"product_brand":[],"product_cat":[70,97,93],"product_tag":[],"class_list":{"0":"post-7442","1":"product","2":"type-product","3":"status-publish","4":"has-post-thumbnail","6":"product_cat-belleza-y-salud","7":"product_cat-bolsas-publicitarias","8":"product_cat-packaging-y-bolsas-transparentes","9":"thunk-woo-product-list","10":"opn-qv-enable","11":"top-store-woo-hover-zoom","12":"top-store-single-product-tab-horizontal","13":"top-store-shadow-","14":"top-store-shadow-hover-","16":"first","17":"instock","18":"taxable","19":"shipping-taxable","20":"product-type-simple"},"_links":{"self":[{"href":"https:\/\/www.vxmventaspormayor.cl\/vxm\/wp-json\/wp\/v2\/product\/7442","targetHints":{"allow":["GET"]}}],"collection":[{"href":"https:\/\/www.vxmventaspormayor.cl\/vxm\/wp-json\/wp\/v2\/product"}],"about":[{"href":"https:\/\/www.vxmventaspormayor.cl\/vxm\/wp-json\/wp\/v2\/types\/product"}],"replies":[{"embeddable":true,"href":"https:\/\/www.vxmventaspormayor.cl\/vxm\/wp-json\/wp\/v2\/comments?post=7442"}],"wp:featuredmedia":[{"embeddable":true,"href":"https:\/\/www.vxmventaspormayor.cl\/vxm\/wp-json\/wp\/v2\/media\/7443"}],"wp:attachment":[{"href":"https:\/\/www.vxmventaspormayor.cl\/vxm\/wp-json\/wp\/v2\/media?parent=7442"}],"wp:term":[{"taxonomy":"product_brand","embeddable":true,"href":"https:\/\/www.vxmventaspormayor.cl\/vxm\/wp-json\/wp\/v2\/product_brand?post=7442"},{"taxonomy":"product_cat","embeddable":true,"href":"https:\/\/www.vxmventaspormayor.cl\/vxm\/wp-json\/wp\/v2\/product_cat?post=7442"},{"taxonomy":"product_tag","embeddable":true,"href":"https:\/\/www.vxmventaspormayor.cl\/vxm\/wp-json\/wp\/v2\/product_tag?post=7442"}],"curies":[{"name":"wp","href":"https:\/\/api.w.org\/{rel}","templated":true}]}}