{"id":7350,"date":"2023-10-13T13:36:34","date_gmt":"2023-10-13T13:36:34","guid":{"rendered":"https:\/\/vxmventaspormayor.cl\/vxm\/?post_type=product&#038;p=7350"},"modified":"2023-10-13T14:26:25","modified_gmt":"2023-10-13T14:26:25","slug":"llaveros-cinta-raso","status":"publish","type":"product","link":"https:\/\/www.vxmventaspormayor.cl\/vxm\/producto\/llaveros-cinta-raso\/","title":{"rendered":"llaveros cinta raso"},"content":{"rendered":"<h2>llaveros cinta raso blanca<\/h2>\n<p>La cinta de raso blanca para sublimar y estampar con tu logo es un material vers\u00e1til y atractivo que brinda numerosos beneficios para promocionar tu marca de manera efectiva. Este tipo de cinta ofrece una base neutra y limpia que permite resaltar y personalizar con facilidad, permitiendo la reproducci\u00f3n la la imagen que quieras en tus llaveros.<\/p>\n<p>&nbsp;<\/p>\n","protected":false},"excerpt":{"rendered":"<p>Valor por unidad<\/p>\n<p>venta minima 100 unidades<\/p>\n<p>Los llaveros de cinta de raso en variedad de colores corporativos son accesorios vers\u00e1tiles y atractivos dise\u00f1ados para representar la identidad y marca de una empresa. Estos llaveros est\u00e1n fabricados con cintas de raso en diferentes tonalidades que coinciden con la paleta de colores de la empresa.<\/p>\n","protected":false},"featured_media":7356,"comment_status":"closed","ping_status":"closed","template":"","meta":[],"product_brand":[],"product_cat":[90],"product_tag":[],"class_list":{"0":"post-7350","1":"product","2":"type-product","3":"status-publish","4":"has-post-thumbnail","6":"product_cat-llaveros-personalizados","7":"thunk-woo-product-list","8":"opn-qv-enable","9":"top-store-woo-hover-zoom","10":"top-store-single-product-tab-horizontal","11":"top-store-shadow-","12":"top-store-shadow-hover-","14":"first","15":"instock","16":"taxable","17":"shipping-taxable","18":"purchasable","19":"product-type-simple"},"_links":{"self":[{"href":"https:\/\/www.vxmventaspormayor.cl\/vxm\/wp-json\/wp\/v2\/product\/7350","targetHints":{"allow":["GET"]}}],"collection":[{"href":"https:\/\/www.vxmventaspormayor.cl\/vxm\/wp-json\/wp\/v2\/product"}],"about":[{"href":"https:\/\/www.vxmventaspormayor.cl\/vxm\/wp-json\/wp\/v2\/types\/product"}],"replies":[{"embeddable":true,"href":"https:\/\/www.vxmventaspormayor.cl\/vxm\/wp-json\/wp\/v2\/comments?post=7350"}],"wp:featuredmedia":[{"embeddable":true,"href":"https:\/\/www.vxmventaspormayor.cl\/vxm\/wp-json\/wp\/v2\/media\/7356"}],"wp:attachment":[{"href":"https:\/\/www.vxmventaspormayor.cl\/vxm\/wp-json\/wp\/v2\/media?parent=7350"}],"wp:term":[{"taxonomy":"product_brand","embeddable":true,"href":"https:\/\/www.vxmventaspormayor.cl\/vxm\/wp-json\/wp\/v2\/product_brand?post=7350"},{"taxonomy":"product_cat","embeddable":true,"href":"https:\/\/www.vxmventaspormayor.cl\/vxm\/wp-json\/wp\/v2\/product_cat?post=7350"},{"taxonomy":"product_tag","embeddable":true,"href":"https:\/\/www.vxmventaspormayor.cl\/vxm\/wp-json\/wp\/v2\/product_tag?post=7350"}],"curies":[{"name":"wp","href":"https:\/\/api.w.org\/{rel}","templated":true}]}}