{"id":7327,"date":"2023-10-11T22:23:53","date_gmt":"2023-10-11T22:23:53","guid":{"rendered":"https:\/\/vxmventaspormayor.cl\/vxm\/?post_type=product&#038;p=7327"},"modified":"2023-10-11T22:23:55","modified_gmt":"2023-10-11T22:23:55","slug":"pack-lonchera-y-manta-polar","status":"publish","type":"product","link":"https:\/\/www.vxmventaspormayor.cl\/vxm\/producto\/pack-lonchera-y-manta-polar\/","title":{"rendered":"Pack Lonchera y manta polar"},"content":{"rendered":"<h2>Pack Lonchera y manta polar regalos dia de la madre ,colaboradores ,corporativos.<\/h2>\n<p>&nbsp;<\/p>\n<p>&nbsp;<\/p>\n","protected":false},"excerpt":{"rendered":"<p>Pack Lonchera y manta polar<\/p>\n<p>Valor por 1 unidad<\/p>\n<p>venta minima 10 unidades<\/p>\n<p>Regala a mam\u00e1 y equipo\u00a0 un conjunto encantador: una lonchera t\u00e9rmica para disfrutar comidas frescas en cualquier lugar y una manta de polar 100&#215;1.45 c\u00e1lida para momentos acogedores. Es el regalo perfecto para consentirla en su d\u00eda especial, combinando funcionalidad y \u00abAfecto en un paquete encantador y \u00fatil para llevar a todo lugar.<\/p>\n","protected":false},"featured_media":7328,"comment_status":"closed","ping_status":"closed","template":"","meta":[],"product_brand":[],"product_cat":[102,69,61],"product_tag":[],"class_list":{"0":"post-7327","1":"product","2":"type-product","3":"status-publish","4":"has-post-thumbnail","6":"product_cat-regalos-dia-de-la-madre","7":"product_cat-belleza-y-mujer","8":"product_cat-regalos-verano","9":"thunk-woo-product-list","10":"opn-qv-enable","11":"top-store-woo-hover-zoom","12":"top-store-single-product-tab-horizontal","13":"top-store-shadow-","14":"top-store-shadow-hover-","16":"first","17":"instock","18":"taxable","19":"shipping-taxable","20":"purchasable","21":"product-type-simple"},"_links":{"self":[{"href":"https:\/\/www.vxmventaspormayor.cl\/vxm\/wp-json\/wp\/v2\/product\/7327","targetHints":{"allow":["GET"]}}],"collection":[{"href":"https:\/\/www.vxmventaspormayor.cl\/vxm\/wp-json\/wp\/v2\/product"}],"about":[{"href":"https:\/\/www.vxmventaspormayor.cl\/vxm\/wp-json\/wp\/v2\/types\/product"}],"replies":[{"embeddable":true,"href":"https:\/\/www.vxmventaspormayor.cl\/vxm\/wp-json\/wp\/v2\/comments?post=7327"}],"wp:featuredmedia":[{"embeddable":true,"href":"https:\/\/www.vxmventaspormayor.cl\/vxm\/wp-json\/wp\/v2\/media\/7328"}],"wp:attachment":[{"href":"https:\/\/www.vxmventaspormayor.cl\/vxm\/wp-json\/wp\/v2\/media?parent=7327"}],"wp:term":[{"taxonomy":"product_brand","embeddable":true,"href":"https:\/\/www.vxmventaspormayor.cl\/vxm\/wp-json\/wp\/v2\/product_brand?post=7327"},{"taxonomy":"product_cat","embeddable":true,"href":"https:\/\/www.vxmventaspormayor.cl\/vxm\/wp-json\/wp\/v2\/product_cat?post=7327"},{"taxonomy":"product_tag","embeddable":true,"href":"https:\/\/www.vxmventaspormayor.cl\/vxm\/wp-json\/wp\/v2\/product_tag?post=7327"}],"curies":[{"name":"wp","href":"https:\/\/api.w.org\/{rel}","templated":true}]}}