{"id":7315,"date":"2023-10-11T16:01:56","date_gmt":"2023-10-11T16:01:56","guid":{"rendered":"https:\/\/vxmventaspormayor.cl\/vxm\/?post_type=product&#038;p=7315"},"modified":"2025-10-21T17:58:36","modified_gmt":"2025-10-21T17:58:36","slug":"pendrive-de-carton-ecologico","status":"publish","type":"product","link":"https:\/\/www.vxmventaspormayor.cl\/vxm\/producto\/pendrive-de-carton-ecologico\/","title":{"rendered":"Pendrive de carton ecologico"},"content":{"rendered":"<p>Nuestro pendrive de carton ecol\u00f3gico, m\u00e1s que un dispositivo de almacenamiento, es un eco-aliado que transmite tu compromiso con el planeta. Su dise\u00f1o sostenible no solo almacena tus archivos, sino tambi\u00e9n tu responsabilidad ambiental. Como regalo corporativo, cautiva a tus colaboradores , mostrando tu empresa como l\u00edder en sostenibilidad.Es la herramienta perfecta para compartir presentaciones y guardar datos importantes.<\/p>\n","protected":false},"excerpt":{"rendered":"<p>Pendrive de cart\u00f3n ecologico\u00a0 64GB valor por 1 unidad<\/p>\n<p>venta minima 20 unidades<\/p>\n<p>USB Pendrive 2.0 cil\u00edndrico de 64GB de capacidad, 100% en cart\u00f3n . Presentaci\u00f3n en estuche de cartulina<\/p>\n<p>Pendrive cilindro 6.8 x D1.8 cm \/ Estuche 9 x 4 x 2.5 cm<\/p>\n<p>&nbsp;<\/p>\n","protected":false},"featured_media":7316,"comment_status":"closed","ping_status":"closed","template":"","meta":[],"product_brand":[],"product_cat":[101],"product_tag":[],"class_list":{"0":"post-7315","1":"product","2":"type-product","3":"status-publish","4":"has-post-thumbnail","6":"product_cat-pendrive-por-mayor-personalizados","7":"thunk-woo-product-list","8":"opn-qv-enable","9":"top-store-woo-hover-zoom","10":"top-store-single-product-tab-horizontal","11":"top-store-shadow-","12":"top-store-shadow-hover-","14":"first","15":"instock","16":"taxable","17":"shipping-taxable","18":"purchasable","19":"product-type-simple"},"_links":{"self":[{"href":"https:\/\/www.vxmventaspormayor.cl\/vxm\/wp-json\/wp\/v2\/product\/7315","targetHints":{"allow":["GET"]}}],"collection":[{"href":"https:\/\/www.vxmventaspormayor.cl\/vxm\/wp-json\/wp\/v2\/product"}],"about":[{"href":"https:\/\/www.vxmventaspormayor.cl\/vxm\/wp-json\/wp\/v2\/types\/product"}],"replies":[{"embeddable":true,"href":"https:\/\/www.vxmventaspormayor.cl\/vxm\/wp-json\/wp\/v2\/comments?post=7315"}],"wp:featuredmedia":[{"embeddable":true,"href":"https:\/\/www.vxmventaspormayor.cl\/vxm\/wp-json\/wp\/v2\/media\/7316"}],"wp:attachment":[{"href":"https:\/\/www.vxmventaspormayor.cl\/vxm\/wp-json\/wp\/v2\/media?parent=7315"}],"wp:term":[{"taxonomy":"product_brand","embeddable":true,"href":"https:\/\/www.vxmventaspormayor.cl\/vxm\/wp-json\/wp\/v2\/product_brand?post=7315"},{"taxonomy":"product_cat","embeddable":true,"href":"https:\/\/www.vxmventaspormayor.cl\/vxm\/wp-json\/wp\/v2\/product_cat?post=7315"},{"taxonomy":"product_tag","embeddable":true,"href":"https:\/\/www.vxmventaspormayor.cl\/vxm\/wp-json\/wp\/v2\/product_tag?post=7315"}],"curies":[{"name":"wp","href":"https:\/\/api.w.org\/{rel}","templated":true}]}}