{"id":7309,"date":"2023-10-11T15:00:22","date_gmt":"2023-10-11T15:00:22","guid":{"rendered":"https:\/\/vxmventaspormayor.cl\/vxm\/?post_type=product&#038;p=7309"},"modified":"2023-10-11T15:00:28","modified_gmt":"2023-10-11T15:00:28","slug":"pendrive-4gb-futbol","status":"publish","type":"product","link":"https:\/\/www.vxmventaspormayor.cl\/vxm\/producto\/pendrive-4gb-futbol\/","title":{"rendered":"Pendrive 4GB futbol"},"content":{"rendered":"<h2>Pendrive 4GB futbol sus usos<\/h2>\n<p>Nuestro pendrive 4 GB futbol con forma de camiseta y short de f\u00fatbol es el regalo corporativo perfecto para los amantes del deporte. Adem\u00e1s de almacenar tus datos, representa tu pasi\u00f3n por el f\u00fatbol, \u200b\u200bsiendo ideal para eventos deportivos o regalos en celebraciones corporativas. Personalizable y original, es una excelente opci\u00f3n para promocionar tu marca entre entusiastas del f\u00fatbol. \u00dasalo para compartir presentaciones, archivos de trabajo o simplemente para llevar un pedacito de tu pasi\u00f3n por el f\u00fatbol a donde vayas.<\/p>\n","protected":false},"excerpt":{"rendered":"<h2>Pendrive 4GB futbol<\/h2>\n<p>Valor por unidad<\/p>\n<p>venta minima 20 unidades<\/p>\n<p>Descubre la pasi\u00f3n por el f\u00fatbol en cada detalle con nuestro pendrive con forma de camiseta y short. Este dispositivo no solo es un pr\u00e1ctico medio de almacenamiento, sino una expresi\u00f3n de tu amor por este deporte. Lleva contigo tus archivos importantes y, al mismo tiempo, muestra tu entusiasmo futbol\u00edstico.<\/p>\n<p>&nbsp;<\/p>\n<p>Para cotizar mayor cantidad (50-100-200-500-1000) escribenos al whatsapp<\/p>\n","protected":false},"featured_media":7310,"comment_status":"closed","ping_status":"closed","template":"","meta":[],"product_brand":[],"product_cat":[101],"product_tag":[],"class_list":{"0":"post-7309","1":"product","2":"type-product","3":"status-publish","4":"has-post-thumbnail","6":"product_cat-pendrive-por-mayor-personalizados","7":"thunk-woo-product-list","8":"opn-qv-enable","9":"top-store-woo-hover-zoom","10":"top-store-single-product-tab-horizontal","11":"top-store-shadow-","12":"top-store-shadow-hover-","14":"first","15":"instock","16":"taxable","17":"shipping-taxable","18":"purchasable","19":"product-type-simple"},"_links":{"self":[{"href":"https:\/\/www.vxmventaspormayor.cl\/vxm\/wp-json\/wp\/v2\/product\/7309","targetHints":{"allow":["GET"]}}],"collection":[{"href":"https:\/\/www.vxmventaspormayor.cl\/vxm\/wp-json\/wp\/v2\/product"}],"about":[{"href":"https:\/\/www.vxmventaspormayor.cl\/vxm\/wp-json\/wp\/v2\/types\/product"}],"replies":[{"embeddable":true,"href":"https:\/\/www.vxmventaspormayor.cl\/vxm\/wp-json\/wp\/v2\/comments?post=7309"}],"wp:featuredmedia":[{"embeddable":true,"href":"https:\/\/www.vxmventaspormayor.cl\/vxm\/wp-json\/wp\/v2\/media\/7310"}],"wp:attachment":[{"href":"https:\/\/www.vxmventaspormayor.cl\/vxm\/wp-json\/wp\/v2\/media?parent=7309"}],"wp:term":[{"taxonomy":"product_brand","embeddable":true,"href":"https:\/\/www.vxmventaspormayor.cl\/vxm\/wp-json\/wp\/v2\/product_brand?post=7309"},{"taxonomy":"product_cat","embeddable":true,"href":"https:\/\/www.vxmventaspormayor.cl\/vxm\/wp-json\/wp\/v2\/product_cat?post=7309"},{"taxonomy":"product_tag","embeddable":true,"href":"https:\/\/www.vxmventaspormayor.cl\/vxm\/wp-json\/wp\/v2\/product_tag?post=7309"}],"curies":[{"name":"wp","href":"https:\/\/api.w.org\/{rel}","templated":true}]}}