{"id":7303,"date":"2023-10-11T13:24:00","date_gmt":"2023-10-11T13:24:00","guid":{"rendered":"https:\/\/vxmventaspormayor.cl\/vxm\/?post_type=product&#038;p=7303"},"modified":"2023-10-11T13:24:01","modified_gmt":"2023-10-11T13:24:01","slug":"pendrives-64-g","status":"publish","type":"product","link":"https:\/\/www.vxmventaspormayor.cl\/vxm\/producto\/pendrives-64-g\/","title":{"rendered":"Pendrives 64 G"},"content":{"rendered":"<h2>Pendrives 64 Gn Madera<\/h2>\n<p>Nuestros pendrives 64 G de madera son la elecci\u00f3n perfecta para usos corporativos y regalos empresariales. Presenta tu marca con y sostenibilidad al entregar estos elegantes dispositivos estilo de almacenamiento a clientes, colaboradores o socios. Su dise\u00f1o \u00fanico y la opci\u00f3n de personalizaci\u00f3n desde 100 unidades con costo extra.<\/p>\n","protected":false},"excerpt":{"rendered":"<p>Pendrive 64 G\u00a0 \u00a0valor por unidad<\/p>\n<p>venta minima 20 unidades<\/p>\n<p>USB Pendrive 2.0 de 64GB de capacidad, 100% en madera de Bamboo, con carcasa giratoria.<\/p>\n<p>Presentaci\u00f3n en elegante estuche de madera de Bamboo.<\/p>\n<p>6.4 x 2.2 x 1.3 cm (cerrado) \/ 11 x 2.2 x 1.3 cm (abierto) \/ 8 x 5 x 2.6 cm (estuche)<\/p>\n<p>Para cotizar mayores cantidades(50-100-200-1000) al whatsapp<\/p>\n","protected":false},"featured_media":7304,"comment_status":"closed","ping_status":"closed","template":"","meta":[],"product_brand":[],"product_cat":[101],"product_tag":[],"class_list":{"0":"post-7303","1":"product","2":"type-product","3":"status-publish","4":"has-post-thumbnail","6":"product_cat-pendrive-por-mayor-personalizados","7":"thunk-woo-product-list","8":"opn-qv-enable","9":"top-store-woo-hover-zoom","10":"top-store-single-product-tab-horizontal","11":"top-store-shadow-","12":"top-store-shadow-hover-","14":"first","15":"instock","16":"sale","17":"taxable","18":"shipping-taxable","19":"purchasable","20":"product-type-simple"},"_links":{"self":[{"href":"https:\/\/www.vxmventaspormayor.cl\/vxm\/wp-json\/wp\/v2\/product\/7303","targetHints":{"allow":["GET"]}}],"collection":[{"href":"https:\/\/www.vxmventaspormayor.cl\/vxm\/wp-json\/wp\/v2\/product"}],"about":[{"href":"https:\/\/www.vxmventaspormayor.cl\/vxm\/wp-json\/wp\/v2\/types\/product"}],"replies":[{"embeddable":true,"href":"https:\/\/www.vxmventaspormayor.cl\/vxm\/wp-json\/wp\/v2\/comments?post=7303"}],"wp:featuredmedia":[{"embeddable":true,"href":"https:\/\/www.vxmventaspormayor.cl\/vxm\/wp-json\/wp\/v2\/media\/7304"}],"wp:attachment":[{"href":"https:\/\/www.vxmventaspormayor.cl\/vxm\/wp-json\/wp\/v2\/media?parent=7303"}],"wp:term":[{"taxonomy":"product_brand","embeddable":true,"href":"https:\/\/www.vxmventaspormayor.cl\/vxm\/wp-json\/wp\/v2\/product_brand?post=7303"},{"taxonomy":"product_cat","embeddable":true,"href":"https:\/\/www.vxmventaspormayor.cl\/vxm\/wp-json\/wp\/v2\/product_cat?post=7303"},{"taxonomy":"product_tag","embeddable":true,"href":"https:\/\/www.vxmventaspormayor.cl\/vxm\/wp-json\/wp\/v2\/product_tag?post=7303"}],"curies":[{"name":"wp","href":"https:\/\/api.w.org\/{rel}","templated":true}]}}