{"id":7292,"date":"2023-10-11T01:28:06","date_gmt":"2023-10-11T01:28:06","guid":{"rendered":"https:\/\/vxmventaspormayor.cl\/vxm\/?post_type=product&#038;p=7292"},"modified":"2024-10-07T21:35:25","modified_gmt":"2024-10-07T21:35:25","slug":"delantal-tnt-ninos","status":"publish","type":"product","link":"https:\/\/www.vxmventaspormayor.cl\/vxm\/producto\/delantal-tnt-ninos\/","title":{"rendered":"Delantal tnt ni\u00f1os"},"content":{"rendered":"<h2>Delantal tnt ni\u00f1os por mayor<\/h2>\n<p>Valor no incluye mangas<\/p>\n<p>Solo.incluye 1 delantal<\/p>\n<p>Descubre nuestros delantales tnt para ni\u00f1os al por mayor, uniendo la creatividad con la responsabilidad ambiental. Estos delantales, fabricados con material ecol\u00f3gico, no solo protegen la ropa de los peque\u00f1os artistas, sino que tambi\u00e9n promueven valores sostenibles desde temprana edad. Haz que tus eventos corporativos destaquen.<\/p>\n<p>&nbsp;<\/p>\n","protected":false},"excerpt":{"rendered":"<p>Delantales tnt ni\u00f1os est\u00e1n confeccionados con material ecol\u00f3gico de TNT, tirantes largos para un buen ajuste\u00a0 sin bolsillos respetando el medio ambiente. Ideales para actividades creativas, cocinar en familia, actividades corporativas ,manualidades escolares y proteger la ropa mientras se divierte. Un accesorio pr\u00e1ctico y sostenible para peque\u00f1os artistas y chefs en formaci\u00f3n.<\/p>\n<p>valor por 1 unidad<\/p>\n<p>venta minima 50 unidades<\/p>\n<p>tramo 4 a 7 a\u00f1os<\/p>\n<p>tramo 7 a 10 a\u00f1os<\/p>\n<p>Tramo 10 a 14 a\u00f1os<\/p>\n<p>Tambien hay una talla estandar de 7 a 13 a\u00f1os 60&#215;45 aprox<\/p>\n<p>consultar stock de colores disponibles al whatsapp<\/p>\n","protected":false},"featured_media":7293,"comment_status":"closed","ping_status":"closed","template":"","meta":[],"product_brand":[],"product_cat":[100,71],"product_tag":[],"class_list":{"0":"post-7292","1":"product","2":"type-product","3":"status-publish","4":"has-post-thumbnail","6":"product_cat-productos-de-tnt","7":"product_cat-ninos","8":"thunk-woo-product-list","9":"opn-qv-enable","10":"top-store-woo-hover-zoom","11":"top-store-single-product-tab-horizontal","12":"top-store-shadow-","13":"top-store-shadow-hover-","15":"first","16":"instock","17":"taxable","18":"shipping-taxable","19":"purchasable","20":"product-type-simple"},"_links":{"self":[{"href":"https:\/\/www.vxmventaspormayor.cl\/vxm\/wp-json\/wp\/v2\/product\/7292","targetHints":{"allow":["GET"]}}],"collection":[{"href":"https:\/\/www.vxmventaspormayor.cl\/vxm\/wp-json\/wp\/v2\/product"}],"about":[{"href":"https:\/\/www.vxmventaspormayor.cl\/vxm\/wp-json\/wp\/v2\/types\/product"}],"replies":[{"embeddable":true,"href":"https:\/\/www.vxmventaspormayor.cl\/vxm\/wp-json\/wp\/v2\/comments?post=7292"}],"wp:featuredmedia":[{"embeddable":true,"href":"https:\/\/www.vxmventaspormayor.cl\/vxm\/wp-json\/wp\/v2\/media\/7293"}],"wp:attachment":[{"href":"https:\/\/www.vxmventaspormayor.cl\/vxm\/wp-json\/wp\/v2\/media?parent=7292"}],"wp:term":[{"taxonomy":"product_brand","embeddable":true,"href":"https:\/\/www.vxmventaspormayor.cl\/vxm\/wp-json\/wp\/v2\/product_brand?post=7292"},{"taxonomy":"product_cat","embeddable":true,"href":"https:\/\/www.vxmventaspormayor.cl\/vxm\/wp-json\/wp\/v2\/product_cat?post=7292"},{"taxonomy":"product_tag","embeddable":true,"href":"https:\/\/www.vxmventaspormayor.cl\/vxm\/wp-json\/wp\/v2\/product_tag?post=7292"}],"curies":[{"name":"wp","href":"https:\/\/api.w.org\/{rel}","templated":true}]}}