{"id":7265,"date":"2023-10-09T00:05:25","date_gmt":"2023-10-09T00:05:25","guid":{"rendered":"https:\/\/vxmventaspormayor.cl\/vxm\/?post_type=product&#038;p=7265"},"modified":"2023-10-09T23:19:39","modified_gmt":"2023-10-09T23:19:39","slug":"llavero-en-cuero","status":"publish","type":"product","link":"https:\/\/www.vxmventaspormayor.cl\/vxm\/producto\/llavero-en-cuero\/","title":{"rendered":"llavero en cuero"},"content":{"rendered":"<h2>llavero en cuero accesorio combina elegancia.<\/h2>\n<p>&nbsp;<\/p>\n<p>Este llavero en cuero accesorio combina elegancia y funcionalidad en un solo dise\u00f1o, garantizando un estilo \u00fanico en tus llaves. Nuestra calidad superior y artesan\u00eda excepcional hacen de este llavero la elecci\u00f3n evidente. Si buscas un Regalo que perdure y haga una impresi\u00f3n duradera, este llavero es tu mejor opci\u00f3n. A\u00f1ade un toque de lujo a tu vida diaria o sorprende a alguien especial con esta elecci\u00f3n inigualable.<\/p>\n<p>&nbsp;<\/p>\n<p>&nbsp;<\/p>\n<p>Aqui encontraras m\u00e1s dise\u00f1os de llavero en cuero y otros\u00a0<a href=\"https:\/\/vxmventaspormayor.cl\/vxm\/categoria-producto\/llaveros\/\">https:\/\/vxmventaspormayor.cl\/vxm\/categoria-producto\/llaveros\/<\/a><\/p>\n","protected":false},"excerpt":{"rendered":"<p>llavero en cuero con argolla dorada<\/p>\n<p>valor incluye 1 unidad<\/p>\n<p>venta minima 30 unidades<\/p>\n<p>colores,negro,toffe,cafe oscuro.<\/p>\n<p>medidas 7&#215;3 base cuero<\/p>\n<p>para cotizar personalizaci\u00f3n escribenos al whatsapp<\/p>\n<p>consulta valor al whatsapp por menor cantidad.<\/p>\n","protected":false},"featured_media":7268,"comment_status":"closed","ping_status":"closed","template":"","meta":[],"product_brand":[],"product_cat":[90],"product_tag":[],"class_list":{"0":"post-7265","1":"product","2":"type-product","3":"status-publish","4":"has-post-thumbnail","6":"product_cat-llaveros-personalizados","7":"thunk-woo-product-list","8":"opn-qv-enable","9":"top-store-woo-hover-zoom","10":"top-store-single-product-tab-horizontal","11":"top-store-shadow-","12":"top-store-shadow-hover-","14":"first","15":"instock","16":"sale","17":"taxable","18":"shipping-taxable","19":"purchasable","20":"product-type-simple"},"_links":{"self":[{"href":"https:\/\/www.vxmventaspormayor.cl\/vxm\/wp-json\/wp\/v2\/product\/7265","targetHints":{"allow":["GET"]}}],"collection":[{"href":"https:\/\/www.vxmventaspormayor.cl\/vxm\/wp-json\/wp\/v2\/product"}],"about":[{"href":"https:\/\/www.vxmventaspormayor.cl\/vxm\/wp-json\/wp\/v2\/types\/product"}],"replies":[{"embeddable":true,"href":"https:\/\/www.vxmventaspormayor.cl\/vxm\/wp-json\/wp\/v2\/comments?post=7265"}],"wp:featuredmedia":[{"embeddable":true,"href":"https:\/\/www.vxmventaspormayor.cl\/vxm\/wp-json\/wp\/v2\/media\/7268"}],"wp:attachment":[{"href":"https:\/\/www.vxmventaspormayor.cl\/vxm\/wp-json\/wp\/v2\/media?parent=7265"}],"wp:term":[{"taxonomy":"product_brand","embeddable":true,"href":"https:\/\/www.vxmventaspormayor.cl\/vxm\/wp-json\/wp\/v2\/product_brand?post=7265"},{"taxonomy":"product_cat","embeddable":true,"href":"https:\/\/www.vxmventaspormayor.cl\/vxm\/wp-json\/wp\/v2\/product_cat?post=7265"},{"taxonomy":"product_tag","embeddable":true,"href":"https:\/\/www.vxmventaspormayor.cl\/vxm\/wp-json\/wp\/v2\/product_tag?post=7265"}],"curies":[{"name":"wp","href":"https:\/\/api.w.org\/{rel}","templated":true}]}}