{"id":7261,"date":"2023-10-08T23:46:27","date_gmt":"2023-10-08T23:46:27","guid":{"rendered":"https:\/\/vxmventaspormayor.cl\/vxm\/?post_type=product&#038;p=7261"},"modified":"2023-10-08T23:48:21","modified_gmt":"2023-10-08T23:48:21","slug":"llavero-cuero","status":"publish","type":"product","link":"https:\/\/www.vxmventaspormayor.cl\/vxm\/producto\/llavero-cuero\/","title":{"rendered":"llavero cuero"},"content":{"rendered":"<p>Captura la esencia de la paternidad con un llavero cuero especialmente dise\u00f1ados para el D\u00eda del Padre. Cada llavero es un s\u00edmbolo de aprecio y amor duradero, fusionando estilo y funcionalidad en un regalo \u00fanico. Celebra la figura paterna con un toque de elegancia que perdurar\u00e1 en cada viaje. Regale un detalle significativo este D\u00eda del Padre, porque los padres se merecen lo mejor.<\/p>\n<p>&nbsp;<\/p>\n<p>aqui puedes ver mas llaveros cuero\u00a0\u00a0<a href=\"https:\/\/vxmventaspormayor.cl\/vxm\/categoria-producto\/llaveros\/\">https:\/\/vxmventaspormayor.cl\/vxm\/categoria-producto\/llaveros\/<\/a><\/p>\n","protected":false},"excerpt":{"rendered":"<p>llavero cuero valor por 1 unidad<\/p>\n<p>venta minima 30 unidades<\/p>\n<p>se vende por menos cantidad consulta precio al whatsapp por menor cantidad<\/p>\n<p>14&#215;2,5 base cuero<\/p>\n<p>colores cafe oscuro,toffe,negro<\/p>\n<p>si quieres personalizar escribenos para cotizar personalizaci\u00f3n.<\/p>\n","protected":false},"featured_media":7262,"comment_status":"closed","ping_status":"closed","template":"","meta":[],"product_brand":[],"product_cat":[90],"product_tag":[],"class_list":{"0":"post-7261","1":"product","2":"type-product","3":"status-publish","4":"has-post-thumbnail","6":"product_cat-llaveros-personalizados","7":"thunk-woo-product-list","8":"opn-qv-enable","9":"top-store-woo-hover-zoom","10":"top-store-single-product-tab-horizontal","11":"top-store-shadow-","12":"top-store-shadow-hover-","14":"first","15":"instock","16":"sale","17":"taxable","18":"shipping-taxable","19":"purchasable","20":"product-type-simple"},"_links":{"self":[{"href":"https:\/\/www.vxmventaspormayor.cl\/vxm\/wp-json\/wp\/v2\/product\/7261","targetHints":{"allow":["GET"]}}],"collection":[{"href":"https:\/\/www.vxmventaspormayor.cl\/vxm\/wp-json\/wp\/v2\/product"}],"about":[{"href":"https:\/\/www.vxmventaspormayor.cl\/vxm\/wp-json\/wp\/v2\/types\/product"}],"replies":[{"embeddable":true,"href":"https:\/\/www.vxmventaspormayor.cl\/vxm\/wp-json\/wp\/v2\/comments?post=7261"}],"wp:featuredmedia":[{"embeddable":true,"href":"https:\/\/www.vxmventaspormayor.cl\/vxm\/wp-json\/wp\/v2\/media\/7262"}],"wp:attachment":[{"href":"https:\/\/www.vxmventaspormayor.cl\/vxm\/wp-json\/wp\/v2\/media?parent=7261"}],"wp:term":[{"taxonomy":"product_brand","embeddable":true,"href":"https:\/\/www.vxmventaspormayor.cl\/vxm\/wp-json\/wp\/v2\/product_brand?post=7261"},{"taxonomy":"product_cat","embeddable":true,"href":"https:\/\/www.vxmventaspormayor.cl\/vxm\/wp-json\/wp\/v2\/product_cat?post=7261"},{"taxonomy":"product_tag","embeddable":true,"href":"https:\/\/www.vxmventaspormayor.cl\/vxm\/wp-json\/wp\/v2\/product_tag?post=7261"}],"curies":[{"name":"wp","href":"https:\/\/api.w.org\/{rel}","templated":true}]}}