{"id":7253,"date":"2023-10-08T22:58:28","date_gmt":"2023-10-08T22:58:28","guid":{"rendered":"https:\/\/vxmventaspormayor.cl\/vxm\/?post_type=product&#038;p=7253"},"modified":"2023-10-08T23:02:29","modified_gmt":"2023-10-08T23:02:29","slug":"llavero-de-cuero","status":"publish","type":"product","link":"https:\/\/www.vxmventaspormayor.cl\/vxm\/producto\/llavero-de-cuero\/","title":{"rendered":"Llavero de cuero"},"content":{"rendered":"<p>Descubre la sofisticaci\u00f3n en cada detalle con nuestro llavero de cuero publicitario. Este elegante accesorio combina funcionalidad y estilo, proporcionando una forma \u00fanica de promocionar tu marca. El cuero de alta calidad brinda durabilidad y un tacto excepcional, mientras que el dise\u00f1o vers\u00e1til permite una personalizaci\u00f3n completa con tu logotipo o mensaje. Cada vez que tus clientes saquen sus llaves, recordar\u00e1n tu marca con aprecio y estilo. Haz que tu identidad de marca se destaque con este llavero que combina elegancia y publicidad en perfecta armon\u00eda.<\/p>\n","protected":false},"excerpt":{"rendered":"<p>Llavero de cuero\u00a0 Venta minima 30 unidades,se vende por menos cantidad debes cotizar al whatsapp precios por menor cantidad.<\/p>\n<p>Colores cafe,negro<\/p>\n<p>medidas\u00a0 10&#215;2,5 aprox largo de cuero<\/p>\n<p>Puedes personalizar con costo extra.<\/p>\n<p>&nbsp;<\/p>\n","protected":false},"featured_media":7254,"comment_status":"closed","ping_status":"closed","template":"","meta":[],"product_brand":[],"product_cat":[90],"product_tag":[],"class_list":{"0":"post-7253","1":"product","2":"type-product","3":"status-publish","4":"has-post-thumbnail","6":"product_cat-llaveros-personalizados","7":"thunk-woo-product-list","8":"opn-qv-enable","9":"top-store-woo-hover-zoom","10":"top-store-single-product-tab-horizontal","11":"top-store-shadow-","12":"top-store-shadow-hover-","14":"first","15":"instock","16":"sale","17":"taxable","18":"shipping-taxable","19":"purchasable","20":"product-type-simple"},"_links":{"self":[{"href":"https:\/\/www.vxmventaspormayor.cl\/vxm\/wp-json\/wp\/v2\/product\/7253","targetHints":{"allow":["GET"]}}],"collection":[{"href":"https:\/\/www.vxmventaspormayor.cl\/vxm\/wp-json\/wp\/v2\/product"}],"about":[{"href":"https:\/\/www.vxmventaspormayor.cl\/vxm\/wp-json\/wp\/v2\/types\/product"}],"replies":[{"embeddable":true,"href":"https:\/\/www.vxmventaspormayor.cl\/vxm\/wp-json\/wp\/v2\/comments?post=7253"}],"wp:featuredmedia":[{"embeddable":true,"href":"https:\/\/www.vxmventaspormayor.cl\/vxm\/wp-json\/wp\/v2\/media\/7254"}],"wp:attachment":[{"href":"https:\/\/www.vxmventaspormayor.cl\/vxm\/wp-json\/wp\/v2\/media?parent=7253"}],"wp:term":[{"taxonomy":"product_brand","embeddable":true,"href":"https:\/\/www.vxmventaspormayor.cl\/vxm\/wp-json\/wp\/v2\/product_brand?post=7253"},{"taxonomy":"product_cat","embeddable":true,"href":"https:\/\/www.vxmventaspormayor.cl\/vxm\/wp-json\/wp\/v2\/product_cat?post=7253"},{"taxonomy":"product_tag","embeddable":true,"href":"https:\/\/www.vxmventaspormayor.cl\/vxm\/wp-json\/wp\/v2\/product_tag?post=7253"}],"curies":[{"name":"wp","href":"https:\/\/api.w.org\/{rel}","templated":true}]}}