{"id":7251,"date":"2023-10-08T22:02:51","date_gmt":"2023-10-08T22:02:51","guid":{"rendered":"https:\/\/vxmventaspormayor.cl\/vxm\/?post_type=product&#038;p=7251"},"modified":"2023-10-08T22:03:32","modified_gmt":"2023-10-08T22:03:32","slug":"llavero-sublimacion","status":"publish","type":"product","link":"https:\/\/www.vxmventaspormayor.cl\/vxm\/producto\/llavero-sublimacion\/","title":{"rendered":"Llavero sublimaci\u00f3n"},"content":{"rendered":"<p>Descubre nuestro llavero rectangular para sublimaci\u00f3n. Este dise\u00f1o contempor\u00e1neo ofrece un lienzo perfecto para capturar tus recuerdos y expresiones creativas. Su forma n\u00edtida y angular complementa cualquier estilo personal y se adapta a tu vida cotidiana de manera perfecta.<\/p>\n<p>Fabricado con materiales que se puede sublimar, este llavero no solo es una pieza funcional, sino tambi\u00e9n un objeto de belleza dura.<\/p>\n","protected":false},"excerpt":{"rendered":"<p>Llavero para sublimaci\u00f3n rectangular blanco<\/p>\n<p>Venta minima 30 unidades<\/p>\n<p>si quieres agregar personalizaci\u00f3n escribenos para cotizar al whatsapp<\/p>\n<p>4.8 x 6.8 cm.<\/p>\n","protected":false},"featured_media":7252,"comment_status":"closed","ping_status":"closed","template":"","meta":[],"product_brand":[],"product_cat":[90],"product_tag":[],"class_list":{"0":"post-7251","1":"product","2":"type-product","3":"status-publish","4":"has-post-thumbnail","6":"product_cat-llaveros-personalizados","7":"thunk-woo-product-list","8":"opn-qv-enable","9":"top-store-woo-hover-zoom","10":"top-store-single-product-tab-horizontal","11":"top-store-shadow-","12":"top-store-shadow-hover-","14":"first","15":"instock","16":"taxable","17":"shipping-taxable","18":"purchasable","19":"product-type-simple"},"_links":{"self":[{"href":"https:\/\/www.vxmventaspormayor.cl\/vxm\/wp-json\/wp\/v2\/product\/7251","targetHints":{"allow":["GET"]}}],"collection":[{"href":"https:\/\/www.vxmventaspormayor.cl\/vxm\/wp-json\/wp\/v2\/product"}],"about":[{"href":"https:\/\/www.vxmventaspormayor.cl\/vxm\/wp-json\/wp\/v2\/types\/product"}],"replies":[{"embeddable":true,"href":"https:\/\/www.vxmventaspormayor.cl\/vxm\/wp-json\/wp\/v2\/comments?post=7251"}],"wp:featuredmedia":[{"embeddable":true,"href":"https:\/\/www.vxmventaspormayor.cl\/vxm\/wp-json\/wp\/v2\/media\/7252"}],"wp:attachment":[{"href":"https:\/\/www.vxmventaspormayor.cl\/vxm\/wp-json\/wp\/v2\/media?parent=7251"}],"wp:term":[{"taxonomy":"product_brand","embeddable":true,"href":"https:\/\/www.vxmventaspormayor.cl\/vxm\/wp-json\/wp\/v2\/product_brand?post=7251"},{"taxonomy":"product_cat","embeddable":true,"href":"https:\/\/www.vxmventaspormayor.cl\/vxm\/wp-json\/wp\/v2\/product_cat?post=7251"},{"taxonomy":"product_tag","embeddable":true,"href":"https:\/\/www.vxmventaspormayor.cl\/vxm\/wp-json\/wp\/v2\/product_tag?post=7251"}],"curies":[{"name":"wp","href":"https:\/\/api.w.org\/{rel}","templated":true}]}}