{"id":7212,"date":"2023-02-07T19:33:23","date_gmt":"2023-02-07T19:33:23","guid":{"rendered":"https:\/\/vxmventaspormayor.cl\/vxm\/?post_type=product&#038;p=7212"},"modified":"2023-02-07T19:36:20","modified_gmt":"2023-02-07T19:36:20","slug":"7212","status":"publish","type":"product","link":"https:\/\/www.vxmventaspormayor.cl\/vxm\/producto\/7212\/","title":{"rendered":"Estuche portadocumentos con cierre"},"content":{"rendered":"<p>Un estuche porta documentos con cierre y identidad de marca puede tener los siguientes beneficantajes:<\/p>\n<ol>\n<li>Profesionalismo: Llevar tus documentos importantes en un estuche personalizado con tu marca refuerza tu imagen profesional y muestra tu dedicaci\u00f3n a los detalles.<\/li>\n<li>Organizaci\u00f3n: Mantener tus documentos en un solo lugar te permite tenerlos a mano y acceder a ellos f\u00e1cilmente, mejorando la organizaci\u00f3n y eficiencia.<\/li>\n<li>Protecci\u00f3n: Un estuche con cierre brinda m\u00e1s seguridad y protecci\u00f3n para tus documentos, evitando que se pierdan o se da\u00f1en.<\/li>\n<li>Publicidad: Al personalizar tu estuche con tu marca, est\u00e1s haciendo publicidad de tu empresa y aumentando su visibilidad en cualquier lugar donde lo lleves.<\/li>\n<li>Personalizaci\u00f3n: La opci\u00f3n de personalizar tu estuche con tu logo y colores te permite diferenciarte de los dem\u00e1s y demostrar tu estilo personal.<\/li>\n<li>Regalos promocionales: Un estuche porta documentos personalizado es un regalo funcional y de alta calidad que puede ser utilizado en la oficina, en el hogar o en viajes, y que a su vez promueve tu marca.<\/li>\n<\/ol>\n","protected":false},"excerpt":{"rendered":"<h1>Estuche portadocumentos con cierre<\/h1>\n<p>Venta minima 50 unidades<\/p>\n<p>Valor no incluye logo<\/p>\n<p>Valor es por 1 unidad<\/p>\n<p>Este estuche porta documentos Tierras est\u00e1 fabricado en engomado 600, un material impermeable que protege tus documentos del interior. Con un tama\u00f1o aproximado de 22&#215;15 cm, es ideal para llevar tus documentos contigo en viajes, deportes u otras actividades al aire libre,regalos corporativos a clientes , Adem\u00e1s, su dise\u00f1o atractivo lo hace un regalo perfecto para cualquier ocasi\u00f3n. \u00a1tus documentos seguros y el de tus clientes y mejora tu identidad de marca con este estuche porta documentos .<\/p>\n<p>Para cotizar logo o cantidades mayor puedes escribirnos al whatsapp o correo<\/p>\n<p>&nbsp;<\/p>\n","protected":false},"featured_media":7213,"comment_status":"closed","ping_status":"closed","template":"","meta":[],"product_brand":[],"product_cat":[26,45,57],"product_tag":[],"class_list":{"0":"post-7212","1":"product","2":"type-product","3":"status-publish","4":"has-post-thumbnail","6":"product_cat-merchandising-y-regalos-corporativos","7":"product_cat-porta-documentos-viajes","8":"product_cat-portadocumentos-para-auto-y-viajes","9":"thunk-woo-product-list","10":"opn-qv-enable","11":"top-store-woo-hover-zoom","12":"top-store-single-product-tab-horizontal","13":"top-store-shadow-","14":"top-store-shadow-hover-","16":"first","17":"instock","18":"taxable","19":"shipping-taxable","20":"purchasable","21":"product-type-simple"},"_links":{"self":[{"href":"https:\/\/www.vxmventaspormayor.cl\/vxm\/wp-json\/wp\/v2\/product\/7212","targetHints":{"allow":["GET"]}}],"collection":[{"href":"https:\/\/www.vxmventaspormayor.cl\/vxm\/wp-json\/wp\/v2\/product"}],"about":[{"href":"https:\/\/www.vxmventaspormayor.cl\/vxm\/wp-json\/wp\/v2\/types\/product"}],"replies":[{"embeddable":true,"href":"https:\/\/www.vxmventaspormayor.cl\/vxm\/wp-json\/wp\/v2\/comments?post=7212"}],"wp:featuredmedia":[{"embeddable":true,"href":"https:\/\/www.vxmventaspormayor.cl\/vxm\/wp-json\/wp\/v2\/media\/7213"}],"wp:attachment":[{"href":"https:\/\/www.vxmventaspormayor.cl\/vxm\/wp-json\/wp\/v2\/media?parent=7212"}],"wp:term":[{"taxonomy":"product_brand","embeddable":true,"href":"https:\/\/www.vxmventaspormayor.cl\/vxm\/wp-json\/wp\/v2\/product_brand?post=7212"},{"taxonomy":"product_cat","embeddable":true,"href":"https:\/\/www.vxmventaspormayor.cl\/vxm\/wp-json\/wp\/v2\/product_cat?post=7212"},{"taxonomy":"product_tag","embeddable":true,"href":"https:\/\/www.vxmventaspormayor.cl\/vxm\/wp-json\/wp\/v2\/product_tag?post=7212"}],"curies":[{"name":"wp","href":"https:\/\/api.w.org\/{rel}","templated":true}]}}