{"id":7205,"date":"2023-02-07T16:06:43","date_gmt":"2023-02-07T16:06:43","guid":{"rendered":"https:\/\/vxmventaspormayor.cl\/vxm\/?post_type=product&#038;p=7205"},"modified":"2023-02-07T16:08:30","modified_gmt":"2023-02-07T16:08:30","slug":"panuelo-publicitario-2","status":"publish","type":"product","link":"https:\/\/www.vxmventaspormayor.cl\/vxm\/producto\/panuelo-publicitario-2\/","title":{"rendered":"Pa\u00f1uelo publicitario"},"content":{"rendered":"<h1>Pa\u00f1uelo Publicitario<\/h1>\n<p>Los pa\u00f1uelos corporativos se utilizan com\u00fanmente como un regalo promocional o un art\u00edculo de merchandising para representar una marca o empresa. Adem\u00e1s, tambi\u00e9n se utilizan como un accesorio pr\u00e1ctico de uniformes ,cubrirse la boca y nariz\u00a0 en situaciones , cubrirse del sol, como banderin . Estos pa\u00f1uelos pueden ser personalizados con el logotipo de la marca o empresa y se utilizan com\u00fanmente en eventos, conferencias y otros tipos de reuniones empresariales.<\/p>\n","protected":false},"excerpt":{"rendered":"<h1>Pa\u00f1uelo Publicitario<\/h1>\n<p>Venta minima 30 unidades.<\/p>\n<p>Valor no incluye logo<\/p>\n<p>Pa\u00f1uelo publicitario poliester terminaci\u00f3n orillado overlock ,tela liviana<\/p>\n<p>Un pa\u00f1uelo rectangular de 25&#215;1.45 hecho de tela de poli\u00e9ster liviana es un accesorio vers\u00e1til y pr\u00e1ctico para cualquier persona. Con su tama\u00f1o compacto y su material liviano, este pa\u00f1uelo puede ser utilizado para una amplia gama de usos.<\/p>\n<p>&nbsp;<\/p>\n<p>Consultar otras medidas y colores<\/p>\n","protected":false},"featured_media":7207,"comment_status":"closed","ping_status":"closed","template":"","meta":[],"product_brand":[],"product_cat":[99],"product_tag":[],"class_list":{"0":"post-7205","1":"product","2":"type-product","3":"status-publish","4":"has-post-thumbnail","6":"product_cat-bandanas-y-panuelos","7":"thunk-woo-product-list","8":"opn-qv-enable","9":"top-store-woo-hover-zoom","10":"top-store-single-product-tab-horizontal","11":"top-store-shadow-","12":"top-store-shadow-hover-","14":"first","15":"instock","16":"taxable","17":"shipping-taxable","18":"purchasable","19":"product-type-simple"},"_links":{"self":[{"href":"https:\/\/www.vxmventaspormayor.cl\/vxm\/wp-json\/wp\/v2\/product\/7205","targetHints":{"allow":["GET"]}}],"collection":[{"href":"https:\/\/www.vxmventaspormayor.cl\/vxm\/wp-json\/wp\/v2\/product"}],"about":[{"href":"https:\/\/www.vxmventaspormayor.cl\/vxm\/wp-json\/wp\/v2\/types\/product"}],"replies":[{"embeddable":true,"href":"https:\/\/www.vxmventaspormayor.cl\/vxm\/wp-json\/wp\/v2\/comments?post=7205"}],"wp:featuredmedia":[{"embeddable":true,"href":"https:\/\/www.vxmventaspormayor.cl\/vxm\/wp-json\/wp\/v2\/media\/7207"}],"wp:attachment":[{"href":"https:\/\/www.vxmventaspormayor.cl\/vxm\/wp-json\/wp\/v2\/media?parent=7205"}],"wp:term":[{"taxonomy":"product_brand","embeddable":true,"href":"https:\/\/www.vxmventaspormayor.cl\/vxm\/wp-json\/wp\/v2\/product_brand?post=7205"},{"taxonomy":"product_cat","embeddable":true,"href":"https:\/\/www.vxmventaspormayor.cl\/vxm\/wp-json\/wp\/v2\/product_cat?post=7205"},{"taxonomy":"product_tag","embeddable":true,"href":"https:\/\/www.vxmventaspormayor.cl\/vxm\/wp-json\/wp\/v2\/product_tag?post=7205"}],"curies":[{"name":"wp","href":"https:\/\/api.w.org\/{rel}","templated":true}]}}