{"id":7067,"date":"2022-10-18T00:14:18","date_gmt":"2022-10-18T00:14:18","guid":{"rendered":"https:\/\/vxmventaspormayor.cl\/vxm\/?post_type=product&#038;p=7067"},"modified":"2022-10-18T00:14:44","modified_gmt":"2022-10-18T00:14:44","slug":"boligrafo-de-bamboo-boligrafo-de-madera","status":"publish","type":"product","link":"https:\/\/www.vxmventaspormayor.cl\/vxm\/producto\/boligrafo-de-bamboo-boligrafo-de-madera\/","title":{"rendered":"Bol\u00edgrafo de Bamboo-boligrafo de madera"},"content":{"rendered":"<h2>Bol\u00edgrafo de Bamboo-boligrafo de madera<\/h2>\n","protected":false},"excerpt":{"rendered":"<h2>Bol\u00edgrafo de Bamboo-boligrafo de madera<\/h2>\n<p>Venta minima 30 unidades<\/p>\n<p>Valor incluye 1 L\u00e1piz<\/p>\n<p>Bol\u00edgrafo de Madera de Bamb\u00fa, con clip met\u00e1lico. Escritura azul.<\/p>\n<p>Tama\u00f1o\u00a0 13.3 x \u00d8 1.1 cm.<\/p>\n<h2>Mayoristas para cotizar boligrafos de bamb\u00fa,lapices de madera por mayor para regalos escribenos.<\/h2>\n<p>&nbsp;<\/p>\n","protected":false},"featured_media":7068,"comment_status":"closed","ping_status":"closed","template":"","meta":[],"product_brand":[],"product_cat":[69,98,96,63],"product_tag":[],"class_list":{"0":"post-7067","1":"product","2":"type-product","3":"status-publish","4":"has-post-thumbnail","6":"product_cat-belleza-y-mujer","7":"product_cat-lapices-corporativos","8":"product_cat-regalos-ecologicos","9":"product_cat-regalos-para-hombres","10":"thunk-woo-product-list","11":"opn-qv-enable","12":"top-store-woo-hover-zoom","13":"top-store-single-product-tab-horizontal","14":"top-store-shadow-","15":"top-store-shadow-hover-","17":"first","18":"instock","19":"taxable","20":"shipping-taxable","21":"purchasable","22":"product-type-simple"},"_links":{"self":[{"href":"https:\/\/www.vxmventaspormayor.cl\/vxm\/wp-json\/wp\/v2\/product\/7067","targetHints":{"allow":["GET"]}}],"collection":[{"href":"https:\/\/www.vxmventaspormayor.cl\/vxm\/wp-json\/wp\/v2\/product"}],"about":[{"href":"https:\/\/www.vxmventaspormayor.cl\/vxm\/wp-json\/wp\/v2\/types\/product"}],"replies":[{"embeddable":true,"href":"https:\/\/www.vxmventaspormayor.cl\/vxm\/wp-json\/wp\/v2\/comments?post=7067"}],"wp:featuredmedia":[{"embeddable":true,"href":"https:\/\/www.vxmventaspormayor.cl\/vxm\/wp-json\/wp\/v2\/media\/7068"}],"wp:attachment":[{"href":"https:\/\/www.vxmventaspormayor.cl\/vxm\/wp-json\/wp\/v2\/media?parent=7067"}],"wp:term":[{"taxonomy":"product_brand","embeddable":true,"href":"https:\/\/www.vxmventaspormayor.cl\/vxm\/wp-json\/wp\/v2\/product_brand?post=7067"},{"taxonomy":"product_cat","embeddable":true,"href":"https:\/\/www.vxmventaspormayor.cl\/vxm\/wp-json\/wp\/v2\/product_cat?post=7067"},{"taxonomy":"product_tag","embeddable":true,"href":"https:\/\/www.vxmventaspormayor.cl\/vxm\/wp-json\/wp\/v2\/product_tag?post=7067"}],"curies":[{"name":"wp","href":"https:\/\/api.w.org\/{rel}","templated":true}]}}