{"id":7064,"date":"2022-10-18T00:01:15","date_gmt":"2022-10-18T00:01:15","guid":{"rendered":"https:\/\/vxmventaspormayor.cl\/vxm\/?post_type=product&#038;p=7064"},"modified":"2022-10-18T00:03:32","modified_gmt":"2022-10-18T00:03:32","slug":"boligrafo-bamboo","status":"publish","type":"product","link":"https:\/\/www.vxmventaspormayor.cl\/vxm\/producto\/boligrafo-bamboo\/","title":{"rendered":"Bol\u00edgrafo Bamboo"},"content":{"rendered":"<h2>Bol\u00edgrafo Bamboo<\/h2>\n","protected":false},"excerpt":{"rendered":"<h2>Bol\u00edgrafo Bamboo<\/h2>\n<p>Venta minima 10 unidades.<\/p>\n<p>Valor incluye 1 caja + 1 l\u00e1piz<\/p>\n<p>Lindo Bol\u00edgrafo Ejecutivo de Madera de Bamb\u00fa, con terminales negro opaco. Refill pl\u00e1stico parker type. Escritura azul. Presentaci\u00f3n individual en Estuche de Cart\u00f3n plisado negro,se puede regalar para hombre y mujer es un hermoso recuerdo.<\/p>\n<p>Tama\u00f1o 13.5 x \u00d8 1.2 cm.<\/p>\n<p>Color madera<\/p>\n<p>Escritura azul<\/p>\n<p>Mayoristas de lapices de bamb\u00fa para regalos corporativos,regalos a tu equipo ,regalos personalizados escribenos para cotizar cantidad por mayor.<\/p>\n<p>&nbsp;<\/p>\n","protected":false},"featured_media":7065,"comment_status":"closed","ping_status":"closed","template":"","meta":[],"product_brand":[],"product_cat":[98,96,63,69],"product_tag":[],"class_list":{"0":"post-7064","1":"product","2":"type-product","3":"status-publish","4":"has-post-thumbnail","6":"product_cat-lapices-corporativos","7":"product_cat-regalos-ecologicos","8":"product_cat-regalos-para-hombres","9":"product_cat-belleza-y-mujer","10":"thunk-woo-product-list","11":"opn-qv-enable","12":"top-store-woo-hover-zoom","13":"top-store-single-product-tab-horizontal","14":"top-store-shadow-","15":"top-store-shadow-hover-","17":"first","18":"instock","19":"taxable","20":"shipping-taxable","21":"purchasable","22":"product-type-simple"},"_links":{"self":[{"href":"https:\/\/www.vxmventaspormayor.cl\/vxm\/wp-json\/wp\/v2\/product\/7064","targetHints":{"allow":["GET"]}}],"collection":[{"href":"https:\/\/www.vxmventaspormayor.cl\/vxm\/wp-json\/wp\/v2\/product"}],"about":[{"href":"https:\/\/www.vxmventaspormayor.cl\/vxm\/wp-json\/wp\/v2\/types\/product"}],"replies":[{"embeddable":true,"href":"https:\/\/www.vxmventaspormayor.cl\/vxm\/wp-json\/wp\/v2\/comments?post=7064"}],"wp:featuredmedia":[{"embeddable":true,"href":"https:\/\/www.vxmventaspormayor.cl\/vxm\/wp-json\/wp\/v2\/media\/7065"}],"wp:attachment":[{"href":"https:\/\/www.vxmventaspormayor.cl\/vxm\/wp-json\/wp\/v2\/media?parent=7064"}],"wp:term":[{"taxonomy":"product_brand","embeddable":true,"href":"https:\/\/www.vxmventaspormayor.cl\/vxm\/wp-json\/wp\/v2\/product_brand?post=7064"},{"taxonomy":"product_cat","embeddable":true,"href":"https:\/\/www.vxmventaspormayor.cl\/vxm\/wp-json\/wp\/v2\/product_cat?post=7064"},{"taxonomy":"product_tag","embeddable":true,"href":"https:\/\/www.vxmventaspormayor.cl\/vxm\/wp-json\/wp\/v2\/product_tag?post=7064"}],"curies":[{"name":"wp","href":"https:\/\/api.w.org\/{rel}","templated":true}]}}