{"id":7061,"date":"2022-10-17T23:49:11","date_gmt":"2022-10-17T23:49:11","guid":{"rendered":"https:\/\/vxmventaspormayor.cl\/vxm\/?post_type=product&#038;p=7061"},"modified":"2022-10-17T23:51:04","modified_gmt":"2022-10-17T23:51:04","slug":"set-boligrafo-estuche-de-bamboo","status":"publish","type":"product","link":"https:\/\/www.vxmventaspormayor.cl\/vxm\/producto\/set-boligrafo-estuche-de-bamboo\/","title":{"rendered":"Set Bol\u00edgrafo Estuche de Bamboo"},"content":{"rendered":"<h2>Set Bol\u00edgrafo Estuche de Bamboo<\/h2>\n","protected":false},"excerpt":{"rendered":"<h2>Set Bol\u00edgrafo Estuche de Bamboo<\/h2>\n<p>Venta minima 10 unidades.<\/p>\n<p>Hermoso Set Bol\u00edgrafo Ejecutivo de Madera de Bamboo, con terminales plateados. Refill pl\u00e1stico parker type. Escritura negra. Incluye elegante Estuche de Bamboo s\u00f3lido. Presentaci\u00f3n individual en caja de cartulina reciclada color natural.<\/p>\n<p>Bol\u00ed\u00adgrafo 14.5 x \u00d8 1 cm \/ Estuche 17.2 x 5.5 x 2.3 cm.<\/p>\n<p>Color madera<\/p>\n<p>&nbsp;<\/p>\n<h2>Mayoristas para cotizar set de lapices de bamb\u00fa por mayor ,lapices de madera para regalos personalizados con logo escribenos.<\/h2>\n","protected":false},"featured_media":7062,"comment_status":"closed","ping_status":"closed","template":"","meta":[],"product_brand":[],"product_cat":[96,98,63,69],"product_tag":[],"class_list":{"0":"post-7061","1":"product","2":"type-product","3":"status-publish","4":"has-post-thumbnail","6":"product_cat-regalos-ecologicos","7":"product_cat-lapices-corporativos","8":"product_cat-regalos-para-hombres","9":"product_cat-belleza-y-mujer","10":"thunk-woo-product-list","11":"opn-qv-enable","12":"top-store-woo-hover-zoom","13":"top-store-single-product-tab-horizontal","14":"top-store-shadow-","15":"top-store-shadow-hover-","17":"first","18":"instock","19":"taxable","20":"shipping-taxable","21":"purchasable","22":"product-type-simple"},"_links":{"self":[{"href":"https:\/\/www.vxmventaspormayor.cl\/vxm\/wp-json\/wp\/v2\/product\/7061","targetHints":{"allow":["GET"]}}],"collection":[{"href":"https:\/\/www.vxmventaspormayor.cl\/vxm\/wp-json\/wp\/v2\/product"}],"about":[{"href":"https:\/\/www.vxmventaspormayor.cl\/vxm\/wp-json\/wp\/v2\/types\/product"}],"replies":[{"embeddable":true,"href":"https:\/\/www.vxmventaspormayor.cl\/vxm\/wp-json\/wp\/v2\/comments?post=7061"}],"wp:featuredmedia":[{"embeddable":true,"href":"https:\/\/www.vxmventaspormayor.cl\/vxm\/wp-json\/wp\/v2\/media\/7062"}],"wp:attachment":[{"href":"https:\/\/www.vxmventaspormayor.cl\/vxm\/wp-json\/wp\/v2\/media?parent=7061"}],"wp:term":[{"taxonomy":"product_brand","embeddable":true,"href":"https:\/\/www.vxmventaspormayor.cl\/vxm\/wp-json\/wp\/v2\/product_brand?post=7061"},{"taxonomy":"product_cat","embeddable":true,"href":"https:\/\/www.vxmventaspormayor.cl\/vxm\/wp-json\/wp\/v2\/product_cat?post=7061"},{"taxonomy":"product_tag","embeddable":true,"href":"https:\/\/www.vxmventaspormayor.cl\/vxm\/wp-json\/wp\/v2\/product_tag?post=7061"}],"curies":[{"name":"wp","href":"https:\/\/api.w.org\/{rel}","templated":true}]}}