{"id":7054,"date":"2022-10-17T21:39:05","date_gmt":"2022-10-17T21:39:05","guid":{"rendered":"https:\/\/vxmventaspormayor.cl\/vxm\/?post_type=product&#038;p=7054"},"modified":"2022-10-17T21:39:07","modified_gmt":"2022-10-17T21:39:07","slug":"bolsa-canvas-algodon-10-onzas","status":"publish","type":"product","link":"https:\/\/www.vxmventaspormayor.cl\/vxm\/producto\/bolsa-canvas-algodon-10-onzas\/","title":{"rendered":"Bolsa Canvas Algod\u00f3n 10 onzas"},"content":{"rendered":"<h2>Bolsa Shopper Algod\u00f3n 10 onzas<\/h2>\n<p>Bolsa de compras grande 100% Canvas Algod\u00f3n natural de 10oz. (280 g\/m2). Contiene doble manilla cintas de Algod\u00f3n natural, detalle color: 1 manilla larga de 102 x 3 cm y 2 manillas cortas de 35 x 3 cm. aprox. c\/u.<\/p>\n<p>Tenga presente que este modelo de bolsa de algod\u00f3n, no es pre-lavada, por lo que puede encoger. Como su fabricaci\u00f3n es manual, son irregulares, debe advertir al cliente final que no son perfectas, que las manillas pueden estar a distinta altura y las medidas pueden variar entre una y otra bolsa. El material se arruga f\u00e1cilmente, sugerimos plancharlo antes de la impresi\u00f3n, sobre todo si va a imprimir logos grandes o frente completos, de lo contrario, el pedazo de tela bajo la arruga, quedar\u00e1 sin impresi\u00f3n y ocasionar\u00e1 una p\u00e9rdida de material. Ocasionalmente, al abrir una caja, podr\u00edan tener olor, se debe al l\u00edquido anti hongos. En ese caso, hay que ventilarlas o aplicar calor si las va a imprimir en pulpo digital.<\/p>\n","protected":false},"excerpt":{"rendered":"<h2>Bolsa Shopper\u00a0 Algod\u00f3n 10 onzas<\/h2>\n<p>Venta minima 20 unidades<\/p>\n<p>Bolsa de compras grande 100% Canvas Algod\u00f3n natural de 10oz. (280 g\/m2). Contiene doble manilla cintas de Algod\u00f3n natural, detalle color: 1 manilla larga de 102 x 3 cm y 2 manillas cortas de 35 x 3 cm. aprox. c\/u.<\/p>\n<p>Bolsa de algod\u00f3n personalizadas desde 30 unidades con logo estampado costo extra.<\/p>\n<h2>Mayoristas para cotizar bolsas de tela por mayor,bolsas de algod\u00f3n,bolsos de tela para mujer,bolsas para hombre ,bolsas de tela para regalos personalizadas escribenos<\/h2>\n","protected":false},"featured_media":7055,"comment_status":"closed","ping_status":"closed","template":"","meta":[],"product_brand":[],"product_cat":[31],"product_tag":[],"class_list":{"0":"post-7054","1":"product","2":"type-product","3":"status-publish","4":"has-post-thumbnail","6":"product_cat-bolsas-de-tela","7":"thunk-woo-product-list","8":"opn-qv-enable","9":"top-store-woo-hover-zoom","10":"top-store-single-product-tab-horizontal","11":"top-store-shadow-","12":"top-store-shadow-hover-","14":"first","15":"instock","16":"taxable","17":"shipping-taxable","18":"purchasable","19":"product-type-simple"},"_links":{"self":[{"href":"https:\/\/www.vxmventaspormayor.cl\/vxm\/wp-json\/wp\/v2\/product\/7054","targetHints":{"allow":["GET"]}}],"collection":[{"href":"https:\/\/www.vxmventaspormayor.cl\/vxm\/wp-json\/wp\/v2\/product"}],"about":[{"href":"https:\/\/www.vxmventaspormayor.cl\/vxm\/wp-json\/wp\/v2\/types\/product"}],"replies":[{"embeddable":true,"href":"https:\/\/www.vxmventaspormayor.cl\/vxm\/wp-json\/wp\/v2\/comments?post=7054"}],"wp:featuredmedia":[{"embeddable":true,"href":"https:\/\/www.vxmventaspormayor.cl\/vxm\/wp-json\/wp\/v2\/media\/7055"}],"wp:attachment":[{"href":"https:\/\/www.vxmventaspormayor.cl\/vxm\/wp-json\/wp\/v2\/media?parent=7054"}],"wp:term":[{"taxonomy":"product_brand","embeddable":true,"href":"https:\/\/www.vxmventaspormayor.cl\/vxm\/wp-json\/wp\/v2\/product_brand?post=7054"},{"taxonomy":"product_cat","embeddable":true,"href":"https:\/\/www.vxmventaspormayor.cl\/vxm\/wp-json\/wp\/v2\/product_cat?post=7054"},{"taxonomy":"product_tag","embeddable":true,"href":"https:\/\/www.vxmventaspormayor.cl\/vxm\/wp-json\/wp\/v2\/product_tag?post=7054"}],"curies":[{"name":"wp","href":"https:\/\/api.w.org\/{rel}","templated":true}]}}