{"id":7006,"date":"2022-09-24T01:10:23","date_gmt":"2022-09-24T01:10:23","guid":{"rendered":"https:\/\/vxmventaspormayor.cl\/vxm\/?post_type=product&#038;p=7006"},"modified":"2022-09-24T01:10:24","modified_gmt":"2022-09-24T01:10:24","slug":"set-cubo-ecologico-con-porta-lapices","status":"publish","type":"product","link":"https:\/\/www.vxmventaspormayor.cl\/vxm\/producto\/set-cubo-ecologico-con-porta-lapices\/","title":{"rendered":"Set Cubo Ecol\u00f3gico con Porta-L\u00e1pices"},"content":{"rendered":"<h2>\u00a0Set Cubo Ecol\u00f3gico con Porta-L\u00e1pices<\/h2>\n","protected":false},"excerpt":{"rendered":"<h2>\u00a0Set Cubo Ecol\u00f3gico con Porta-L\u00e1pices<\/h2>\n<p>Venta minima 30 unidades<\/p>\n<p>Memo set Ecol\u00f3gico retr\u00e1ctil con forma de Cubo en Cart\u00f3n. Incluye 500 hojas de notas cuadradas de colores, 50 notas adhesivas amarillas medianas, 125 banderitas adhesivas de colores y un compartimento porta-l\u00e1pices.<\/p>\n<p>Medidas aprox 9.5 x 9.5 x 9.5 cm.<\/p>\n<h3>Mayorista para cotizar set ecologicos en forma de cubo personalizados por mayor ,set ecologicos con notas adhesivas escribenos.<\/h3>\n<p>&nbsp;<\/p>\n<p>&nbsp;<\/p>\n<p>&nbsp;<\/p>\n","protected":false},"featured_media":7007,"comment_status":"closed","ping_status":"closed","template":"","meta":[],"product_brand":[],"product_cat":[88],"product_tag":[],"class_list":{"0":"post-7006","1":"product","2":"type-product","3":"status-publish","4":"has-post-thumbnail","6":"product_cat-libretas-y-cuadernos-personalizados-al-por-mayor","7":"thunk-woo-product-list","8":"opn-qv-enable","9":"top-store-woo-hover-zoom","10":"top-store-single-product-tab-horizontal","11":"top-store-shadow-","12":"top-store-shadow-hover-","14":"first","15":"instock","16":"taxable","17":"shipping-taxable","18":"purchasable","19":"product-type-simple"},"_links":{"self":[{"href":"https:\/\/www.vxmventaspormayor.cl\/vxm\/wp-json\/wp\/v2\/product\/7006","targetHints":{"allow":["GET"]}}],"collection":[{"href":"https:\/\/www.vxmventaspormayor.cl\/vxm\/wp-json\/wp\/v2\/product"}],"about":[{"href":"https:\/\/www.vxmventaspormayor.cl\/vxm\/wp-json\/wp\/v2\/types\/product"}],"replies":[{"embeddable":true,"href":"https:\/\/www.vxmventaspormayor.cl\/vxm\/wp-json\/wp\/v2\/comments?post=7006"}],"wp:featuredmedia":[{"embeddable":true,"href":"https:\/\/www.vxmventaspormayor.cl\/vxm\/wp-json\/wp\/v2\/media\/7007"}],"wp:attachment":[{"href":"https:\/\/www.vxmventaspormayor.cl\/vxm\/wp-json\/wp\/v2\/media?parent=7006"}],"wp:term":[{"taxonomy":"product_brand","embeddable":true,"href":"https:\/\/www.vxmventaspormayor.cl\/vxm\/wp-json\/wp\/v2\/product_brand?post=7006"},{"taxonomy":"product_cat","embeddable":true,"href":"https:\/\/www.vxmventaspormayor.cl\/vxm\/wp-json\/wp\/v2\/product_cat?post=7006"},{"taxonomy":"product_tag","embeddable":true,"href":"https:\/\/www.vxmventaspormayor.cl\/vxm\/wp-json\/wp\/v2\/product_tag?post=7006"}],"curies":[{"name":"wp","href":"https:\/\/api.w.org\/{rel}","templated":true}]}}