{"id":6998,"date":"2022-09-24T00:03:31","date_gmt":"2022-09-24T00:03:31","guid":{"rendered":"https:\/\/vxmventaspormayor.cl\/vxm\/?post_type=product&#038;p=6998"},"modified":"2022-09-24T00:04:36","modified_gmt":"2022-09-24T00:04:36","slug":"memo-set-ecologico-con-boligrafo","status":"publish","type":"product","link":"https:\/\/www.vxmventaspormayor.cl\/vxm\/producto\/memo-set-ecologico-con-boligrafo\/","title":{"rendered":"Memo Set Ecol\u00f3gico con Bol\u00edgrafo"},"content":{"rendered":"<h2>Memo Set Ecol\u00f3gico con Bol\u00edgrafo<\/h2>\n","protected":false},"excerpt":{"rendered":"<h2>Memo Set Ecol\u00f3gico con Bol\u00edgrafo<\/h2>\n<h3>Venta minima 30 unidades.<\/h3>\n<h2>Memo Set Ecol\u00f3gico con Bol\u00edgrafo<\/h2>\n<p>Memo Set Ecol\u00f3gico. Incluye 1 Bol\u00edgrafo Ecol\u00f3gico corto + 125 banderitas adhesivas de colores + 25 notas adhesivas rectangulares + Block de Notas con 60 hojas blancas lineadas. Terminaci\u00f3n Espiral Doble Cero Met\u00e1lico.<\/p>\n<p>Medidas aprox 8.7 x 12.5 x 0.5 cm.<\/p>\n<p>&nbsp;<\/p>\n<h2>Mayoristas para cotizar Memo set ecologicos con boligrafos para regalos corporativos y regalos empresariales ,regalos de escritorio personalizados por mayor escribenos.<\/h2>\n<p>&nbsp;<\/p>\n","protected":false},"featured_media":6999,"comment_status":"closed","ping_status":"closed","template":"","meta":[],"product_brand":[],"product_cat":[88],"product_tag":[],"class_list":{"0":"post-6998","1":"product","2":"type-product","3":"status-publish","4":"has-post-thumbnail","6":"product_cat-libretas-y-cuadernos-personalizados-al-por-mayor","7":"thunk-woo-product-list","8":"opn-qv-enable","9":"top-store-woo-hover-zoom","10":"top-store-single-product-tab-horizontal","11":"top-store-shadow-","12":"top-store-shadow-hover-","14":"first","15":"instock","16":"taxable","17":"shipping-taxable","18":"purchasable","19":"product-type-simple"},"_links":{"self":[{"href":"https:\/\/www.vxmventaspormayor.cl\/vxm\/wp-json\/wp\/v2\/product\/6998","targetHints":{"allow":["GET"]}}],"collection":[{"href":"https:\/\/www.vxmventaspormayor.cl\/vxm\/wp-json\/wp\/v2\/product"}],"about":[{"href":"https:\/\/www.vxmventaspormayor.cl\/vxm\/wp-json\/wp\/v2\/types\/product"}],"replies":[{"embeddable":true,"href":"https:\/\/www.vxmventaspormayor.cl\/vxm\/wp-json\/wp\/v2\/comments?post=6998"}],"wp:featuredmedia":[{"embeddable":true,"href":"https:\/\/www.vxmventaspormayor.cl\/vxm\/wp-json\/wp\/v2\/media\/6999"}],"wp:attachment":[{"href":"https:\/\/www.vxmventaspormayor.cl\/vxm\/wp-json\/wp\/v2\/media?parent=6998"}],"wp:term":[{"taxonomy":"product_brand","embeddable":true,"href":"https:\/\/www.vxmventaspormayor.cl\/vxm\/wp-json\/wp\/v2\/product_brand?post=6998"},{"taxonomy":"product_cat","embeddable":true,"href":"https:\/\/www.vxmventaspormayor.cl\/vxm\/wp-json\/wp\/v2\/product_cat?post=6998"},{"taxonomy":"product_tag","embeddable":true,"href":"https:\/\/www.vxmventaspormayor.cl\/vxm\/wp-json\/wp\/v2\/product_tag?post=6998"}],"curies":[{"name":"wp","href":"https:\/\/api.w.org\/{rel}","templated":true}]}}