{"id":6956,"date":"2022-09-21T00:33:09","date_gmt":"2022-09-21T00:33:09","guid":{"rendered":"https:\/\/vxmventaspormayor.cl\/vxm\/?post_type=product&#038;p=6956"},"modified":"2022-09-21T00:33:10","modified_gmt":"2022-09-21T00:33:10","slug":"libreta-eco-cuero","status":"publish","type":"product","link":"https:\/\/www.vxmventaspormayor.cl\/vxm\/producto\/libreta-eco-cuero\/","title":{"rendered":"Libreta Eco-Cuero"},"content":{"rendered":"<p>Libreta Eco-Cuero<\/p>\n","protected":false},"excerpt":{"rendered":"<h2>Libreta &#8211; Memo de Eco-Cuero<\/h2>\n<h3>Venta minima 20 unidades<\/h3>\n<p>Fina Libreta &#8211; Memo con cubierta de Eco-Cuero barnizado. Interior 80 hojas lineadas color crema de 80g\/m2.<\/p>\n<p>Informaci\u00f3n:<br \/>\nCalendarios 2020 &#8211; 2021 &#8211; 2022, C\u00f3digos Discado Directo de \u00c1rea nacional e internacional, Agenda telef\u00f3nica.<\/p>\n<p>14.8 x 21 x 1.3 cm (cerrado).<\/p>\n<h2>Mayoristas para cotizar libretas eco-cuero-personalizadas con logo ,libretas para regalos empresariales ,regalos ecologicos escribenos.<\/h2>\n","protected":false},"featured_media":6957,"comment_status":"closed","ping_status":"closed","template":"","meta":[],"product_brand":[],"product_cat":[88],"product_tag":[],"class_list":{"0":"post-6956","1":"product","2":"type-product","3":"status-publish","4":"has-post-thumbnail","6":"product_cat-libretas-y-cuadernos-personalizados-al-por-mayor","7":"thunk-woo-product-list","8":"opn-qv-enable","9":"top-store-woo-hover-zoom","10":"top-store-single-product-tab-horizontal","11":"top-store-shadow-","12":"top-store-shadow-hover-","14":"first","15":"instock","16":"sale","17":"taxable","18":"shipping-taxable","19":"purchasable","20":"product-type-simple"},"_links":{"self":[{"href":"https:\/\/www.vxmventaspormayor.cl\/vxm\/wp-json\/wp\/v2\/product\/6956","targetHints":{"allow":["GET"]}}],"collection":[{"href":"https:\/\/www.vxmventaspormayor.cl\/vxm\/wp-json\/wp\/v2\/product"}],"about":[{"href":"https:\/\/www.vxmventaspormayor.cl\/vxm\/wp-json\/wp\/v2\/types\/product"}],"replies":[{"embeddable":true,"href":"https:\/\/www.vxmventaspormayor.cl\/vxm\/wp-json\/wp\/v2\/comments?post=6956"}],"wp:featuredmedia":[{"embeddable":true,"href":"https:\/\/www.vxmventaspormayor.cl\/vxm\/wp-json\/wp\/v2\/media\/6957"}],"wp:attachment":[{"href":"https:\/\/www.vxmventaspormayor.cl\/vxm\/wp-json\/wp\/v2\/media?parent=6956"}],"wp:term":[{"taxonomy":"product_brand","embeddable":true,"href":"https:\/\/www.vxmventaspormayor.cl\/vxm\/wp-json\/wp\/v2\/product_brand?post=6956"},{"taxonomy":"product_cat","embeddable":true,"href":"https:\/\/www.vxmventaspormayor.cl\/vxm\/wp-json\/wp\/v2\/product_cat?post=6956"},{"taxonomy":"product_tag","embeddable":true,"href":"https:\/\/www.vxmventaspormayor.cl\/vxm\/wp-json\/wp\/v2\/product_tag?post=6956"}],"curies":[{"name":"wp","href":"https:\/\/api.w.org\/{rel}","templated":true}]}}