{"id":6911,"date":"2022-09-20T00:55:50","date_gmt":"2022-09-20T00:55:50","guid":{"rendered":"https:\/\/vxmventaspormayor.cl\/vxm\/?post_type=product&#038;p=6911"},"modified":"2022-09-20T00:55:51","modified_gmt":"2022-09-20T00:55:51","slug":"libretas-ecologicas-por-mayor","status":"publish","type":"product","link":"https:\/\/www.vxmventaspormayor.cl\/vxm\/producto\/libretas-ecologicas-por-mayor\/","title":{"rendered":"Libretas Ecol\u00f3gicas por mayor"},"content":{"rendered":"<h2>Libreta Ecol\u00f3gica<\/h2>\n","protected":false},"excerpt":{"rendered":"<h2>Libreta Ecol\u00f3gica<\/h2>\n<h3>Venta minima 30 unidades<\/h3>\n<p>Libreta Ecol\u00f3gica con tapas de cart\u00f3n reciclado, 50 hojas interiores blancas (croqueras). Incluye cierre elasticado de color y bol\u00edgrafo ecol\u00f3gico al tono.<\/p>\n<p>9 x 14 x 0.6 cm.<\/p>\n<h2><span style=\"color: #9325c2;\">Mayoristas para cotizar libretas por mayor,libretas ecologicas por mayor,libretas personalizadas escribenos a nuestro whatsapp o correo.<\/span><\/h2>\n","protected":false},"featured_media":6912,"comment_status":"closed","ping_status":"closed","template":"","meta":[],"product_brand":[],"product_cat":[88],"product_tag":[],"class_list":{"0":"post-6911","1":"product","2":"type-product","3":"status-publish","4":"has-post-thumbnail","6":"product_cat-libretas-y-cuadernos-personalizados-al-por-mayor","7":"thunk-woo-product-list","8":"opn-qv-enable","9":"top-store-woo-hover-zoom","10":"top-store-single-product-tab-horizontal","11":"top-store-shadow-","12":"top-store-shadow-hover-","14":"first","15":"instock","16":"taxable","17":"shipping-taxable","18":"purchasable","19":"product-type-simple"},"_links":{"self":[{"href":"https:\/\/www.vxmventaspormayor.cl\/vxm\/wp-json\/wp\/v2\/product\/6911","targetHints":{"allow":["GET"]}}],"collection":[{"href":"https:\/\/www.vxmventaspormayor.cl\/vxm\/wp-json\/wp\/v2\/product"}],"about":[{"href":"https:\/\/www.vxmventaspormayor.cl\/vxm\/wp-json\/wp\/v2\/types\/product"}],"replies":[{"embeddable":true,"href":"https:\/\/www.vxmventaspormayor.cl\/vxm\/wp-json\/wp\/v2\/comments?post=6911"}],"wp:featuredmedia":[{"embeddable":true,"href":"https:\/\/www.vxmventaspormayor.cl\/vxm\/wp-json\/wp\/v2\/media\/6912"}],"wp:attachment":[{"href":"https:\/\/www.vxmventaspormayor.cl\/vxm\/wp-json\/wp\/v2\/media?parent=6911"}],"wp:term":[{"taxonomy":"product_brand","embeddable":true,"href":"https:\/\/www.vxmventaspormayor.cl\/vxm\/wp-json\/wp\/v2\/product_brand?post=6911"},{"taxonomy":"product_cat","embeddable":true,"href":"https:\/\/www.vxmventaspormayor.cl\/vxm\/wp-json\/wp\/v2\/product_cat?post=6911"},{"taxonomy":"product_tag","embeddable":true,"href":"https:\/\/www.vxmventaspormayor.cl\/vxm\/wp-json\/wp\/v2\/product_tag?post=6911"}],"curies":[{"name":"wp","href":"https:\/\/api.w.org\/{rel}","templated":true}]}}