{"id":6904,"date":"2022-09-19T02:02:42","date_gmt":"2022-09-19T02:02:42","guid":{"rendered":"https:\/\/vxmventaspormayor.cl\/vxm\/?post_type=product&#038;p=6904"},"modified":"2022-09-19T02:02:43","modified_gmt":"2022-09-19T02:02:43","slug":"cuaderno-ecologico-compost","status":"publish","type":"product","link":"https:\/\/www.vxmventaspormayor.cl\/vxm\/producto\/cuaderno-ecologico-compost\/","title":{"rendered":"Cuaderno Ecol\u00f3gico Compost"},"content":{"rendered":"<h2>Cuaderno Ecol\u00f3gico Compost<\/h2>\n","protected":false},"excerpt":{"rendered":"<h2>Cuaderno Ecol\u00f3gico Compost<\/h2>\n<h3>Venta minima 10 unidades<\/h3>\n<p>Cuaderno Ecol\u00f3gico \u00abCompost\u00bb tama\u00f1o 1\/2 carta, con 70 hojas lisas amarillas. Tapas duras de Cart\u00f3n Reciclado 650gsm. Incluye cinta el\u00e1stica, bol\u00edgrafo de cart\u00f3n reciclado y bolsillo interno posterior. Presentaci\u00f3n en bolsa de polipropileno.<\/p>\n<p>15.2 x 20.9 x 1.3 cm.<\/p>\n<p>&nbsp;<\/p>\n<h2>Mayoristas escribenos para cotizar valores de cuadernos ecologicos por mayor ,cuadernos ecologicos personalizados.<\/h2>\n","protected":false},"featured_media":6905,"comment_status":"closed","ping_status":"closed","template":"","meta":[],"product_brand":[],"product_cat":[88],"product_tag":[],"class_list":{"0":"post-6904","1":"product","2":"type-product","3":"status-publish","4":"has-post-thumbnail","6":"product_cat-libretas-y-cuadernos-personalizados-al-por-mayor","7":"thunk-woo-product-list","8":"opn-qv-enable","9":"top-store-woo-hover-zoom","10":"top-store-single-product-tab-horizontal","11":"top-store-shadow-","12":"top-store-shadow-hover-","14":"first","15":"instock","16":"taxable","17":"shipping-taxable","18":"purchasable","19":"product-type-simple"},"_links":{"self":[{"href":"https:\/\/www.vxmventaspormayor.cl\/vxm\/wp-json\/wp\/v2\/product\/6904","targetHints":{"allow":["GET"]}}],"collection":[{"href":"https:\/\/www.vxmventaspormayor.cl\/vxm\/wp-json\/wp\/v2\/product"}],"about":[{"href":"https:\/\/www.vxmventaspormayor.cl\/vxm\/wp-json\/wp\/v2\/types\/product"}],"replies":[{"embeddable":true,"href":"https:\/\/www.vxmventaspormayor.cl\/vxm\/wp-json\/wp\/v2\/comments?post=6904"}],"wp:featuredmedia":[{"embeddable":true,"href":"https:\/\/www.vxmventaspormayor.cl\/vxm\/wp-json\/wp\/v2\/media\/6905"}],"wp:attachment":[{"href":"https:\/\/www.vxmventaspormayor.cl\/vxm\/wp-json\/wp\/v2\/media?parent=6904"}],"wp:term":[{"taxonomy":"product_brand","embeddable":true,"href":"https:\/\/www.vxmventaspormayor.cl\/vxm\/wp-json\/wp\/v2\/product_brand?post=6904"},{"taxonomy":"product_cat","embeddable":true,"href":"https:\/\/www.vxmventaspormayor.cl\/vxm\/wp-json\/wp\/v2\/product_cat?post=6904"},{"taxonomy":"product_tag","embeddable":true,"href":"https:\/\/www.vxmventaspormayor.cl\/vxm\/wp-json\/wp\/v2\/product_tag?post=6904"}],"curies":[{"name":"wp","href":"https:\/\/api.w.org\/{rel}","templated":true}]}}