{"id":6902,"date":"2022-09-19T01:45:03","date_gmt":"2022-09-19T01:45:03","guid":{"rendered":"https:\/\/vxmventaspormayor.cl\/vxm\/?post_type=product&#038;p=6902"},"modified":"2022-09-19T01:45:04","modified_gmt":"2022-09-19T01:45:04","slug":"cuaderno-ecologico-2","status":"publish","type":"product","link":"https:\/\/www.vxmventaspormayor.cl\/vxm\/producto\/cuaderno-ecologico-2\/","title":{"rendered":"Cuaderno Ecol\u00f3gico"},"content":{"rendered":"<h2>Cuaderno Ecol\u00f3gico<\/h2>\n","protected":false},"excerpt":{"rendered":"<h2><span style=\"color: #9427b3;\">Cuaderno Ecol\u00f3gico<\/span><\/h2>\n<h3>Venta minima 30 unidades<\/h3>\n<p>Cuaderno Ecol\u00f3gico grande (tama\u00f1o 1\/2 oficio) con tapas de cart\u00f3n reciclado y anillado doble cero, 50 hojas interiores blancas (croqueras). Incluye Bol\u00edgrafo ecol\u00f3gico.<\/p>\n<p>Medidas 15 x 21 x 1 cm.<\/p>\n<h2><span style=\"color: #9427b3;\">Mayoristas para cotizar cuadernos ecologicos por mayor,cuadernos ecologicos personalizados escribenos al whatsapp o correo<\/span><\/h2>\n","protected":false},"featured_media":6903,"comment_status":"closed","ping_status":"closed","template":"","meta":[],"product_brand":[],"product_cat":[88],"product_tag":[],"class_list":{"0":"post-6902","1":"product","2":"type-product","3":"status-publish","4":"has-post-thumbnail","6":"product_cat-libretas-y-cuadernos-personalizados-al-por-mayor","7":"thunk-woo-product-list","8":"opn-qv-enable","9":"top-store-woo-hover-zoom","10":"top-store-single-product-tab-horizontal","11":"top-store-shadow-","12":"top-store-shadow-hover-","14":"first","15":"instock","16":"taxable","17":"shipping-taxable","18":"purchasable","19":"product-type-simple"},"_links":{"self":[{"href":"https:\/\/www.vxmventaspormayor.cl\/vxm\/wp-json\/wp\/v2\/product\/6902","targetHints":{"allow":["GET"]}}],"collection":[{"href":"https:\/\/www.vxmventaspormayor.cl\/vxm\/wp-json\/wp\/v2\/product"}],"about":[{"href":"https:\/\/www.vxmventaspormayor.cl\/vxm\/wp-json\/wp\/v2\/types\/product"}],"replies":[{"embeddable":true,"href":"https:\/\/www.vxmventaspormayor.cl\/vxm\/wp-json\/wp\/v2\/comments?post=6902"}],"wp:featuredmedia":[{"embeddable":true,"href":"https:\/\/www.vxmventaspormayor.cl\/vxm\/wp-json\/wp\/v2\/media\/6903"}],"wp:attachment":[{"href":"https:\/\/www.vxmventaspormayor.cl\/vxm\/wp-json\/wp\/v2\/media?parent=6902"}],"wp:term":[{"taxonomy":"product_brand","embeddable":true,"href":"https:\/\/www.vxmventaspormayor.cl\/vxm\/wp-json\/wp\/v2\/product_brand?post=6902"},{"taxonomy":"product_cat","embeddable":true,"href":"https:\/\/www.vxmventaspormayor.cl\/vxm\/wp-json\/wp\/v2\/product_cat?post=6902"},{"taxonomy":"product_tag","embeddable":true,"href":"https:\/\/www.vxmventaspormayor.cl\/vxm\/wp-json\/wp\/v2\/product_tag?post=6902"}],"curies":[{"name":"wp","href":"https:\/\/api.w.org\/{rel}","templated":true}]}}