{"id":6895,"date":"2022-09-19T00:44:33","date_gmt":"2022-09-19T00:44:33","guid":{"rendered":"https:\/\/vxmventaspormayor.cl\/vxm\/?post_type=product&#038;p=6895"},"modified":"2022-09-19T00:44:34","modified_gmt":"2022-09-19T00:44:34","slug":"cuaderno-ecologico","status":"publish","type":"product","link":"https:\/\/www.vxmventaspormayor.cl\/vxm\/producto\/cuaderno-ecologico\/","title":{"rendered":"Cuaderno Ecol\u00f3gico"},"content":{"rendered":"<h2>Cuaderno Ecol\u00f3gico<\/h2>\n","protected":false},"excerpt":{"rendered":"<h2><span style=\"color: #681aa1;\">Cuaderno Ecol\u00f3gico<\/span><\/h2>\n<h3><span style=\"color: #681aa1;\">Venta minima 20 unidades<\/span><\/h3>\n<p>Cuaderno Ecol\u00f3gico con Tapas Duras de Color, en Cart\u00f3n Reciclado 650gsm, 70 hojas interiores cuadriculadas y anillado metalico doble cero. Incluye Bol\u00edgrafo Ecol\u00f3gico de cart\u00f3n troquelado, incrustado en la tapa.<\/p>\n<p>Medida 16 x 21 x 1 cm.<\/p>\n<p>Colores\u00a0 Azul , Rojo , Naranjo , Amarillo , Verde , Natural .<\/p>\n<p>&nbsp;<\/p>\n<h3><span style=\"color: #681aa1;\">Mayoristas para cotizar valores de cuadernos ecologicos por mayor,cuadernos ecologicos personalizados escribenos a nuestro whatsapp o correo<\/span><\/h3>\n<p>&nbsp;<\/p>\n","protected":false},"featured_media":6896,"comment_status":"closed","ping_status":"closed","template":"","meta":[],"product_brand":[],"product_cat":[88],"product_tag":[],"class_list":{"0":"post-6895","1":"product","2":"type-product","3":"status-publish","4":"has-post-thumbnail","6":"product_cat-libretas-y-cuadernos-personalizados-al-por-mayor","7":"thunk-woo-product-list","8":"opn-qv-enable","9":"top-store-woo-hover-zoom","10":"top-store-single-product-tab-horizontal","11":"top-store-shadow-","12":"top-store-shadow-hover-","14":"first","15":"instock","16":"taxable","17":"shipping-taxable","18":"purchasable","19":"product-type-simple"},"_links":{"self":[{"href":"https:\/\/www.vxmventaspormayor.cl\/vxm\/wp-json\/wp\/v2\/product\/6895","targetHints":{"allow":["GET"]}}],"collection":[{"href":"https:\/\/www.vxmventaspormayor.cl\/vxm\/wp-json\/wp\/v2\/product"}],"about":[{"href":"https:\/\/www.vxmventaspormayor.cl\/vxm\/wp-json\/wp\/v2\/types\/product"}],"replies":[{"embeddable":true,"href":"https:\/\/www.vxmventaspormayor.cl\/vxm\/wp-json\/wp\/v2\/comments?post=6895"}],"wp:featuredmedia":[{"embeddable":true,"href":"https:\/\/www.vxmventaspormayor.cl\/vxm\/wp-json\/wp\/v2\/media\/6896"}],"wp:attachment":[{"href":"https:\/\/www.vxmventaspormayor.cl\/vxm\/wp-json\/wp\/v2\/media?parent=6895"}],"wp:term":[{"taxonomy":"product_brand","embeddable":true,"href":"https:\/\/www.vxmventaspormayor.cl\/vxm\/wp-json\/wp\/v2\/product_brand?post=6895"},{"taxonomy":"product_cat","embeddable":true,"href":"https:\/\/www.vxmventaspormayor.cl\/vxm\/wp-json\/wp\/v2\/product_cat?post=6895"},{"taxonomy":"product_tag","embeddable":true,"href":"https:\/\/www.vxmventaspormayor.cl\/vxm\/wp-json\/wp\/v2\/product_tag?post=6895"}],"curies":[{"name":"wp","href":"https:\/\/api.w.org\/{rel}","templated":true}]}}