{"id":6860,"date":"2022-09-12T22:30:46","date_gmt":"2022-09-12T22:30:46","guid":{"rendered":"https:\/\/vxmventaspormayor.cl\/vxm\/?post_type=product&#038;p=6860"},"modified":"2022-09-12T22:34:07","modified_gmt":"2022-09-12T22:34:07","slug":"balon-de-futbol","status":"publish","type":"product","link":"https:\/\/www.vxmventaspormayor.cl\/vxm\/producto\/balon-de-futbol\/","title":{"rendered":"Bal\u00f3n de F\u00fatbol N\u00ba5"},"content":{"rendered":"<h2>Bal\u00f3n de F\u00fatbol N\u00ba5<\/h2>\n<p>Balones de futbol por mayor,balones de futbol Chile<\/p>\n","protected":false},"excerpt":{"rendered":"<h2>Bal\u00f3n de F\u00fatbol N\u00ba5<\/h2>\n<h2>Venta minima 10 unidades<\/h2>\n<p>Bal\u00f3n de F\u00fatbol N\u00b05 de cuero sint\u00e9tico PVC 2.0mm de grosor, 32 paneles hexagonales (2 pares de paneles fusionados para logos horizontales de mayor tama\u00f1o), 2 capas, costuras a m\u00e1quina, c\u00e1mara de aire de goma. Incluye aguja infladora.<\/p>\n<p>Sugerencia de Inflado:<br \/>\nAntes de introducir la aguja infladora en la v\u00e1lvula negra, se sugiere separar manualmente el bal\u00f3n desinflado, para evitar que se da\u00f1e la membrana interior que retiene el aire dentro del bal\u00f3n.<\/p>\n<p>Colores blanco-plata-rojo<\/p>\n<p>Se puede personalizar con logo desde 30 unidades<\/p>\n<p>&nbsp;<\/p>\n<h2>Mayoristas<\/h2>\n<p>Para cotizar valores mayoristas de balones de futbol por mayor,balones de futbol personalizados escribenos a nuestro whatsapp o correo<\/p>\n","protected":false},"featured_media":6861,"comment_status":"closed","ping_status":"closed","template":"","meta":[],"product_brand":[],"product_cat":[94],"product_tag":[],"class_list":{"0":"post-6860","1":"product","2":"type-product","3":"status-publish","4":"has-post-thumbnail","6":"product_cat-deportes","7":"thunk-woo-product-list","8":"opn-qv-enable","9":"top-store-woo-hover-zoom","10":"top-store-single-product-tab-horizontal","11":"top-store-shadow-","12":"top-store-shadow-hover-","14":"first","15":"instock","16":"taxable","17":"shipping-taxable","18":"purchasable","19":"product-type-simple"},"_links":{"self":[{"href":"https:\/\/www.vxmventaspormayor.cl\/vxm\/wp-json\/wp\/v2\/product\/6860","targetHints":{"allow":["GET"]}}],"collection":[{"href":"https:\/\/www.vxmventaspormayor.cl\/vxm\/wp-json\/wp\/v2\/product"}],"about":[{"href":"https:\/\/www.vxmventaspormayor.cl\/vxm\/wp-json\/wp\/v2\/types\/product"}],"replies":[{"embeddable":true,"href":"https:\/\/www.vxmventaspormayor.cl\/vxm\/wp-json\/wp\/v2\/comments?post=6860"}],"wp:featuredmedia":[{"embeddable":true,"href":"https:\/\/www.vxmventaspormayor.cl\/vxm\/wp-json\/wp\/v2\/media\/6861"}],"wp:attachment":[{"href":"https:\/\/www.vxmventaspormayor.cl\/vxm\/wp-json\/wp\/v2\/media?parent=6860"}],"wp:term":[{"taxonomy":"product_brand","embeddable":true,"href":"https:\/\/www.vxmventaspormayor.cl\/vxm\/wp-json\/wp\/v2\/product_brand?post=6860"},{"taxonomy":"product_cat","embeddable":true,"href":"https:\/\/www.vxmventaspormayor.cl\/vxm\/wp-json\/wp\/v2\/product_cat?post=6860"},{"taxonomy":"product_tag","embeddable":true,"href":"https:\/\/www.vxmventaspormayor.cl\/vxm\/wp-json\/wp\/v2\/product_tag?post=6860"}],"curies":[{"name":"wp","href":"https:\/\/api.w.org\/{rel}","templated":true}]}}