{"id":6852,"date":"2022-09-12T21:10:26","date_gmt":"2022-09-12T21:10:26","guid":{"rendered":"https:\/\/vxmventaspormayor.cl\/vxm\/?post_type=product&#038;p=6852"},"modified":"2022-09-12T21:10:27","modified_gmt":"2022-09-12T21:10:27","slug":"bolso-deportivo-pequeno","status":"publish","type":"product","link":"https:\/\/www.vxmventaspormayor.cl\/vxm\/producto\/bolso-deportivo-pequeno\/","title":{"rendered":"Bolso deportivo peque\u00f1o"},"content":{"rendered":"<h2>Bolso deportivo peque\u00f1o<\/h2>\n","protected":false},"excerpt":{"rendered":"<h2>Bolso deportivo peque\u00f1o<\/h2>\n<p>Bolso Deportivo peque\u00f1o modelo\u00a0 ideal para viajes, como Bolso de Mano, por su pr\u00e1ctico tama\u00f1o compacto, en tela Poli\u00e9ster 600D.<\/p>\n<p>Tama\u00f1o 38 x 23 x 23 cm.<\/p>\n<p>capacidad\u00a0 20,1 lts<\/p>\n<p>&nbsp;<\/p>\n<h2>Mayoristas<\/h2>\n<p>Para cotizar valores mayoristas de bolsos deportivos por mayor,bolsos deportivos personalizados escribenos al whatsapp o correo.<\/p>\n","protected":false},"featured_media":6853,"comment_status":"closed","ping_status":"closed","template":"","meta":[],"product_brand":[],"product_cat":[94],"product_tag":[],"class_list":{"0":"post-6852","1":"product","2":"type-product","3":"status-publish","4":"has-post-thumbnail","6":"product_cat-deportes","7":"thunk-woo-product-list","8":"opn-qv-enable","9":"top-store-woo-hover-zoom","10":"top-store-single-product-tab-horizontal","11":"top-store-shadow-","12":"top-store-shadow-hover-","14":"first","15":"instock","16":"sale","17":"taxable","18":"shipping-taxable","19":"purchasable","20":"product-type-simple"},"_links":{"self":[{"href":"https:\/\/www.vxmventaspormayor.cl\/vxm\/wp-json\/wp\/v2\/product\/6852","targetHints":{"allow":["GET"]}}],"collection":[{"href":"https:\/\/www.vxmventaspormayor.cl\/vxm\/wp-json\/wp\/v2\/product"}],"about":[{"href":"https:\/\/www.vxmventaspormayor.cl\/vxm\/wp-json\/wp\/v2\/types\/product"}],"replies":[{"embeddable":true,"href":"https:\/\/www.vxmventaspormayor.cl\/vxm\/wp-json\/wp\/v2\/comments?post=6852"}],"wp:featuredmedia":[{"embeddable":true,"href":"https:\/\/www.vxmventaspormayor.cl\/vxm\/wp-json\/wp\/v2\/media\/6853"}],"wp:attachment":[{"href":"https:\/\/www.vxmventaspormayor.cl\/vxm\/wp-json\/wp\/v2\/media?parent=6852"}],"wp:term":[{"taxonomy":"product_brand","embeddable":true,"href":"https:\/\/www.vxmventaspormayor.cl\/vxm\/wp-json\/wp\/v2\/product_brand?post=6852"},{"taxonomy":"product_cat","embeddable":true,"href":"https:\/\/www.vxmventaspormayor.cl\/vxm\/wp-json\/wp\/v2\/product_cat?post=6852"},{"taxonomy":"product_tag","embeddable":true,"href":"https:\/\/www.vxmventaspormayor.cl\/vxm\/wp-json\/wp\/v2\/product_tag?post=6852"}],"curies":[{"name":"wp","href":"https:\/\/api.w.org\/{rel}","templated":true}]}}