{"id":6770,"date":"2022-08-28T00:23:55","date_gmt":"2022-08-28T00:23:55","guid":{"rendered":"https:\/\/vxmventaspormayor.cl\/vxm\/?post_type=product&#038;p=6770"},"modified":"2022-08-28T00:23:57","modified_gmt":"2022-08-28T00:23:57","slug":"mesa-plegable-rectangular","status":"publish","type":"product","link":"https:\/\/www.vxmventaspormayor.cl\/vxm\/producto\/mesa-plegable-rectangular\/","title":{"rendered":"Mesa plegable rectangular"},"content":{"rendered":"<h2>Mesa plegable rectangular<\/h2>\n<p>Medidas 110x60x72<\/p>\n","protected":false},"excerpt":{"rendered":"<h2>Mesa rectangular<\/h2>\n<p>Mesa Pl\u00e1stica rectangular de Polipropileno. Cuenta con base de 4 patas desarmables adosadas (unidas entre s\u00ed), lo que le da una resistancia y estabilidad superior a los modelos nacionales, con topes anti-deslizantes en las 4 patas. Ideal para terrazas, jardines, playa o eventos. Puede usarse tanto en interiores como en exterior. Es muy liviana, pesa s\u00f3lo 6.2 kgs. y como es desarmable, ocupa poco espacio y es muy f\u00e1cil de trasladar y guardar en grandes cantidades. F\u00e1cil de lavar. Producto importado de calidad superior.<\/p>\n<p>&nbsp;<\/p>\n<p>Medidas 110x60x72<\/p>\n","protected":false},"featured_media":6771,"comment_status":"closed","ping_status":"closed","template":"","meta":[],"product_brand":[],"product_cat":[91],"product_tag":[],"class_list":{"0":"post-6770","1":"product","2":"type-product","3":"status-publish","4":"has-post-thumbnail","6":"product_cat-muebles-y-accesorios-personalizados-para-terraza","7":"thunk-woo-product-list","8":"opn-qv-enable","9":"top-store-woo-hover-zoom","10":"top-store-single-product-tab-horizontal","11":"top-store-shadow-","12":"top-store-shadow-hover-","14":"first","15":"instock","16":"taxable","17":"shipping-taxable","18":"product-type-simple"},"_links":{"self":[{"href":"https:\/\/www.vxmventaspormayor.cl\/vxm\/wp-json\/wp\/v2\/product\/6770","targetHints":{"allow":["GET"]}}],"collection":[{"href":"https:\/\/www.vxmventaspormayor.cl\/vxm\/wp-json\/wp\/v2\/product"}],"about":[{"href":"https:\/\/www.vxmventaspormayor.cl\/vxm\/wp-json\/wp\/v2\/types\/product"}],"replies":[{"embeddable":true,"href":"https:\/\/www.vxmventaspormayor.cl\/vxm\/wp-json\/wp\/v2\/comments?post=6770"}],"wp:featuredmedia":[{"embeddable":true,"href":"https:\/\/www.vxmventaspormayor.cl\/vxm\/wp-json\/wp\/v2\/media\/6771"}],"wp:attachment":[{"href":"https:\/\/www.vxmventaspormayor.cl\/vxm\/wp-json\/wp\/v2\/media?parent=6770"}],"wp:term":[{"taxonomy":"product_brand","embeddable":true,"href":"https:\/\/www.vxmventaspormayor.cl\/vxm\/wp-json\/wp\/v2\/product_brand?post=6770"},{"taxonomy":"product_cat","embeddable":true,"href":"https:\/\/www.vxmventaspormayor.cl\/vxm\/wp-json\/wp\/v2\/product_cat?post=6770"},{"taxonomy":"product_tag","embeddable":true,"href":"https:\/\/www.vxmventaspormayor.cl\/vxm\/wp-json\/wp\/v2\/product_tag?post=6770"}],"curies":[{"name":"wp","href":"https:\/\/api.w.org\/{rel}","templated":true}]}}