{"id":6653,"date":"2022-08-04T01:35:49","date_gmt":"2022-08-04T01:35:49","guid":{"rendered":"https:\/\/vxmventaspormayor.cl\/vxm\/?post_type=product&#038;p=6653"},"modified":"2022-08-06T23:01:18","modified_gmt":"2022-08-06T23:01:18","slug":"gorro-de-cocina-gorro-chef","status":"publish","type":"product","link":"https:\/\/www.vxmventaspormayor.cl\/vxm\/producto\/gorro-de-cocina-gorro-chef\/","title":{"rendered":"Gorro de cocina-gorro chef"},"content":{"rendered":"<h2><span style=\"color: #800080;\">Gorro de cocina publicitario-gorro de chef corporativo<\/span><\/h2>\n<h2><span style=\"color: #800080;\">Gorro chef\u00a0 15 colores para elegir<\/span><\/h2>\n<p>Es un ideal regalo para la cocina y bbq se puede personalizar con logo restampado o bordado y hay 15 colores para elegir.<\/p>\n<p>talla unica estandar,es sin ajuste velcro ,ya que esta fabricado en talla adulto estandar y se ajusta a toda cabeza adulta<\/p>\n<p>tela poliester 100 por ciento se puede estampar o bordar<\/p>\n<p>&nbsp;<\/p>\n<h2><b>Mayoristas<\/b><\/h2>\n<p><span style=\"font-weight: 400;\">Para consultar valores mayoristas de gorros de cocina, gorros de chef corporativos,gorros de cocina para empresas ,gorros de chef de cocina y bbq ,gorros de cocina al por mayor ,y cotizar bordados y estampados escr\u00edbenos a nuestro whatsapp que est\u00e1 al inicio de la p\u00e1gina al correo o en el bot\u00f3n cotizar.<\/span><\/p>\n","protected":false},"excerpt":{"rendered":"<h2><span style=\"color: #800080;\">Gorro de cocina-Gorro chef\u00a0 15 colores para elegir<\/span><\/h2>\n<p>El valor es por 1 unidad sin logo<\/p>\n<p>Gorro chef simple publicitario<\/p>\n<p>Venta minima 10 unidades<\/p>\n<p>Talla adulto estandar<\/p>\n<p>tela poliester 100 por ciento se puede estampar o bordar<\/p>\n<p>15 colores para elegir y combinar<\/p>\n<h2><span style=\"color: #800080;\"><b>Mayoristas<\/b><\/span><\/h2>\n<p><span style=\"font-weight: 400;\">Para consultar valores mayoristas de gorros de cocina, gorros de chef corporativos,gorros de cocina para empresas ,gorros de chef de cocina y bbq ,gorros de cocina al por mayor ,y cotizar bordados y estampados escr\u00edbenos a nuestro whatsapp que est\u00e1 al inicio de la p\u00e1gina al correo o en el bot\u00f3n cotizar.<\/span><\/p>\n<p>&nbsp;<\/p>\n","protected":false},"featured_media":6654,"comment_status":"closed","ping_status":"closed","template":"","meta":[],"product_brand":[],"product_cat":[60,85,89],"product_tag":[],"class_list":{"0":"post-6653","1":"product","2":"type-product","3":"status-publish","4":"has-post-thumbnail","6":"product_cat-parrilla-y-bbq","7":"product_cat-gorros-y-bandanas","8":"product_cat-regalos-18-de-septiembre","9":"thunk-woo-product-list","10":"opn-qv-enable","11":"top-store-woo-hover-zoom","12":"top-store-single-product-tab-horizontal","13":"top-store-shadow-","14":"top-store-shadow-hover-","16":"first","17":"instock","18":"taxable","19":"shipping-taxable","20":"purchasable","21":"product-type-simple"},"_links":{"self":[{"href":"https:\/\/www.vxmventaspormayor.cl\/vxm\/wp-json\/wp\/v2\/product\/6653","targetHints":{"allow":["GET"]}}],"collection":[{"href":"https:\/\/www.vxmventaspormayor.cl\/vxm\/wp-json\/wp\/v2\/product"}],"about":[{"href":"https:\/\/www.vxmventaspormayor.cl\/vxm\/wp-json\/wp\/v2\/types\/product"}],"replies":[{"embeddable":true,"href":"https:\/\/www.vxmventaspormayor.cl\/vxm\/wp-json\/wp\/v2\/comments?post=6653"}],"wp:featuredmedia":[{"embeddable":true,"href":"https:\/\/www.vxmventaspormayor.cl\/vxm\/wp-json\/wp\/v2\/media\/6654"}],"wp:attachment":[{"href":"https:\/\/www.vxmventaspormayor.cl\/vxm\/wp-json\/wp\/v2\/media?parent=6653"}],"wp:term":[{"taxonomy":"product_brand","embeddable":true,"href":"https:\/\/www.vxmventaspormayor.cl\/vxm\/wp-json\/wp\/v2\/product_brand?post=6653"},{"taxonomy":"product_cat","embeddable":true,"href":"https:\/\/www.vxmventaspormayor.cl\/vxm\/wp-json\/wp\/v2\/product_cat?post=6653"},{"taxonomy":"product_tag","embeddable":true,"href":"https:\/\/www.vxmventaspormayor.cl\/vxm\/wp-json\/wp\/v2\/product_tag?post=6653"}],"curies":[{"name":"wp","href":"https:\/\/api.w.org\/{rel}","templated":true}]}}