{"id":6651,"date":"2022-08-04T01:10:27","date_gmt":"2022-08-04T01:10:27","guid":{"rendered":"https:\/\/vxmventaspormayor.cl\/vxm\/?post_type=product&#038;p=6651"},"modified":"2022-12-17T22:05:34","modified_gmt":"2022-12-17T22:05:34","slug":"set-parrilla-bbq","status":"publish","type":"product","link":"https:\/\/www.vxmventaspormayor.cl\/vxm\/producto\/set-parrilla-bbq\/","title":{"rendered":"Set BBQ en Malet\u00edn Pl\u00e1stico,set parrillero"},"content":{"rendered":"<h2>Set BBQ en Malet\u00edn Pl\u00e1stico,set parrillero<\/h2>\n<h2><span style=\"color: #800080;\">Set parrilla<\/span><\/h2>\n<p>Set de 7 herramientas de BBQ en Malet\u00edn de pl\u00e1stico duro negro. Con ventana rectangular lisa exterior para aplicar logo.<\/p>\n<p>&nbsp;<\/p>\n<h2><span style=\"color: #800080;\"><b>Mayoristas<\/b><\/span><\/h2>\n<p><span style=\"font-weight: 400;\">Para consultar valores mayoristas de set de bbq ,set de asados corporativos con logo, set de cocina para empresas por mayor ,set parrilleros con logo,y cotizar bordados y estrampados escr\u00edbenos a nuestro whatsapp que est\u00e1 al inicio de la p\u00e1gina al correo o en el bot\u00f3n cotizar.<\/span><\/p>\n","protected":false},"excerpt":{"rendered":"<h2>Set BBQ en Malet\u00edn Pl\u00e1stico,set parrillero<\/h2>\n<p>Venta minima 1 unidad<\/p>\n<p>Util y practico regalo ,Set de 7 herramientas de BBQ en Malet\u00edn de pl\u00e1stico duro negro.<\/p>\n<p>Medidas 40&#215;50 abierto<\/p>\n<h2><span style=\"color: #800080;\"><b>Mayoristas<\/b><\/span><\/h2>\n<p><span style=\"font-weight: 400;\">Para consultar valores mayoristas de set de bbq ,set de asados corporativos con logo, set de cocina para empresas por mayor ,set parrilleros con logo,y cotizar bordados y estrampados escr\u00edbenos a nuestro whatsapp que est\u00e1 al inicio de la p\u00e1gina al correo o en el bot\u00f3n cotizar.<\/span><\/p>\n<p><img loading=\"lazy\" decoding=\"async\" class=\"alignnone  wp-image-7096 alignright\" src=\"https:\/\/vxmventaspormayor.cl\/vxm\/wp-content\/uploads\/2022\/12\/camas-mascotas-grandes-camas-impermeables-para-perros.jpg\" alt=\"regalos navidad,regalos dia de la madre,regalos dia de la mujer,acido hialuronico,venta de acido hialuronico\" width=\"140\" height=\"86\" srcset=\"https:\/\/www.vxmventaspormayor.cl\/vxm\/wp-content\/uploads\/2022\/12\/camas-mascotas-grandes-camas-impermeables-para-perros.jpg 258w, https:\/\/www.vxmventaspormayor.cl\/vxm\/wp-content\/uploads\/2022\/12\/camas-mascotas-grandes-camas-impermeables-para-perros-48x29.jpg 48w\" sizes=\"auto, (max-width: 140px) 100vw, 140px\" \/><\/p>\n","protected":false},"featured_media":6652,"comment_status":"closed","ping_status":"closed","template":"","meta":[],"product_brand":[],"product_cat":[89,64,60],"product_tag":[],"class_list":{"0":"post-6651","1":"product","2":"type-product","3":"status-publish","4":"has-post-thumbnail","6":"product_cat-regalos-18-de-septiembre","7":"product_cat-herramientas-parrilleras","8":"product_cat-parrilla-y-bbq","9":"thunk-woo-product-list","10":"opn-qv-enable","11":"top-store-woo-hover-zoom","12":"top-store-single-product-tab-horizontal","13":"top-store-shadow-","14":"top-store-shadow-hover-","16":"first","17":"instock","18":"sale","19":"taxable","20":"shipping-taxable","21":"purchasable","22":"product-type-simple"},"_links":{"self":[{"href":"https:\/\/www.vxmventaspormayor.cl\/vxm\/wp-json\/wp\/v2\/product\/6651","targetHints":{"allow":["GET"]}}],"collection":[{"href":"https:\/\/www.vxmventaspormayor.cl\/vxm\/wp-json\/wp\/v2\/product"}],"about":[{"href":"https:\/\/www.vxmventaspormayor.cl\/vxm\/wp-json\/wp\/v2\/types\/product"}],"replies":[{"embeddable":true,"href":"https:\/\/www.vxmventaspormayor.cl\/vxm\/wp-json\/wp\/v2\/comments?post=6651"}],"wp:featuredmedia":[{"embeddable":true,"href":"https:\/\/www.vxmventaspormayor.cl\/vxm\/wp-json\/wp\/v2\/media\/6652"}],"wp:attachment":[{"href":"https:\/\/www.vxmventaspormayor.cl\/vxm\/wp-json\/wp\/v2\/media?parent=6651"}],"wp:term":[{"taxonomy":"product_brand","embeddable":true,"href":"https:\/\/www.vxmventaspormayor.cl\/vxm\/wp-json\/wp\/v2\/product_brand?post=6651"},{"taxonomy":"product_cat","embeddable":true,"href":"https:\/\/www.vxmventaspormayor.cl\/vxm\/wp-json\/wp\/v2\/product_cat?post=6651"},{"taxonomy":"product_tag","embeddable":true,"href":"https:\/\/www.vxmventaspormayor.cl\/vxm\/wp-json\/wp\/v2\/product_tag?post=6651"}],"curies":[{"name":"wp","href":"https:\/\/api.w.org\/{rel}","templated":true}]}}