{"id":6633,"date":"2022-08-03T23:16:33","date_gmt":"2022-08-03T23:16:33","guid":{"rendered":"https:\/\/vxmventaspormayor.cl\/vxm\/?post_type=product&#038;p=6633"},"modified":"2022-08-03T23:18:37","modified_gmt":"2022-08-03T23:18:37","slug":"gorro-de-lana-bluetooth","status":"publish","type":"product","link":"https:\/\/www.vxmventaspormayor.cl\/vxm\/producto\/gorro-de-lana-bluetooth\/","title":{"rendered":"Gorro de Lana Bluetooth"},"content":{"rendered":"<h2>Gorro de Lana Bluetooth<\/h2>\n<p>&nbsp;<\/p>\n<p>Gorro de Lana con aud\u00edfonos Bluetooth incorporados. Incluye cable de conexi\u00f3n USB \/ Micro USB. Incluye funciones externas de avance y volumen de m\u00fasica. El regalo perfecto para escuchar tu m\u00fasica personal, mientras realizas tus actividades favoritas en esas fr\u00edas ma\u00f1anas,para viajes,aventuras,regalos corporativos.<\/p>\n<p>&nbsp;<\/p>\n<h2><b>Mayoristas<\/b><\/h2>\n<p><span style=\"font-weight: 400;\">Para consultar valores mayoristas de gorros bluetooth por mayor ,comprar gorros bluetooth corporativos, gorros bluetooth personalizados para empresas por mayor ,gorros bluetooth con logo,y cotizar bordados escr\u00edbenos a nuestro whatsapp que est\u00e1 al inicio de la p\u00e1gina al correo o en el bot\u00f3n cotizar.<\/span><\/p>\n","protected":false},"excerpt":{"rendered":"<h2>Gorro de Lana Bluetooth<\/h2>\n<h3>Venta minima 20 unidades<\/h3>\n<p>Gorro de Lana con aud\u00edfonos Bluetooth incorporados. Incluye cable de conexi\u00f3n USB \/ Micro USB. Incluye funciones externas de avance y volumen de m\u00fasica.<\/p>\n<p>&nbsp;<\/p>\n<h2><b>Mayoristas<\/b><\/h2>\n<p><span style=\"font-weight: 400;\">Para consultar valores mayoristas de gorros bluetooth por mayor ,comprar gorros bluetooth corporativos, gorros bluetooth personalizados para empresas por mayor ,gorros bluetooth con logo,y cotizar bordados escr\u00edbenos a nuestro whatsapp que est\u00e1 al inicio de la p\u00e1gina al correo o en el bot\u00f3n cotizar.<\/span><\/p>\n","protected":false},"featured_media":6635,"comment_status":"closed","ping_status":"closed","template":"","meta":[],"product_brand":[],"product_cat":[85],"product_tag":[],"class_list":{"0":"post-6633","1":"product","2":"type-product","3":"status-publish","4":"has-post-thumbnail","6":"product_cat-gorros-y-bandanas","7":"thunk-woo-product-list","8":"opn-qv-enable","9":"top-store-woo-hover-zoom","10":"top-store-single-product-tab-horizontal","11":"top-store-shadow-","12":"top-store-shadow-hover-","14":"first","15":"instock","16":"taxable","17":"shipping-taxable","18":"purchasable","19":"product-type-simple"},"_links":{"self":[{"href":"https:\/\/www.vxmventaspormayor.cl\/vxm\/wp-json\/wp\/v2\/product\/6633","targetHints":{"allow":["GET"]}}],"collection":[{"href":"https:\/\/www.vxmventaspormayor.cl\/vxm\/wp-json\/wp\/v2\/product"}],"about":[{"href":"https:\/\/www.vxmventaspormayor.cl\/vxm\/wp-json\/wp\/v2\/types\/product"}],"replies":[{"embeddable":true,"href":"https:\/\/www.vxmventaspormayor.cl\/vxm\/wp-json\/wp\/v2\/comments?post=6633"}],"wp:featuredmedia":[{"embeddable":true,"href":"https:\/\/www.vxmventaspormayor.cl\/vxm\/wp-json\/wp\/v2\/media\/6635"}],"wp:attachment":[{"href":"https:\/\/www.vxmventaspormayor.cl\/vxm\/wp-json\/wp\/v2\/media?parent=6633"}],"wp:term":[{"taxonomy":"product_brand","embeddable":true,"href":"https:\/\/www.vxmventaspormayor.cl\/vxm\/wp-json\/wp\/v2\/product_brand?post=6633"},{"taxonomy":"product_cat","embeddable":true,"href":"https:\/\/www.vxmventaspormayor.cl\/vxm\/wp-json\/wp\/v2\/product_cat?post=6633"},{"taxonomy":"product_tag","embeddable":true,"href":"https:\/\/www.vxmventaspormayor.cl\/vxm\/wp-json\/wp\/v2\/product_tag?post=6633"}],"curies":[{"name":"wp","href":"https:\/\/api.w.org\/{rel}","templated":true}]}}