{"id":6629,"date":"2022-08-03T22:14:37","date_gmt":"2022-08-03T22:14:37","guid":{"rendered":"https:\/\/vxmventaspormayor.cl\/vxm\/?post_type=product&#038;p=6629"},"modified":"2022-08-03T22:18:30","modified_gmt":"2022-08-03T22:18:30","slug":"gorro-led-de-lana-con-linterna-led","status":"publish","type":"product","link":"https:\/\/www.vxmventaspormayor.cl\/vxm\/producto\/gorro-led-de-lana-con-linterna-led\/","title":{"rendered":"Gorro Led de lana con linterna Led"},"content":{"rendered":"<h3>Gorro Led de lana<\/h3>\n<p>Gorro de Lana con linterna LED, 3 niveles de luz: Estrobosc\u00f3pica, Luz est\u00e1ndar, Luz potente.<\/p>\n<p>&nbsp;<\/p>\n<h2><b>Mayoristas<\/b><\/h2>\n<p><span style=\"font-weight: 400;\">Para consultar valores mayoristas de gorros led por mayor ,comprar gorros led corporativos, gorros led personalizados para empresas por mayor ,gorros led con logo,y cotizar bordados escr\u00edbenos a nuestro whatsapp que est\u00e1 al inicio de la p\u00e1gina al correo o en el bot\u00f3n cotizar.<\/span><\/p>\n<p>&nbsp;<\/p>\n","protected":false},"excerpt":{"rendered":"<h3>Gorro Led de lana<\/h3>\n<p>Disponible en 6 colores para elegir<\/p>\n<p>Gorro de Lana con linterna LED, 3 niveles de luz: Estrobosc\u00f3pica, Luz est\u00e1ndar, Luz potente.<\/p>\n<h3>Venta minima 20 unidades.<\/h3>\n<p>Sobre 30 uniddaes $8069 mas iva cada uno<\/p>\n<h2><b>Mayoristas<\/b><\/h2>\n<p><span style=\"font-weight: 400;\">Para consultar valores mayoristas de gorros led por mayor ,comprar gorros led corporativos, gorros led personalizados para empresas por mayor ,gorros led con logo,y cotizar bordados escr\u00edbenos a nuestro whatsapp que est\u00e1 al inicio de la p\u00e1gina al correo o en el bot\u00f3n cotizar.<\/span><\/p>\n<p>&nbsp;<\/p>\n","protected":false},"featured_media":6630,"comment_status":"closed","ping_status":"closed","template":"","meta":[],"product_brand":[],"product_cat":[85],"product_tag":[],"class_list":{"0":"post-6629","1":"product","2":"type-product","3":"status-publish","4":"has-post-thumbnail","6":"product_cat-gorros-y-bandanas","7":"thunk-woo-product-list","8":"opn-qv-enable","9":"top-store-woo-hover-zoom","10":"top-store-single-product-tab-horizontal","11":"top-store-shadow-","12":"top-store-shadow-hover-","14":"first","15":"instock","16":"taxable","17":"shipping-taxable","18":"purchasable","19":"product-type-simple"},"_links":{"self":[{"href":"https:\/\/www.vxmventaspormayor.cl\/vxm\/wp-json\/wp\/v2\/product\/6629","targetHints":{"allow":["GET"]}}],"collection":[{"href":"https:\/\/www.vxmventaspormayor.cl\/vxm\/wp-json\/wp\/v2\/product"}],"about":[{"href":"https:\/\/www.vxmventaspormayor.cl\/vxm\/wp-json\/wp\/v2\/types\/product"}],"replies":[{"embeddable":true,"href":"https:\/\/www.vxmventaspormayor.cl\/vxm\/wp-json\/wp\/v2\/comments?post=6629"}],"wp:featuredmedia":[{"embeddable":true,"href":"https:\/\/www.vxmventaspormayor.cl\/vxm\/wp-json\/wp\/v2\/media\/6630"}],"wp:attachment":[{"href":"https:\/\/www.vxmventaspormayor.cl\/vxm\/wp-json\/wp\/v2\/media?parent=6629"}],"wp:term":[{"taxonomy":"product_brand","embeddable":true,"href":"https:\/\/www.vxmventaspormayor.cl\/vxm\/wp-json\/wp\/v2\/product_brand?post=6629"},{"taxonomy":"product_cat","embeddable":true,"href":"https:\/\/www.vxmventaspormayor.cl\/vxm\/wp-json\/wp\/v2\/product_cat?post=6629"},{"taxonomy":"product_tag","embeddable":true,"href":"https:\/\/www.vxmventaspormayor.cl\/vxm\/wp-json\/wp\/v2\/product_tag?post=6629"}],"curies":[{"name":"wp","href":"https:\/\/api.w.org\/{rel}","templated":true}]}}