{"id":6621,"date":"2022-08-01T00:43:11","date_gmt":"2022-08-01T00:43:11","guid":{"rendered":"https:\/\/vxmventaspormayor.cl\/vxm\/?post_type=product&#038;p=6621"},"modified":"2022-09-11T21:52:55","modified_gmt":"2022-09-11T21:52:55","slug":"polera-deportiva-hombre-2","status":"publish","type":"product","link":"https:\/\/www.vxmventaspormayor.cl\/vxm\/producto\/polera-deportiva-hombre-2\/","title":{"rendered":"Polera deportiva hombre"},"content":{"rendered":"<h3>Polera deportiva hombre<\/h3>\n<h2><b>Mayoristas<\/b><\/h2>\n<p><span style=\"font-weight: 400;\">Para consultar valores mayoristas de poleras deportivas para hombre y mujer ,comprar poleras deportivas corporativas Chile,precio de poleras deportivas para empresas con logo , poleras deportivas personalizadas y cotizar bordados escr\u00edbenos a nuestro whatsapp que est\u00e1 al inicio de la p\u00e1gina al correo o en el bot\u00f3n cotizar.<\/span><\/p>\n","protected":false},"excerpt":{"rendered":"<h3>Polera deportiva hombre<\/h3>\n<h3>Venta minima 10 unidades<\/h3>\n<p>Fina Polera deportiva 100% poli\u00e9ster de 140gr\/m2,<\/p>\n<p>Cuello en \u00abV\u00bb, manga corta. Ideal para uso en f\u00fatbol, futsal, baby, v\u00f3leibol. Presentaci\u00f3n individual en bolsa de polipropileno transparente.<\/p>\n<p>Talla XS-S-M-L-XL-XXL<\/p>\n<h2><span style=\"font-size: 12pt;\"><strong>Colores Blanco,Azulino,Rojo,naranjo,Amarillo,Verde<\/strong><\/span><\/h2>\n<p>&nbsp;<\/p>\n<h2><b>Mayoristas<\/b><\/h2>\n<p><span style=\"font-weight: 400;\">Para consultar valores mayoristas de poleras deportivas para hombre y mujer ,comprar poleras deportivas corporativas Chile,precio de poleras deportivas para empresas con logo , poleras deportivas personalizadas y cotizar bordados escr\u00edbenos a nuestro whatsapp que est\u00e1 al inicio de la p\u00e1gina al correo o en el bot\u00f3n cotizar.<\/span><\/p>\n<p>&nbsp;<\/p>\n<p>&nbsp;<\/p>\n<p>&nbsp;<\/p>\n","protected":false},"featured_media":6622,"comment_status":"closed","ping_status":"closed","template":"","meta":[],"product_brand":[],"product_cat":[26,94,87],"product_tag":[],"class_list":{"0":"post-6621","1":"product","2":"type-product","3":"status-publish","4":"has-post-thumbnail","6":"product_cat-merchandising-y-regalos-corporativos","7":"product_cat-deportes","8":"product_cat-poleras-por-mayor","9":"thunk-woo-product-list","10":"opn-qv-enable","11":"top-store-woo-hover-zoom","12":"top-store-single-product-tab-horizontal","13":"top-store-shadow-","14":"top-store-shadow-hover-","16":"first","17":"instock","18":"sale","19":"taxable","20":"shipping-taxable","21":"purchasable","22":"product-type-simple"},"_links":{"self":[{"href":"https:\/\/www.vxmventaspormayor.cl\/vxm\/wp-json\/wp\/v2\/product\/6621","targetHints":{"allow":["GET"]}}],"collection":[{"href":"https:\/\/www.vxmventaspormayor.cl\/vxm\/wp-json\/wp\/v2\/product"}],"about":[{"href":"https:\/\/www.vxmventaspormayor.cl\/vxm\/wp-json\/wp\/v2\/types\/product"}],"replies":[{"embeddable":true,"href":"https:\/\/www.vxmventaspormayor.cl\/vxm\/wp-json\/wp\/v2\/comments?post=6621"}],"wp:featuredmedia":[{"embeddable":true,"href":"https:\/\/www.vxmventaspormayor.cl\/vxm\/wp-json\/wp\/v2\/media\/6622"}],"wp:attachment":[{"href":"https:\/\/www.vxmventaspormayor.cl\/vxm\/wp-json\/wp\/v2\/media?parent=6621"}],"wp:term":[{"taxonomy":"product_brand","embeddable":true,"href":"https:\/\/www.vxmventaspormayor.cl\/vxm\/wp-json\/wp\/v2\/product_brand?post=6621"},{"taxonomy":"product_cat","embeddable":true,"href":"https:\/\/www.vxmventaspormayor.cl\/vxm\/wp-json\/wp\/v2\/product_cat?post=6621"},{"taxonomy":"product_tag","embeddable":true,"href":"https:\/\/www.vxmventaspormayor.cl\/vxm\/wp-json\/wp\/v2\/product_tag?post=6621"}],"curies":[{"name":"wp","href":"https:\/\/api.w.org\/{rel}","templated":true}]}}