{"id":6614,"date":"2022-08-01T00:29:51","date_gmt":"2022-08-01T00:29:51","guid":{"rendered":"https:\/\/vxmventaspormayor.cl\/vxm\/?post_type=product&#038;p=6614"},"modified":"2022-09-11T21:47:59","modified_gmt":"2022-09-11T21:47:59","slug":"polera-deportiva-hombre","status":"publish","type":"product","link":"https:\/\/www.vxmventaspormayor.cl\/vxm\/producto\/polera-deportiva-hombre\/","title":{"rendered":"Polera Deportiva Hombre y mujer"},"content":{"rendered":"<h3>Ropa Deportiva Hombre y mujer<\/h3>\n<p>&nbsp;<\/p>\n<h2><b>Mayoristas<\/b><\/h2>\n<p><span style=\"font-weight: 400;\">Para consultar valores mayoristas de poleras deportivas por mayor ,poleras deportivas corporativas Chile ,comprar poleras deportivas para empresas con logo , poleras deportivas personalizadas y cotizar bordados escr\u00edbenos a nuestro whatsapp que est\u00e1 al inicio de la p\u00e1gina al correo o en el bot\u00f3n cotizar.<\/span><\/p>\n","protected":false},"excerpt":{"rendered":"<h3>Ropa Deportiva Hombre y mujer<\/h3>\n<h3>Venta minima 10 unidades<\/h3>\n<p>Fina Polera deportiva 100% poli\u00e9ster de 140gr\/m2, para Hombre ,<\/p>\n<p>Cuello polo, manga corta. Ideal para uso en tenis y deportes indoor.<\/p>\n<p>Presentaci\u00f3n individual en bolsa de polipropileno transparente.<\/p>\n<p>Talla XS-S-M-L-XL-XXL<\/p>\n<h2><b>Mayoristas<\/b><\/h2>\n<p><span style=\"font-weight: 400;\">Para consultar valores mayoristas de poleras deportivas por mayor ,poleras deportivas corporativas Chile ,comprar poleras deportivas para empresas con logo , poleras deportivas personalizadas y cotizar bordados escr\u00edbenos a nuestro whatsapp que est\u00e1 al inicio de la p\u00e1gina al correo o en el bot\u00f3n cotizar.<\/span><\/p>\n<p>&nbsp;<\/p>\n","protected":false},"featured_media":6616,"comment_status":"closed","ping_status":"closed","template":"","meta":[],"product_brand":[],"product_cat":[87,94],"product_tag":[],"class_list":{"0":"post-6614","1":"product","2":"type-product","3":"status-publish","4":"has-post-thumbnail","6":"product_cat-poleras-por-mayor","7":"product_cat-deportes","8":"thunk-woo-product-list","9":"opn-qv-enable","10":"top-store-woo-hover-zoom","11":"top-store-single-product-tab-horizontal","12":"top-store-shadow-","13":"top-store-shadow-hover-","15":"first","16":"instock","17":"taxable","18":"shipping-taxable","19":"purchasable","20":"product-type-simple"},"_links":{"self":[{"href":"https:\/\/www.vxmventaspormayor.cl\/vxm\/wp-json\/wp\/v2\/product\/6614","targetHints":{"allow":["GET"]}}],"collection":[{"href":"https:\/\/www.vxmventaspormayor.cl\/vxm\/wp-json\/wp\/v2\/product"}],"about":[{"href":"https:\/\/www.vxmventaspormayor.cl\/vxm\/wp-json\/wp\/v2\/types\/product"}],"replies":[{"embeddable":true,"href":"https:\/\/www.vxmventaspormayor.cl\/vxm\/wp-json\/wp\/v2\/comments?post=6614"}],"wp:featuredmedia":[{"embeddable":true,"href":"https:\/\/www.vxmventaspormayor.cl\/vxm\/wp-json\/wp\/v2\/media\/6616"}],"wp:attachment":[{"href":"https:\/\/www.vxmventaspormayor.cl\/vxm\/wp-json\/wp\/v2\/media?parent=6614"}],"wp:term":[{"taxonomy":"product_brand","embeddable":true,"href":"https:\/\/www.vxmventaspormayor.cl\/vxm\/wp-json\/wp\/v2\/product_brand?post=6614"},{"taxonomy":"product_cat","embeddable":true,"href":"https:\/\/www.vxmventaspormayor.cl\/vxm\/wp-json\/wp\/v2\/product_cat?post=6614"},{"taxonomy":"product_tag","embeddable":true,"href":"https:\/\/www.vxmventaspormayor.cl\/vxm\/wp-json\/wp\/v2\/product_tag?post=6614"}],"curies":[{"name":"wp","href":"https:\/\/api.w.org\/{rel}","templated":true}]}}