{"id":6540,"date":"2022-07-26T02:03:23","date_gmt":"2022-07-26T02:03:23","guid":{"rendered":"https:\/\/vxmventaspormayor.cl\/vxm\/?post_type=product&#038;p=6540"},"modified":"2022-10-12T00:46:51","modified_gmt":"2022-10-12T00:46:51","slug":"coffee-mug-para-hombre-para-mujer-personalizados-coffee-mug-por-mayor","status":"publish","type":"product","link":"https:\/\/www.vxmventaspormayor.cl\/vxm\/producto\/coffee-mug-para-hombre-para-mujer-personalizados-coffee-mug-por-mayor\/","title":{"rendered":"Coffee mug, para hombre ,para mujer, personalizados ,coffee mug por mayor"},"content":{"rendered":"<h3>Coffee Mug Slim 250 cc<\/h3>\n<p>Mini-taz\u00f3n para caf\u00e9 modelo \u00abTritan\u00bb de Acero inoxidable doble pared aislante, cuerpo exterior color. Tapa de pl\u00e1stico PP negro con dosificador m\u00f3vil.<\/p>\n<p><span style=\"font-weight: 400;\">Para cotizar coffee mug por mayor, coffee mug personalizados, coffee mug personalizados para empresas, coffee mug chile, coffee mug para hombre, coffee mug para mujer, coffee mug para regalos corporativos, comprar coffee mug por mayor personalizados escr\u00edbenos al correo o whatsapp o en bot\u00f3n solicitar cotizaci\u00f3n<\/span><\/p>\n","protected":false},"excerpt":{"rendered":"<h2>Coffee Mug Slim 250 cc<\/h2>\n<p>Venta minima 30 unidades<\/p>\n<p>Si quiere cotizar menos cantidad o mas cantidad de coffee mug escribenos.<\/p>\n<p>Mini-taz\u00f3n para caf\u00e9 modelo \u00abTritan\u00bb de Acero inoxidable doble pared aislante, cuerpo exterior color. Tapa de pl\u00e1stico PP negro con dosificador m\u00f3vil.<\/p>\n<p>Coffee mug se puede personalizar con logo o dedicatorias personalizadas con costo extra de logo.<\/p>\n","protected":false},"featured_media":6541,"comment_status":"closed","ping_status":"closed","template":"","meta":[],"product_brand":[],"product_cat":[72],"product_tag":[],"class_list":{"0":"post-6540","1":"product","2":"type-product","3":"status-publish","4":"has-post-thumbnail","6":"product_cat-mug-y-botellas","7":"thunk-woo-product-list","8":"opn-qv-enable","9":"top-store-woo-hover-zoom","10":"top-store-single-product-tab-horizontal","11":"top-store-shadow-","12":"top-store-shadow-hover-","14":"first","15":"instock","16":"sale","17":"taxable","18":"shipping-taxable","19":"purchasable","20":"product-type-simple"},"_links":{"self":[{"href":"https:\/\/www.vxmventaspormayor.cl\/vxm\/wp-json\/wp\/v2\/product\/6540","targetHints":{"allow":["GET"]}}],"collection":[{"href":"https:\/\/www.vxmventaspormayor.cl\/vxm\/wp-json\/wp\/v2\/product"}],"about":[{"href":"https:\/\/www.vxmventaspormayor.cl\/vxm\/wp-json\/wp\/v2\/types\/product"}],"replies":[{"embeddable":true,"href":"https:\/\/www.vxmventaspormayor.cl\/vxm\/wp-json\/wp\/v2\/comments?post=6540"}],"wp:featuredmedia":[{"embeddable":true,"href":"https:\/\/www.vxmventaspormayor.cl\/vxm\/wp-json\/wp\/v2\/media\/6541"}],"wp:attachment":[{"href":"https:\/\/www.vxmventaspormayor.cl\/vxm\/wp-json\/wp\/v2\/media?parent=6540"}],"wp:term":[{"taxonomy":"product_brand","embeddable":true,"href":"https:\/\/www.vxmventaspormayor.cl\/vxm\/wp-json\/wp\/v2\/product_brand?post=6540"},{"taxonomy":"product_cat","embeddable":true,"href":"https:\/\/www.vxmventaspormayor.cl\/vxm\/wp-json\/wp\/v2\/product_cat?post=6540"},{"taxonomy":"product_tag","embeddable":true,"href":"https:\/\/www.vxmventaspormayor.cl\/vxm\/wp-json\/wp\/v2\/product_tag?post=6540"}],"curies":[{"name":"wp","href":"https:\/\/api.w.org\/{rel}","templated":true}]}}