{"id":6538,"date":"2022-07-26T01:51:06","date_gmt":"2022-07-26T01:51:06","guid":{"rendered":"https:\/\/vxmventaspormayor.cl\/vxm\/?post_type=product&#038;p=6538"},"modified":"2022-10-12T00:35:03","modified_gmt":"2022-10-12T00:35:03","slug":"frutty-sport-bottle","status":"publish","type":"product","link":"https:\/\/www.vxmventaspormayor.cl\/vxm\/producto\/frutty-sport-bottle\/","title":{"rendered":"Frutty Sport Bottle-botella para frutas"},"content":{"rendered":"<h2>Frutty Sport Bottle 700cc<\/h2>\n<p>Botella de 700cc, con tapa deportiva twist-off de PP con asa y boquilla plegable. S\u00f3lo para l\u00edquidos fr\u00edos o tibios. Contiene un pr\u00e1ctico filtro interior, Frutty sport Bottle sirve y es ideal para rellenar con frutas, hojas, semillas, yerba mate o t\u00e9, para disfrutar de un exquisita agua saborizada. Material pl\u00e1stico Trit\u00e1n transl\u00facido de alto brillo, libre de BPA. Presentaci\u00f3n en caja de regalo de cartulina blanca + bolsa de polipropileno transparente.<\/p>\n<p>&nbsp;<\/p>\n<p>&nbsp;<\/p>\n<p><span style=\"font-weight: 400;\">Para cotizar Frutty sport bottle por mayor, Frutty sport bottle personalizados ,Frutty sport bottle personalizados para empresas, Frutty sport bottle chile, Frutty sport bottle agua para hombre, Frutty sport bottle para mujer, Frutty sport bottle para ni\u00f1os,escr\u00edbenos al correo o whatsapp o en bot\u00f3n solicitar cotizaci\u00f3n<\/span><\/p>\n","protected":false},"excerpt":{"rendered":"<h2>Frutty Sport Bottle 700cc<\/h2>\n<p>Venta minima 30 unidades<\/p>\n<p>Si quiere comprar menos o m\u00e1s cantidad puede cotizar al whatsapp o email.<\/p>\n<p>Botella de 700cc, con tapa deportiva twist-off de PP con asa y boquilla plegable. S\u00f3lo para l\u00edquidos fr\u00edos o tibios. Contiene un pr\u00e1ctico filtro interior, Frutty sport Bottle sirve y es ideal para rellenar con frutas, hojas, semillas, yerba mate o t\u00e9, para disfrutar de un exquisita agua saborizada. Material pl\u00e1stico Trit\u00e1n transl\u00facido de alto brillo, libre de BPA. Presentaci\u00f3n en caja de regalo de cartulina blanca + bolsa de polipropileno transparente.<\/p>\n","protected":false},"featured_media":6539,"comment_status":"closed","ping_status":"closed","template":"","meta":[],"product_brand":[],"product_cat":[72],"product_tag":[],"class_list":{"0":"post-6538","1":"product","2":"type-product","3":"status-publish","4":"has-post-thumbnail","6":"product_cat-mug-y-botellas","7":"thunk-woo-product-list","8":"opn-qv-enable","9":"top-store-woo-hover-zoom","10":"top-store-single-product-tab-horizontal","11":"top-store-shadow-","12":"top-store-shadow-hover-","14":"first","15":"instock","16":"sale","17":"taxable","18":"shipping-taxable","19":"purchasable","20":"product-type-simple"},"_links":{"self":[{"href":"https:\/\/www.vxmventaspormayor.cl\/vxm\/wp-json\/wp\/v2\/product\/6538","targetHints":{"allow":["GET"]}}],"collection":[{"href":"https:\/\/www.vxmventaspormayor.cl\/vxm\/wp-json\/wp\/v2\/product"}],"about":[{"href":"https:\/\/www.vxmventaspormayor.cl\/vxm\/wp-json\/wp\/v2\/types\/product"}],"replies":[{"embeddable":true,"href":"https:\/\/www.vxmventaspormayor.cl\/vxm\/wp-json\/wp\/v2\/comments?post=6538"}],"wp:featuredmedia":[{"embeddable":true,"href":"https:\/\/www.vxmventaspormayor.cl\/vxm\/wp-json\/wp\/v2\/media\/6539"}],"wp:attachment":[{"href":"https:\/\/www.vxmventaspormayor.cl\/vxm\/wp-json\/wp\/v2\/media?parent=6538"}],"wp:term":[{"taxonomy":"product_brand","embeddable":true,"href":"https:\/\/www.vxmventaspormayor.cl\/vxm\/wp-json\/wp\/v2\/product_brand?post=6538"},{"taxonomy":"product_cat","embeddable":true,"href":"https:\/\/www.vxmventaspormayor.cl\/vxm\/wp-json\/wp\/v2\/product_cat?post=6538"},{"taxonomy":"product_tag","embeddable":true,"href":"https:\/\/www.vxmventaspormayor.cl\/vxm\/wp-json\/wp\/v2\/product_tag?post=6538"}],"curies":[{"name":"wp","href":"https:\/\/api.w.org\/{rel}","templated":true}]}}