{"id":6536,"date":"2022-07-26T01:41:09","date_gmt":"2022-07-26T01:41:09","guid":{"rendered":"https:\/\/vxmventaspormayor.cl\/vxm\/?post_type=product&#038;p=6536"},"modified":"2022-10-12T00:41:10","modified_gmt":"2022-10-12T00:41:10","slug":"botella-plastica-de-agua-botella-de-agua-por-mayor","status":"publish","type":"product","link":"https:\/\/www.vxmventaspormayor.cl\/vxm\/producto\/botella-plastica-de-agua-botella-de-agua-por-mayor\/","title":{"rendered":"Botella pl\u00e1stica de agua ,botella de agua por mayor"},"content":{"rendered":"<h2>Botella Pl\u00e1stica 700cc<\/h2>\n<p>Botella Pl\u00e1stica deportiva de 700cc. S\u00f3lo para l\u00edquidos fr\u00edos. Contiene una cintura ideal para la mayor\u00eda de los porta-botellas de bicicletas. Boquilla ajustable de silicona negra, que evita la filtraci\u00f3n de l\u00edquido y entrega mayor duraci\u00f3n de uso. Material pl\u00e1stico reciclado LDPE, libre de BPA. Presentaci\u00f3n en bolsa de polipropileno transparente con orificio para ganchera.<\/p>\n<p>Respecto al anclaje de la tinta en este producto, cuesta lograrlo por el tipo de pl\u00e1stico. Debe realizar prueba con su impresor, antes de comprarlo.<\/p>\n<p><span style=\"font-weight: 400;\">Para cotizar botella pl\u00e1stica para agua por mayor , botella pl\u00e1stica de agua personalizados, botella pl\u00e1stica de agua personalizados para empresas , botella pl\u00e1stica de agua chile, botella pl\u00e1stica de agua para hombre, botella pl\u00e1stica de agua para mujer, botella pl\u00e1stica de agua para ni\u00f1os, botella de agua para empresas, comprar botellas de pl\u00e1stico para agua en VXM escr\u00edbenos al correo o whatsapp o en bot\u00f3n solicitar cotizaci\u00f3n<\/span><\/p>\n","protected":false},"excerpt":{"rendered":"<h2>Botella Pl\u00e1stica 700cc<\/h2>\n<p>Venta minima 30 unidades<\/p>\n<p>Si quiere comprar menos cantidad o mas cantidad de botella plastica escribenos.<\/p>\n<p>Botella Pl\u00e1stica deportiva de 700cc. S\u00f3lo para l\u00edquidos fr\u00edos. Contiene una cintura ideal para la mayor\u00eda de los porta-botellas de bicicletas. Boquilla ajustable de silicona negra, que evita la filtraci\u00f3n de l\u00edquido y entrega mayor duraci\u00f3n de uso. Material pl\u00e1stico reciclado LDPE, libre de BPA. Presentaci\u00f3n en bolsa de polipropileno transparente con orificio para ganchera.<\/p>\n","protected":false},"featured_media":6537,"comment_status":"closed","ping_status":"closed","template":"","meta":[],"product_brand":[],"product_cat":[72],"product_tag":[],"class_list":{"0":"post-6536","1":"product","2":"type-product","3":"status-publish","4":"has-post-thumbnail","6":"product_cat-mug-y-botellas","7":"thunk-woo-product-list","8":"opn-qv-enable","9":"top-store-woo-hover-zoom","10":"top-store-single-product-tab-horizontal","11":"top-store-shadow-","12":"top-store-shadow-hover-","14":"first","15":"instock","16":"sale","17":"taxable","18":"shipping-taxable","19":"purchasable","20":"product-type-simple"},"_links":{"self":[{"href":"https:\/\/www.vxmventaspormayor.cl\/vxm\/wp-json\/wp\/v2\/product\/6536","targetHints":{"allow":["GET"]}}],"collection":[{"href":"https:\/\/www.vxmventaspormayor.cl\/vxm\/wp-json\/wp\/v2\/product"}],"about":[{"href":"https:\/\/www.vxmventaspormayor.cl\/vxm\/wp-json\/wp\/v2\/types\/product"}],"replies":[{"embeddable":true,"href":"https:\/\/www.vxmventaspormayor.cl\/vxm\/wp-json\/wp\/v2\/comments?post=6536"}],"wp:featuredmedia":[{"embeddable":true,"href":"https:\/\/www.vxmventaspormayor.cl\/vxm\/wp-json\/wp\/v2\/media\/6537"}],"wp:attachment":[{"href":"https:\/\/www.vxmventaspormayor.cl\/vxm\/wp-json\/wp\/v2\/media?parent=6536"}],"wp:term":[{"taxonomy":"product_brand","embeddable":true,"href":"https:\/\/www.vxmventaspormayor.cl\/vxm\/wp-json\/wp\/v2\/product_brand?post=6536"},{"taxonomy":"product_cat","embeddable":true,"href":"https:\/\/www.vxmventaspormayor.cl\/vxm\/wp-json\/wp\/v2\/product_cat?post=6536"},{"taxonomy":"product_tag","embeddable":true,"href":"https:\/\/www.vxmventaspormayor.cl\/vxm\/wp-json\/wp\/v2\/product_tag?post=6536"}],"curies":[{"name":"wp","href":"https:\/\/api.w.org\/{rel}","templated":true}]}}