{"id":6531,"date":"2022-07-26T01:19:44","date_gmt":"2022-07-26T01:19:44","guid":{"rendered":"https:\/\/vxmventaspormayor.cl\/vxm\/?post_type=product&#038;p=6531"},"modified":"2022-10-12T00:38:51","modified_gmt":"2022-10-12T00:38:51","slug":"coffee-mug-anggel-personalizados-coffee-mug-personalizados-chile","status":"publish","type":"product","link":"https:\/\/www.vxmventaspormayor.cl\/vxm\/producto\/coffee-mug-anggel-personalizados-coffee-mug-personalizados-chile\/","title":{"rendered":"Coffee mug Anggel, personalizados, coffee mug personalizados Chile"},"content":{"rendered":"<h2>Coffee Mug Anggel PP-FRESH 470cc<\/h2>\n<p>Coffee Mug Anggel grande de 470 ml pl\u00e1stico \u00abPP-FRESH\u00bb, tapa rosca y banda de Acero Inoxidable ideal para imprimir logos. Presentaci\u00f3n en caja de cart\u00f3n plateado.<\/p>\n<p>Vaso NO t\u00e9rmico.<\/p>\n<p><span style=\"font-weight: 400;\">Para cotizar coffee mug por mayor ,coffee mug personalizados, coffee mug personalizados para empresas ,coffee mug chile, coffee mug para hombre, coffee mug para mujer,coffee mug grandes ,escr\u00edbenos al correo o whatsapp o en bot\u00f3n solicitar cotizaci\u00f3n<\/span><\/p>\n","protected":false},"excerpt":{"rendered":"<h2>Coffee Mug Anggel<\/h2>\n<h2>PP-FRESH 470cc<\/h2>\n<p>Venta minima 30 unidades<\/p>\n<p>Si quiere comprar menos cantidad o mas escribenos para cotizar.<\/p>\n<p>&nbsp;<\/p>\n<p>Coffee Mug Anggel grande de 470 ml pl\u00e1stico \u00abPP-FRESH\u00bb, tapa rosca y banda de Acero Inoxidable ideal para imprimir logos. Presentaci\u00f3n en caja de cart\u00f3n plateado.<\/p>\n","protected":false},"featured_media":6532,"comment_status":"closed","ping_status":"closed","template":"","meta":[],"product_brand":[],"product_cat":[72],"product_tag":[],"class_list":{"0":"post-6531","1":"product","2":"type-product","3":"status-publish","4":"has-post-thumbnail","6":"product_cat-mug-y-botellas","7":"thunk-woo-product-list","8":"opn-qv-enable","9":"top-store-woo-hover-zoom","10":"top-store-single-product-tab-horizontal","11":"top-store-shadow-","12":"top-store-shadow-hover-","14":"first","15":"instock","16":"sale","17":"taxable","18":"shipping-taxable","19":"purchasable","20":"product-type-simple"},"_links":{"self":[{"href":"https:\/\/www.vxmventaspormayor.cl\/vxm\/wp-json\/wp\/v2\/product\/6531","targetHints":{"allow":["GET"]}}],"collection":[{"href":"https:\/\/www.vxmventaspormayor.cl\/vxm\/wp-json\/wp\/v2\/product"}],"about":[{"href":"https:\/\/www.vxmventaspormayor.cl\/vxm\/wp-json\/wp\/v2\/types\/product"}],"replies":[{"embeddable":true,"href":"https:\/\/www.vxmventaspormayor.cl\/vxm\/wp-json\/wp\/v2\/comments?post=6531"}],"wp:featuredmedia":[{"embeddable":true,"href":"https:\/\/www.vxmventaspormayor.cl\/vxm\/wp-json\/wp\/v2\/media\/6532"}],"wp:attachment":[{"href":"https:\/\/www.vxmventaspormayor.cl\/vxm\/wp-json\/wp\/v2\/media?parent=6531"}],"wp:term":[{"taxonomy":"product_brand","embeddable":true,"href":"https:\/\/www.vxmventaspormayor.cl\/vxm\/wp-json\/wp\/v2\/product_brand?post=6531"},{"taxonomy":"product_cat","embeddable":true,"href":"https:\/\/www.vxmventaspormayor.cl\/vxm\/wp-json\/wp\/v2\/product_cat?post=6531"},{"taxonomy":"product_tag","embeddable":true,"href":"https:\/\/www.vxmventaspormayor.cl\/vxm\/wp-json\/wp\/v2\/product_tag?post=6531"}],"curies":[{"name":"wp","href":"https:\/\/api.w.org\/{rel}","templated":true}]}}