{"id":6526,"date":"2022-07-26T00:46:45","date_gmt":"2022-07-26T00:46:45","guid":{"rendered":"https:\/\/vxmventaspormayor.cl\/vxm\/?post_type=product&#038;p=6526"},"modified":"2022-07-26T00:47:36","modified_gmt":"2022-07-26T00:47:36","slug":"termo-grand-1-2-litro-termos-para-hombre-termos-para-mujer","status":"publish","type":"product","link":"https:\/\/www.vxmventaspormayor.cl\/vxm\/producto\/termo-grand-1-2-litro-termos-para-hombre-termos-para-mujer\/","title":{"rendered":"Termo Grand 1\/2 Litro, termos para hombre, termos para mujer"},"content":{"rendered":"<h2>Termo Grand 1\/2 Litro<\/h2>\n<p>Termo de 1\/2 litro Grand ,de Acero inoxidable doble pared aislante, cuerpo exterior color.<\/p>\n<p>IMPORTANTE<br \/>\nTermo para l\u00edquidos calientes o fr\u00edos. No llenar con l\u00e1cteos o bebidas gaseosas.<\/p>\n<p>termos personalizados chile<\/p>\n<p><span style=\"font-weight: 400;\">Para cotizar termos por mayor, termos personalizados, termos personalizados para empresas ,termos chile, termos para hombre, termos para mujer ,escr\u00edbenos al correo o whatsapp o en bot\u00f3n solicitar cotizaci\u00f3n<\/span><\/p>\n","protected":false},"excerpt":{"rendered":"<h2>Termo Grand 1\/2 Litro<\/h2>\n","protected":false},"featured_media":6527,"comment_status":"closed","ping_status":"closed","template":"","meta":[],"product_brand":[],"product_cat":[72],"product_tag":[],"class_list":{"0":"post-6526","1":"product","2":"type-product","3":"status-publish","4":"has-post-thumbnail","6":"product_cat-mug-y-botellas","7":"thunk-woo-product-list","8":"opn-qv-enable","9":"top-store-woo-hover-zoom","10":"top-store-single-product-tab-horizontal","11":"top-store-shadow-","12":"top-store-shadow-hover-","14":"first","15":"instock","16":"taxable","17":"shipping-taxable","18":"product-type-simple"},"_links":{"self":[{"href":"https:\/\/www.vxmventaspormayor.cl\/vxm\/wp-json\/wp\/v2\/product\/6526","targetHints":{"allow":["GET"]}}],"collection":[{"href":"https:\/\/www.vxmventaspormayor.cl\/vxm\/wp-json\/wp\/v2\/product"}],"about":[{"href":"https:\/\/www.vxmventaspormayor.cl\/vxm\/wp-json\/wp\/v2\/types\/product"}],"replies":[{"embeddable":true,"href":"https:\/\/www.vxmventaspormayor.cl\/vxm\/wp-json\/wp\/v2\/comments?post=6526"}],"wp:featuredmedia":[{"embeddable":true,"href":"https:\/\/www.vxmventaspormayor.cl\/vxm\/wp-json\/wp\/v2\/media\/6527"}],"wp:attachment":[{"href":"https:\/\/www.vxmventaspormayor.cl\/vxm\/wp-json\/wp\/v2\/media?parent=6526"}],"wp:term":[{"taxonomy":"product_brand","embeddable":true,"href":"https:\/\/www.vxmventaspormayor.cl\/vxm\/wp-json\/wp\/v2\/product_brand?post=6526"},{"taxonomy":"product_cat","embeddable":true,"href":"https:\/\/www.vxmventaspormayor.cl\/vxm\/wp-json\/wp\/v2\/product_cat?post=6526"},{"taxonomy":"product_tag","embeddable":true,"href":"https:\/\/www.vxmventaspormayor.cl\/vxm\/wp-json\/wp\/v2\/product_tag?post=6526"}],"curies":[{"name":"wp","href":"https:\/\/api.w.org\/{rel}","templated":true}]}}