{"id":6245,"date":"2022-06-04T17:25:09","date_gmt":"2022-06-04T17:25:09","guid":{"rendered":"https:\/\/vxmventaspormayor.cl\/vxm\/?post_type=product&#038;p=6245"},"modified":"2022-07-30T21:20:12","modified_gmt":"2022-07-30T21:20:12","slug":"frazadas-de-polar-personalizadas-por-mayor-frazadas-personalizadas-chile","status":"publish","type":"product","link":"https:\/\/www.vxmventaspormayor.cl\/vxm\/producto\/frazadas-de-polar-personalizadas-por-mayor-frazadas-personalizadas-chile\/","title":{"rendered":"Frazadas de polar personalizadas por mayor, frazadas personalizadas chile"},"content":{"rendered":"<h2>Frazada polar 100&#215;1.45<\/h2>\n<p>&nbsp;<\/p>\n<p>Frazadaa de polar ,frazada de polar 100&#215;1.45 terminaci\u00f3n orillada overlock con presentaci\u00f3n cinta raso de 1,5 cms de anch0<\/p>\n<p>Frazadas de polar personalizadas con logo corporativo .<\/p>\n<p>Disponible en 10 colores<\/p>\n<h2><b>Mayoristas<\/b><\/h2>\n<p><span style=\"font-weight: 400;\">Consultar por whatsapp por otros tramos de valores ,stock de colores antes a nuestro whatsapp +56996569117\u00a0 o correo contacto@vxmventaspormayor.cl<\/span><\/p>\n<p><span style=\"font-weight: 400;\">Para consultar valores mayoristas de manta polar por mayor,venta de frazadas polar personalizadas para empresas,frazadas y mantas con logo por mayor ,comprar frazadas publicitarias y cotizar bordados escr\u00edbenos a nuestro whatsapp que est\u00e1 al inicio de la p\u00e1gina al correo o en el bot\u00f3n cotizar.<\/span><\/p>\n<p>&nbsp;<\/p>\n<p>&nbsp;<\/p>\n","protected":false},"excerpt":{"rendered":"<h2>Frazada polar 100&#215;1.45<\/h2>\n<p>Frazada polar termionaci\u00f3n orillado overlock<\/p>\n<p>Venta minima 6 unidades<\/p>\n<p>disponibles en 10 colores<\/p>\n<p>Se recomienda consultar colores .<\/p>\n<p>&nbsp;<\/p>\n<h2><b>Mayoristas<\/b><\/h2>\n<p><span style=\"font-weight: 400;\">Consultar por whatsapp por otros tramos de valores ,stock de colores antes a nuestro whatsapp +56996569117\u00a0 o correo contacto@vxmventaspormayor.cl<\/span><\/p>\n<p><span style=\"font-weight: 400;\">Para consultar valores mayoristas de manta polar por mayor,venta de frazadas polar personalizadas para empresas,frazadas y mantas con logo por mayor ,comprar frazadas publicitarias y cotizar bordados escr\u00edbenos a nuestro whatsapp que est\u00e1 al inicio de la p\u00e1gina al correo o en el bot\u00f3n cotizar.<\/span><\/p>\n<p>&nbsp;<\/p>\n","protected":false},"featured_media":6247,"comment_status":"closed","ping_status":"closed","template":"","meta":[],"product_brand":[],"product_cat":[32,55],"product_tag":[],"class_list":{"0":"post-6245","1":"product","2":"type-product","3":"status-publish","4":"has-post-thumbnail","6":"product_cat-frazadas-de-polar","7":"product_cat-frazadas-de-viaje","8":"thunk-woo-product-list","9":"opn-qv-enable","10":"top-store-woo-hover-zoom","11":"top-store-single-product-tab-horizontal","12":"top-store-shadow-","13":"top-store-shadow-hover-","15":"first","16":"instock","17":"taxable","18":"shipping-taxable","19":"purchasable","20":"product-type-simple"},"_links":{"self":[{"href":"https:\/\/www.vxmventaspormayor.cl\/vxm\/wp-json\/wp\/v2\/product\/6245","targetHints":{"allow":["GET"]}}],"collection":[{"href":"https:\/\/www.vxmventaspormayor.cl\/vxm\/wp-json\/wp\/v2\/product"}],"about":[{"href":"https:\/\/www.vxmventaspormayor.cl\/vxm\/wp-json\/wp\/v2\/types\/product"}],"replies":[{"embeddable":true,"href":"https:\/\/www.vxmventaspormayor.cl\/vxm\/wp-json\/wp\/v2\/comments?post=6245"}],"wp:featuredmedia":[{"embeddable":true,"href":"https:\/\/www.vxmventaspormayor.cl\/vxm\/wp-json\/wp\/v2\/media\/6247"}],"wp:attachment":[{"href":"https:\/\/www.vxmventaspormayor.cl\/vxm\/wp-json\/wp\/v2\/media?parent=6245"}],"wp:term":[{"taxonomy":"product_brand","embeddable":true,"href":"https:\/\/www.vxmventaspormayor.cl\/vxm\/wp-json\/wp\/v2\/product_brand?post=6245"},{"taxonomy":"product_cat","embeddable":true,"href":"https:\/\/www.vxmventaspormayor.cl\/vxm\/wp-json\/wp\/v2\/product_cat?post=6245"},{"taxonomy":"product_tag","embeddable":true,"href":"https:\/\/www.vxmventaspormayor.cl\/vxm\/wp-json\/wp\/v2\/product_tag?post=6245"}],"curies":[{"name":"wp","href":"https:\/\/api.w.org\/{rel}","templated":true}]}}