{"id":6239,"date":"2022-06-01T21:40:38","date_gmt":"2022-06-01T21:40:38","guid":{"rendered":"https:\/\/vxmventaspormayor.cl\/vxm\/?post_type=product&#038;p=6239"},"modified":"2022-06-01T21:44:10","modified_gmt":"2022-06-01T21:44:10","slug":"delantal-con-3-bolsillos-repelente-de-liquidos-para-peluquerias-laboratorios-jardinerias","status":"publish","type":"product","link":"https:\/\/www.vxmventaspormayor.cl\/vxm\/producto\/delantal-con-3-bolsillos-repelente-de-liquidos-para-peluquerias-laboratorios-jardinerias\/","title":{"rendered":"Mandil corto con 3 bolsillos repelente de l\u00edquidos para peluquer\u00edas, laboratorios, jardiner\u00edas"},"content":{"rendered":"","protected":false},"excerpt":{"rendered":"<p>Delantal corto de 30&#215;65 de ancho ,ideal para peluquer\u00edas, jardiner\u00edas ,laboratorios, fabricado en material repelente de l\u00edquidos impedir\u00e1 el paso de l\u00edquidos a tu ropa .<\/p>\n<p>Disponible en 8 colores para que puedas elegir ,blanco, negro, gris, azul ,rojo.<\/p>\n<h3>Mayoristas, Escr\u00edbenos a nuestro whatsapp o correo para cotizar delantal 3 bolsillos, delantal corto con 3 bolsillos, delantal impermeables contacto@vxmventaspormayor.cl<\/h3>\n<p>&nbsp;<\/p>\n","protected":false},"featured_media":6240,"comment_status":"closed","ping_status":"closed","template":"","meta":[],"product_brand":[],"product_cat":[49,75],"product_tag":[],"class_list":{"0":"post-6239","1":"product","2":"type-product","3":"status-publish","4":"has-post-thumbnail","6":"product_cat-mandiles-de-cocina","7":"product_cat-peluquerias","8":"thunk-woo-product-list","9":"opn-qv-enable","10":"top-store-woo-hover-zoom","11":"top-store-single-product-tab-horizontal","12":"top-store-shadow-","13":"top-store-shadow-hover-","15":"first","16":"instock","17":"taxable","18":"shipping-taxable","19":"product-type-simple"},"_links":{"self":[{"href":"https:\/\/www.vxmventaspormayor.cl\/vxm\/wp-json\/wp\/v2\/product\/6239","targetHints":{"allow":["GET"]}}],"collection":[{"href":"https:\/\/www.vxmventaspormayor.cl\/vxm\/wp-json\/wp\/v2\/product"}],"about":[{"href":"https:\/\/www.vxmventaspormayor.cl\/vxm\/wp-json\/wp\/v2\/types\/product"}],"replies":[{"embeddable":true,"href":"https:\/\/www.vxmventaspormayor.cl\/vxm\/wp-json\/wp\/v2\/comments?post=6239"}],"wp:featuredmedia":[{"embeddable":true,"href":"https:\/\/www.vxmventaspormayor.cl\/vxm\/wp-json\/wp\/v2\/media\/6240"}],"wp:attachment":[{"href":"https:\/\/www.vxmventaspormayor.cl\/vxm\/wp-json\/wp\/v2\/media?parent=6239"}],"wp:term":[{"taxonomy":"product_brand","embeddable":true,"href":"https:\/\/www.vxmventaspormayor.cl\/vxm\/wp-json\/wp\/v2\/product_brand?post=6239"},{"taxonomy":"product_cat","embeddable":true,"href":"https:\/\/www.vxmventaspormayor.cl\/vxm\/wp-json\/wp\/v2\/product_cat?post=6239"},{"taxonomy":"product_tag","embeddable":true,"href":"https:\/\/www.vxmventaspormayor.cl\/vxm\/wp-json\/wp\/v2\/product_tag?post=6239"}],"curies":[{"name":"wp","href":"https:\/\/api.w.org\/{rel}","templated":true}]}}