{"id":6225,"date":"2022-06-01T16:09:38","date_gmt":"2022-06-01T16:09:38","guid":{"rendered":"https:\/\/vxmventaspormayor.cl\/vxm\/?post_type=product&#038;p=6225"},"modified":"2022-06-01T19:11:08","modified_gmt":"2022-06-01T19:11:08","slug":"manta-de-picnic-impermeable-comprar-manta-de-picnic","status":"publish","type":"product","link":"https:\/\/www.vxmventaspormayor.cl\/vxm\/producto\/manta-de-picnic-impermeable-comprar-manta-de-picnic\/","title":{"rendered":"Manta de picnic impermeable ,comprar manta de picnic"},"content":{"rendered":"","protected":false},"excerpt":{"rendered":"<p>Manta de picnic impermeable ,estampadas ,medida 100&#215;1.45 aprox f\u00e1cil de lavar ,se puede limpiar con un pa\u00f1o y es de secado r\u00e1pido,<\/p>\n<p>cuenta con arn\u00e9s para traslado para llevar a todo lugar ,para picnic, para que jueguen los ni\u00f1os ,para trasladar mascotas, como protector, manta picnic para la playa ,el pasto ,para donde la quieras llevar se lava y limpia r\u00e1pidamente .<\/p>\n<p>Venta m\u00ednima 1 unidad<\/p>\n<p>&nbsp;<\/p>\n<h2>Mayoristas<\/h2>\n<p>Escr\u00edbenos a nuestro whatsapp o correo para cotizar valores mayoristas de mantas de picnic impermeables, mantas de picnic personalizadas contacto@vxmventaspormayor.cl<\/p>\n<p>&nbsp;<\/p>\n","protected":false},"featured_media":6226,"comment_status":"closed","ping_status":"closed","template":"","meta":[],"product_brand":[],"product_cat":[61],"product_tag":[],"class_list":{"0":"post-6225","1":"product","2":"type-product","3":"status-publish","4":"has-post-thumbnail","6":"product_cat-regalos-verano","7":"thunk-woo-product-list","8":"opn-qv-enable","9":"top-store-woo-hover-zoom","10":"top-store-single-product-tab-horizontal","11":"top-store-shadow-","12":"top-store-shadow-hover-","14":"first","15":"instock","16":"taxable","17":"shipping-taxable","18":"purchasable","19":"product-type-simple"},"_links":{"self":[{"href":"https:\/\/www.vxmventaspormayor.cl\/vxm\/wp-json\/wp\/v2\/product\/6225","targetHints":{"allow":["GET"]}}],"collection":[{"href":"https:\/\/www.vxmventaspormayor.cl\/vxm\/wp-json\/wp\/v2\/product"}],"about":[{"href":"https:\/\/www.vxmventaspormayor.cl\/vxm\/wp-json\/wp\/v2\/types\/product"}],"replies":[{"embeddable":true,"href":"https:\/\/www.vxmventaspormayor.cl\/vxm\/wp-json\/wp\/v2\/comments?post=6225"}],"wp:featuredmedia":[{"embeddable":true,"href":"https:\/\/www.vxmventaspormayor.cl\/vxm\/wp-json\/wp\/v2\/media\/6226"}],"wp:attachment":[{"href":"https:\/\/www.vxmventaspormayor.cl\/vxm\/wp-json\/wp\/v2\/media?parent=6225"}],"wp:term":[{"taxonomy":"product_brand","embeddable":true,"href":"https:\/\/www.vxmventaspormayor.cl\/vxm\/wp-json\/wp\/v2\/product_brand?post=6225"},{"taxonomy":"product_cat","embeddable":true,"href":"https:\/\/www.vxmventaspormayor.cl\/vxm\/wp-json\/wp\/v2\/product_cat?post=6225"},{"taxonomy":"product_tag","embeddable":true,"href":"https:\/\/www.vxmventaspormayor.cl\/vxm\/wp-json\/wp\/v2\/product_tag?post=6225"}],"curies":[{"name":"wp","href":"https:\/\/api.w.org\/{rel}","templated":true}]}}