{"id":6201,"date":"2022-05-30T23:55:37","date_gmt":"2022-05-30T23:55:37","guid":{"rendered":"https:\/\/vxmventaspormayor.cl\/vxm\/?post_type=product&#038;p=6201"},"modified":"2022-05-30T23:56:35","modified_gmt":"2022-05-30T23:56:35","slug":"manta-de-picnic-gris-manta-de-picnic-impermeable-manta-de-picnic-para-llevar-a-todo-lugar","status":"publish","type":"product","link":"https:\/\/www.vxmventaspormayor.cl\/vxm\/producto\/manta-de-picnic-gris-manta-de-picnic-impermeable-manta-de-picnic-para-llevar-a-todo-lugar\/","title":{"rendered":"Manta de picnic gris, manta de picnic impermeable, manta de picnic para llevar a todo lugar"},"content":{"rendered":"","protected":false},"excerpt":{"rendered":"<p>Manta de picnic material superior impermeable y forro es de f\u00e1cil lavado ,secado r\u00e1pido, f\u00e1cil de trasladar y es multiuso la puedes usar para picnic ,mantas para ni\u00f1os, mantas para mascotas ,mantas impermeables para traslado de mascotas en el auto ,manta impermeable para traslado de cosas que puedan ensuciar el veh\u00edculo, manta impermeable para exterior e interior.<\/p>\n<p>Medida 100&#215;1.45 aprox<\/p>\n<p>El valor cotizado es solo por la manta, el estampado no esta incluido<\/p>\n<p>&nbsp;<\/p>\n<p>Venta m\u00ednima 1 unidad<\/p>\n<p>Se puede personalizar desde 30 unidades con un costo extra ,puede ser estampado en serigrafia o etiquetas de cuero.<\/p>\n<h3><strong>MAYORISTAS<\/strong><\/h3>\n<p>Recuerda cotizar valores mayoristas escr\u00edbenos\u00a0 a nuestro whatsapp o a nuestro correo contacto@vxmventaspormayor.cl<\/p>\n<p>y cotizar mantas de picnic impermeables.<\/p>\n<p>&nbsp;<\/p>\n","protected":false},"featured_media":6202,"comment_status":"closed","ping_status":"closed","template":"","meta":[],"product_brand":[],"product_cat":[61],"product_tag":[],"class_list":{"0":"post-6201","1":"product","2":"type-product","3":"status-publish","4":"has-post-thumbnail","6":"product_cat-regalos-verano","7":"thunk-woo-product-list","8":"opn-qv-enable","9":"top-store-woo-hover-zoom","10":"top-store-single-product-tab-horizontal","11":"top-store-shadow-","12":"top-store-shadow-hover-","14":"first","15":"instock","16":"taxable","17":"shipping-taxable","18":"purchasable","19":"product-type-simple"},"_links":{"self":[{"href":"https:\/\/www.vxmventaspormayor.cl\/vxm\/wp-json\/wp\/v2\/product\/6201","targetHints":{"allow":["GET"]}}],"collection":[{"href":"https:\/\/www.vxmventaspormayor.cl\/vxm\/wp-json\/wp\/v2\/product"}],"about":[{"href":"https:\/\/www.vxmventaspormayor.cl\/vxm\/wp-json\/wp\/v2\/types\/product"}],"replies":[{"embeddable":true,"href":"https:\/\/www.vxmventaspormayor.cl\/vxm\/wp-json\/wp\/v2\/comments?post=6201"}],"wp:featuredmedia":[{"embeddable":true,"href":"https:\/\/www.vxmventaspormayor.cl\/vxm\/wp-json\/wp\/v2\/media\/6202"}],"wp:attachment":[{"href":"https:\/\/www.vxmventaspormayor.cl\/vxm\/wp-json\/wp\/v2\/media?parent=6201"}],"wp:term":[{"taxonomy":"product_brand","embeddable":true,"href":"https:\/\/www.vxmventaspormayor.cl\/vxm\/wp-json\/wp\/v2\/product_brand?post=6201"},{"taxonomy":"product_cat","embeddable":true,"href":"https:\/\/www.vxmventaspormayor.cl\/vxm\/wp-json\/wp\/v2\/product_cat?post=6201"},{"taxonomy":"product_tag","embeddable":true,"href":"https:\/\/www.vxmventaspormayor.cl\/vxm\/wp-json\/wp\/v2\/product_tag?post=6201"}],"curies":[{"name":"wp","href":"https:\/\/api.w.org\/{rel}","templated":true}]}}