{"id":6193,"date":"2022-05-30T23:37:06","date_gmt":"2022-05-30T23:37:06","guid":{"rendered":"https:\/\/vxmventaspormayor.cl\/vxm\/?post_type=product&#038;p=6193"},"modified":"2024-07-20T21:50:54","modified_gmt":"2024-07-20T21:50:54","slug":"mantas-impermeables-de-picnic","status":"publish","type":"product","link":"https:\/\/www.vxmventaspormayor.cl\/vxm\/producto\/mantas-impermeables-de-picnic\/","title":{"rendered":"Mantas impermeables de picnic"},"content":{"rendered":"","protected":false},"excerpt":{"rendered":"<p>Manta de picnic parte superior impermeable ,parte superior forro impide el paso de la humedad y es de r\u00e1pido lavado ,ser lava con la manguera ,no encoje y es de secado r\u00e1pido ,la puedes llevar a todo lugar manta picnic para el parque ,para la piscina, manta de picnic para la playa, manta de picnic para ni\u00f1os, manta de picnic personalizadas para empresas, la puedes usar para trasladar tus mascotas en el auto ,lleva un arn\u00e9s para un f\u00e1cil traslado a todo lugar.<\/p>\n<p>Base negra y parte superior se encuentra disponible en, manta picnic color rojo, manta picnic color rosado, manta picnic color crudo, manta picnic color gris, manta picnic color morado, manta picnic color negro, manta picnic azul rey ,consulta por otros colores,<\/p>\n<p>Medida 100&#215;1.45 aprox<\/p>\n<p>Venta m\u00ednima 1 unidad<\/p>\n<h2><strong>MAYORISTAS<\/strong><\/h2>\n<p>Recuerda cotizar valores mayoristas escr\u00edbenos\u00a0 a nuestro whatsapp o a nuestro correo contacto@vxmventaspormayor.cl<\/p>\n<p>de mantas de picnic por mayor, mantas de picnic personalizadas para empresas<\/p>\n","protected":false},"featured_media":6195,"comment_status":"closed","ping_status":"closed","template":"","meta":[],"product_brand":[],"product_cat":[61],"product_tag":[],"class_list":{"0":"post-6193","1":"product","2":"type-product","3":"status-publish","4":"has-post-thumbnail","6":"product_cat-regalos-verano","7":"thunk-woo-product-list","8":"opn-qv-enable","9":"top-store-woo-hover-zoom","10":"top-store-single-product-tab-horizontal","11":"top-store-shadow-","12":"top-store-shadow-hover-","14":"first","15":"instock","16":"taxable","17":"shipping-taxable","18":"purchasable","19":"product-type-simple"},"_links":{"self":[{"href":"https:\/\/www.vxmventaspormayor.cl\/vxm\/wp-json\/wp\/v2\/product\/6193","targetHints":{"allow":["GET"]}}],"collection":[{"href":"https:\/\/www.vxmventaspormayor.cl\/vxm\/wp-json\/wp\/v2\/product"}],"about":[{"href":"https:\/\/www.vxmventaspormayor.cl\/vxm\/wp-json\/wp\/v2\/types\/product"}],"replies":[{"embeddable":true,"href":"https:\/\/www.vxmventaspormayor.cl\/vxm\/wp-json\/wp\/v2\/comments?post=6193"}],"wp:featuredmedia":[{"embeddable":true,"href":"https:\/\/www.vxmventaspormayor.cl\/vxm\/wp-json\/wp\/v2\/media\/6195"}],"wp:attachment":[{"href":"https:\/\/www.vxmventaspormayor.cl\/vxm\/wp-json\/wp\/v2\/media?parent=6193"}],"wp:term":[{"taxonomy":"product_brand","embeddable":true,"href":"https:\/\/www.vxmventaspormayor.cl\/vxm\/wp-json\/wp\/v2\/product_brand?post=6193"},{"taxonomy":"product_cat","embeddable":true,"href":"https:\/\/www.vxmventaspormayor.cl\/vxm\/wp-json\/wp\/v2\/product_cat?post=6193"},{"taxonomy":"product_tag","embeddable":true,"href":"https:\/\/www.vxmventaspormayor.cl\/vxm\/wp-json\/wp\/v2\/product_tag?post=6193"}],"curies":[{"name":"wp","href":"https:\/\/api.w.org\/{rel}","templated":true}]}}