{"id":6184,"date":"2022-05-28T17:38:00","date_gmt":"2022-05-28T17:38:00","guid":{"rendered":"https:\/\/vxmventaspormayor.cl\/vxm\/?post_type=product&#038;p=6184"},"modified":"2022-09-18T00:03:28","modified_gmt":"2022-09-18T00:03:28","slug":"delantal-impermeable-para-peluquerias-para-hombre-y-mujer","status":"publish","type":"product","link":"https:\/\/www.vxmventaspormayor.cl\/vxm\/producto\/delantal-impermeable-para-peluquerias-para-hombre-y-mujer\/","title":{"rendered":"Delantal impermeable, para hombre y mujer"},"content":{"rendered":"","protected":false},"excerpt":{"rendered":"<p>Delantal raquelado con goma liviano y c\u00f3modo, ligero de llevar ,secado r\u00e1pido ideal para cuidar tu ropa y no mojarte e impide que pasen l\u00edquidos hacia tu ropa.<\/p>\n<p>Modelo lleva un bolsillo en el pecho y un bolsillo frontal con 3 divisiones para que puedas guardar tus accesorios<\/p>\n<p>El valor incluye 1 delantal, los accesorios que est\u00e1n dentro de los bolsillos no est\u00e1n incluidos en el valor.<\/p>\n<p>Venta m\u00ednima 3 unidades<\/p>\n<h3><strong>MAYORISTAS<\/strong><\/h3>\n<p>Recuerda cotizar valores mayoristas de delantal impermeable para peluquer\u00edas, delantal impermeable arte ,delantal laboratorios, delantal para lavar platos escr\u00edbenos\u00a0 a nuestro whatsapp o a nuestro correo contacto@vxmventaspormayor.cl<\/p>\n<p>y cotizar bordados por mayor.<\/p>\n","protected":false},"featured_media":6185,"comment_status":"closed","ping_status":"closed","template":"","meta":[],"product_brand":[],"product_cat":[74,65,75],"product_tag":[],"class_list":{"0":"post-6184","1":"product","2":"type-product","3":"status-publish","4":"has-post-thumbnail","6":"product_cat-productos-personalizados-para-clinicas-veterinarias","7":"product_cat-delantales-de-trabajo","8":"product_cat-peluquerias","9":"thunk-woo-product-list","10":"opn-qv-enable","11":"top-store-woo-hover-zoom","12":"top-store-single-product-tab-horizontal","13":"top-store-shadow-","14":"top-store-shadow-hover-","16":"first","17":"instock","18":"taxable","19":"shipping-taxable","20":"purchasable","21":"product-type-simple"},"_links":{"self":[{"href":"https:\/\/www.vxmventaspormayor.cl\/vxm\/wp-json\/wp\/v2\/product\/6184","targetHints":{"allow":["GET"]}}],"collection":[{"href":"https:\/\/www.vxmventaspormayor.cl\/vxm\/wp-json\/wp\/v2\/product"}],"about":[{"href":"https:\/\/www.vxmventaspormayor.cl\/vxm\/wp-json\/wp\/v2\/types\/product"}],"replies":[{"embeddable":true,"href":"https:\/\/www.vxmventaspormayor.cl\/vxm\/wp-json\/wp\/v2\/comments?post=6184"}],"wp:featuredmedia":[{"embeddable":true,"href":"https:\/\/www.vxmventaspormayor.cl\/vxm\/wp-json\/wp\/v2\/media\/6185"}],"wp:attachment":[{"href":"https:\/\/www.vxmventaspormayor.cl\/vxm\/wp-json\/wp\/v2\/media?parent=6184"}],"wp:term":[{"taxonomy":"product_brand","embeddable":true,"href":"https:\/\/www.vxmventaspormayor.cl\/vxm\/wp-json\/wp\/v2\/product_brand?post=6184"},{"taxonomy":"product_cat","embeddable":true,"href":"https:\/\/www.vxmventaspormayor.cl\/vxm\/wp-json\/wp\/v2\/product_cat?post=6184"},{"taxonomy":"product_tag","embeddable":true,"href":"https:\/\/www.vxmventaspormayor.cl\/vxm\/wp-json\/wp\/v2\/product_tag?post=6184"}],"curies":[{"name":"wp","href":"https:\/\/api.w.org\/{rel}","templated":true}]}}