{"id":6180,"date":"2022-05-28T17:16:18","date_gmt":"2022-05-28T17:16:18","guid":{"rendered":"https:\/\/vxmventaspormayor.cl\/vxm\/?post_type=product&#038;p=6180"},"modified":"2022-05-28T17:26:23","modified_gmt":"2022-05-28T17:26:23","slug":"delantal-impermeable-mujer-delantal-impermeable-hombre","status":"publish","type":"product","link":"https:\/\/www.vxmventaspormayor.cl\/vxm\/producto\/delantal-impermeable-mujer-delantal-impermeable-hombre\/","title":{"rendered":"Delantal impermeable mujer, delantal impermeable hombre"},"content":{"rendered":"","protected":false},"excerpt":{"rendered":"<p>Delantal material con porcentaje de impermeabilidad ya que su goma interior impide el paso del agua ,material raquelado con goma tela liviana y r\u00e1pido de secar ,c\u00f3modo y ligero, es muy \u00fatil para peluquer\u00edas, para tiendas de mascotas, delantal para lavar platos, delantal para aseo, delantal laboratorios, y todo lo que implique que te pueda salpicar agua<\/p>\n<p>Colores Blanco ,verde, azul rey ,negro ,rojo, gris.<\/p>\n<p>Venta m\u00ednima 4 unidades Consultar stock de color<\/p>\n<h3><strong>MAYORISTAS<\/strong><\/h3>\n<p>Recuerda cotizar valores mayoristas escr\u00edbenos\u00a0 a nuestro whatsapp o a nuestro correo contacto@vxmventaspormayor.cl<\/p>\n<p>delantal impermeable laboratorios, delantal impermeable peluquer\u00edas, delantal veterinarias, delantal para lavado de platos<\/p>\n<p>&nbsp;<\/p>\n<p>&nbsp;<\/p>\n<p>&nbsp;<\/p>\n","protected":false},"featured_media":6181,"comment_status":"closed","ping_status":"closed","template":"","meta":[],"product_brand":[],"product_cat":[68,74],"product_tag":[],"class_list":{"0":"post-6180","1":"product","2":"type-product","3":"status-publish","4":"has-post-thumbnail","6":"product_cat-uniformes-y-accesorios-para-restaurantes","7":"product_cat-productos-personalizados-para-clinicas-veterinarias","8":"thunk-woo-product-list","9":"opn-qv-enable","10":"top-store-woo-hover-zoom","11":"top-store-single-product-tab-horizontal","12":"top-store-shadow-","13":"top-store-shadow-hover-","15":"first","16":"instock","17":"taxable","18":"shipping-taxable","19":"purchasable","20":"product-type-simple"},"_links":{"self":[{"href":"https:\/\/www.vxmventaspormayor.cl\/vxm\/wp-json\/wp\/v2\/product\/6180","targetHints":{"allow":["GET"]}}],"collection":[{"href":"https:\/\/www.vxmventaspormayor.cl\/vxm\/wp-json\/wp\/v2\/product"}],"about":[{"href":"https:\/\/www.vxmventaspormayor.cl\/vxm\/wp-json\/wp\/v2\/types\/product"}],"replies":[{"embeddable":true,"href":"https:\/\/www.vxmventaspormayor.cl\/vxm\/wp-json\/wp\/v2\/comments?post=6180"}],"wp:featuredmedia":[{"embeddable":true,"href":"https:\/\/www.vxmventaspormayor.cl\/vxm\/wp-json\/wp\/v2\/media\/6181"}],"wp:attachment":[{"href":"https:\/\/www.vxmventaspormayor.cl\/vxm\/wp-json\/wp\/v2\/media?parent=6180"}],"wp:term":[{"taxonomy":"product_brand","embeddable":true,"href":"https:\/\/www.vxmventaspormayor.cl\/vxm\/wp-json\/wp\/v2\/product_brand?post=6180"},{"taxonomy":"product_cat","embeddable":true,"href":"https:\/\/www.vxmventaspormayor.cl\/vxm\/wp-json\/wp\/v2\/product_cat?post=6180"},{"taxonomy":"product_tag","embeddable":true,"href":"https:\/\/www.vxmventaspormayor.cl\/vxm\/wp-json\/wp\/v2\/product_tag?post=6180"}],"curies":[{"name":"wp","href":"https:\/\/api.w.org\/{rel}","templated":true}]}}