{"id":6035,"date":"2022-05-18T21:28:22","date_gmt":"2022-05-18T21:28:22","guid":{"rendered":"https:\/\/vxmventaspormayor.cl\/vxm\/?post_type=product&#038;p=6035"},"modified":"2022-05-18T21:28:22","modified_gmt":"2022-05-18T21:28:22","slug":"bolsa-para-pintar-bolsa-de-ninos-para-pintar","status":"publish","type":"product","link":"https:\/\/www.vxmventaspormayor.cl\/vxm\/producto\/bolsa-para-pintar-bolsa-de-ninos-para-pintar\/","title":{"rendered":"Bolsa para pintar, bolsa de ni\u00f1os para pintar"},"content":{"rendered":"","protected":false},"excerpt":{"rendered":"<p>Bolsa de tela poli\u00e9ster para pintar para ni\u00f1os .<\/p>\n<p>incluye 5 l\u00e1pices scripto<\/p>\n<p>Venta m\u00ednima 10 unidades<\/p>\n<p>sobre 50 unidades 4999+iva<\/p>\n<h3>Mayoristas Recuerden Ahorrar y escribirnos a nuestro correo y whatsapp<\/h3>\n<p>contacto@vxmventaspormayor.cl para cotizar valores por mayor y logos.<\/p>\n<p>Regalos corporativos, estuches transparentes por mayor, regalos publicitarios por mayor<\/p>\n<p>&nbsp;<\/p>\n","protected":false},"featured_media":4452,"comment_status":"closed","ping_status":"closed","template":"","meta":[],"product_brand":[],"product_cat":[71],"product_tag":[],"class_list":{"0":"post-6035","1":"product","2":"type-product","3":"status-publish","4":"has-post-thumbnail","6":"product_cat-ninos","7":"thunk-woo-product-list","8":"opn-qv-enable","9":"top-store-woo-hover-zoom","10":"top-store-single-product-tab-horizontal","11":"top-store-shadow-","12":"top-store-shadow-hover-","14":"first","15":"instock","16":"taxable","17":"shipping-taxable","18":"purchasable","19":"product-type-simple"},"_links":{"self":[{"href":"https:\/\/www.vxmventaspormayor.cl\/vxm\/wp-json\/wp\/v2\/product\/6035","targetHints":{"allow":["GET"]}}],"collection":[{"href":"https:\/\/www.vxmventaspormayor.cl\/vxm\/wp-json\/wp\/v2\/product"}],"about":[{"href":"https:\/\/www.vxmventaspormayor.cl\/vxm\/wp-json\/wp\/v2\/types\/product"}],"replies":[{"embeddable":true,"href":"https:\/\/www.vxmventaspormayor.cl\/vxm\/wp-json\/wp\/v2\/comments?post=6035"}],"wp:featuredmedia":[{"embeddable":true,"href":"https:\/\/www.vxmventaspormayor.cl\/vxm\/wp-json\/wp\/v2\/media\/4452"}],"wp:attachment":[{"href":"https:\/\/www.vxmventaspormayor.cl\/vxm\/wp-json\/wp\/v2\/media?parent=6035"}],"wp:term":[{"taxonomy":"product_brand","embeddable":true,"href":"https:\/\/www.vxmventaspormayor.cl\/vxm\/wp-json\/wp\/v2\/product_brand?post=6035"},{"taxonomy":"product_cat","embeddable":true,"href":"https:\/\/www.vxmventaspormayor.cl\/vxm\/wp-json\/wp\/v2\/product_cat?post=6035"},{"taxonomy":"product_tag","embeddable":true,"href":"https:\/\/www.vxmventaspormayor.cl\/vxm\/wp-json\/wp\/v2\/product_tag?post=6035"}],"curies":[{"name":"wp","href":"https:\/\/api.w.org\/{rel}","templated":true}]}}