{"id":6029,"date":"2022-05-18T21:01:12","date_gmt":"2022-05-18T21:01:12","guid":{"rendered":"https:\/\/vxmventaspormayor.cl\/vxm\/?post_type=product&#038;p=6029"},"modified":"2022-05-18T21:02:36","modified_gmt":"2022-05-18T21:02:36","slug":"delantal-bicolor-para-ninos-elige-el-tuyo","status":"publish","type":"product","link":"https:\/\/www.vxmventaspormayor.cl\/vxm\/producto\/delantal-bicolor-para-ninos-elige-el-tuyo\/","title":{"rendered":"Delantal bicolor para ni\u00f1os ,elige el tuyo"},"content":{"rendered":"","protected":false},"excerpt":{"rendered":"<p>Delantal para ni\u00f1os y ni\u00f1as se encuentra disponible en las combinaciones que quieras elige la tuya.<\/p>\n<p>Fabricado en tela poli\u00e9ster liviana ,se puede lavar y planchar<\/p>\n<p>tallaje de 4 a 8\u00a0 y de 8 a 12 .<\/p>\n<p>Venta m\u00ednima 10 unidades.<\/p>\n<p>&nbsp;<\/p>\n<h3>Mayoristas Recuerden Ahorrar y escribirnos a nuestro correo y whatsapp<\/h3>\n<p>contacto@vxmventaspormayor.cl para cotizar valores por mayor y logos.<\/p>\n<p>Regalos corporativos, estuches transparentes por mayor, regalos publicitarios por mayor, delantal de ni\u00f1os y ni\u00f1as, delantal para ni\u00f1os<\/p>\n<p>&nbsp;<\/p>\n","protected":false},"featured_media":6030,"comment_status":"closed","ping_status":"closed","template":"","meta":[],"product_brand":[],"product_cat":[71],"product_tag":[],"class_list":{"0":"post-6029","1":"product","2":"type-product","3":"status-publish","4":"has-post-thumbnail","6":"product_cat-ninos","7":"thunk-woo-product-list","8":"opn-qv-enable","9":"top-store-woo-hover-zoom","10":"top-store-single-product-tab-horizontal","11":"top-store-shadow-","12":"top-store-shadow-hover-","14":"first","15":"instock","16":"taxable","17":"shipping-taxable","18":"purchasable","19":"product-type-simple"},"_links":{"self":[{"href":"https:\/\/www.vxmventaspormayor.cl\/vxm\/wp-json\/wp\/v2\/product\/6029","targetHints":{"allow":["GET"]}}],"collection":[{"href":"https:\/\/www.vxmventaspormayor.cl\/vxm\/wp-json\/wp\/v2\/product"}],"about":[{"href":"https:\/\/www.vxmventaspormayor.cl\/vxm\/wp-json\/wp\/v2\/types\/product"}],"replies":[{"embeddable":true,"href":"https:\/\/www.vxmventaspormayor.cl\/vxm\/wp-json\/wp\/v2\/comments?post=6029"}],"wp:featuredmedia":[{"embeddable":true,"href":"https:\/\/www.vxmventaspormayor.cl\/vxm\/wp-json\/wp\/v2\/media\/6030"}],"wp:attachment":[{"href":"https:\/\/www.vxmventaspormayor.cl\/vxm\/wp-json\/wp\/v2\/media?parent=6029"}],"wp:term":[{"taxonomy":"product_brand","embeddable":true,"href":"https:\/\/www.vxmventaspormayor.cl\/vxm\/wp-json\/wp\/v2\/product_brand?post=6029"},{"taxonomy":"product_cat","embeddable":true,"href":"https:\/\/www.vxmventaspormayor.cl\/vxm\/wp-json\/wp\/v2\/product_cat?post=6029"},{"taxonomy":"product_tag","embeddable":true,"href":"https:\/\/www.vxmventaspormayor.cl\/vxm\/wp-json\/wp\/v2\/product_tag?post=6029"}],"curies":[{"name":"wp","href":"https:\/\/api.w.org\/{rel}","templated":true}]}}